{"id":267,"date":"2019-09-05T18:31:25","date_gmt":"2019-09-05T18:31:25","guid":{"rendered":"https:\/\/demo.themeisle.com\/neve-energy-panels\/?page_id=267"},"modified":"2023-05-10T13:28:52","modified_gmt":"2023-05-10T13:28:52","slug":"contacto","status":"publish","type":"page","link":"https:\/\/cstradha.xyz\/sfw\/contacto\/","title":{"rendered":"Contacto"},"content":{"rendered":"\t\t<div data-elementor-type=\"wp-post\" data-elementor-id=\"267\" class=\"elementor elementor-267\">\n\t\t\t\t\t\t<section class=\"elementor-section elementor-top-section elementor-element elementor-element-1ddfab55 elementor-section-height-min-height elementor-section-boxed elementor-section-height-default elementor-section-items-middle\" data-id=\"1ddfab55\" data-element_type=\"section\" data-settings=\"{&quot;background_background&quot;:&quot;classic&quot;}\">\n\t\t\t\t\t\t<div class=\"elementor-container elementor-column-gap-default\">\n\t\t\t\t\t<div class=\"elementor-column elementor-col-100 elementor-top-column elementor-element elementor-element-5ed4e76c\" data-id=\"5ed4e76c\" data-element_type=\"column\">\n\t\t\t<div class=\"elementor-widget-wrap\">\n\t\t\t\t\t\t\t<\/div>\n\t\t<\/div>\n\t\t\t\t\t<\/div>\n\t\t<\/section>\n\t\t\t\t<section class=\"elementor-section elementor-top-section elementor-element elementor-element-20332d1c elementor-section-boxed elementor-section-height-default elementor-section-height-default\" data-id=\"20332d1c\" data-element_type=\"section\" data-settings=\"{&quot;background_background&quot;:&quot;classic&quot;}\">\n\t\t\t\t\t\t<div class=\"elementor-container elementor-column-gap-default\">\n\t\t\t\t\t<div class=\"elementor-column elementor-col-50 elementor-top-column elementor-element elementor-element-4792b36\" data-id=\"4792b36\" data-element_type=\"column\" data-settings=\"{&quot;background_background&quot;:&quot;classic&quot;}\">\n\t\t\t<div class=\"elementor-widget-wrap elementor-element-populated\">\n\t\t\t\t\t\t<div class=\"elementor-element elementor-element-3c88b8ff elementor-widget elementor-widget-heading\" data-id=\"3c88b8ff\" data-element_type=\"widget\" data-widget_type=\"heading.default\">\n\t\t\t\t<div class=\"elementor-widget-container\">\n\t\t\t\t\t<h1 class=\"elementor-heading-title elementor-size-default\">Cont\u00e1ctanos<\/h1>\t\t\t\t<\/div>\n\t\t\t\t<\/div>\n\t\t\t\t<div class=\"elementor-element elementor-element-41e4a648 elementor-widget elementor-widget-text-editor\" data-id=\"41e4a648\" data-element_type=\"widget\" data-widget_type=\"text-editor.default\">\n\t\t\t\t<div class=\"elementor-widget-container\">\n\t\t\t\t\t\t\t\t\t<p>Cont\u00e1ctanos si deseas saber m\u00e1s de nuestros servicios, solicitar una cotizaci\u00f3n\/hacer negociaci\u00f3n, o saber acerca de los puestos de trabajo en nuestra empresa.<\/p>\t\t\t\t\t\t\t\t<\/div>\n\t\t\t\t<\/div>\n\t\t\t\t\t<\/div>\n\t\t<\/div>\n\t\t\t\t<div class=\"elementor-column elementor-col-50 elementor-top-column elementor-element elementor-element-2925bd11\" data-id=\"2925bd11\" data-element_type=\"column\">\n\t\t\t<div class=\"elementor-widget-wrap\">\n\t\t\t\t\t\t\t<\/div>\n\t\t<\/div>\n\t\t\t\t\t<\/div>\n\t\t<\/section>\n\t\t\t\t<section class=\"elementor-section elementor-top-section elementor-element elementor-element-1427eee4 elementor-section-boxed elementor-section-height-default elementor-section-height-default\" data-id=\"1427eee4\" data-element_type=\"section\" data-settings=\"{&quot;background_background&quot;:&quot;classic&quot;}\">\n\t\t\t\t\t\t<div class=\"elementor-container elementor-column-gap-default\">\n\t\t\t\t\t<div class=\"elementor-column elementor-col-100 elementor-top-column elementor-element elementor-element-4a673483\" data-id=\"4a673483\" data-element_type=\"column\">\n\t\t\t<div class=\"elementor-widget-wrap elementor-element-populated\">\n\t\t\t\t\t\t<section class=\"elementor-section elementor-inner-section elementor-element elementor-element-6de5476e elementor-section-boxed elementor-section-height-default elementor-section-height-default\" data-id=\"6de5476e\" data-element_type=\"section\">\n\t\t\t\t\t\t<div class=\"elementor-container elementor-column-gap-default\">\n\t\t\t\t\t<div class=\"elementor-column elementor-col-33 elementor-inner-column elementor-element elementor-element-462eb423\" data-id=\"462eb423\" data-element_type=\"column\">\n\t\t\t<div class=\"elementor-widget-wrap elementor-element-populated\">\n\t\t\t\t\t\t<div class=\"elementor-element elementor-element-1b394820 elementor-view-framed elementor-shape-circle elementor-position-block-start elementor-mobile-position-block-start elementor-widget elementor-widget-icon-box\" data-id=\"1b394820\" data-element_type=\"widget\" data-widget_type=\"icon-box.default\">\n\t\t\t\t<div class=\"elementor-widget-container\">\n\t\t\t\t\t\t\t<div class=\"elementor-icon-box-wrapper\">\n\n\t\t\t\t\t\t<div class=\"elementor-icon-box-icon\">\n\t\t\t\t<a href=\"tel:+1%20(829)%20918-4291\" class=\"elementor-icon\" tabindex=\"-1\" aria-label=\"+1 (829) 918-4291\">\n\t\t\t\t<i aria-hidden=\"true\" class=\"fas fa-phone\"><\/i>\t\t\t\t<\/a>\n\t\t\t<\/div>\n\t\t\t\n\t\t\t\t\t\t<div class=\"elementor-icon-box-content\">\n\n\t\t\t\t\t\t\t\t\t<h3 class=\"elementor-icon-box-title\">\n\t\t\t\t\t\t<a href=\"tel:+1%20(829)%20918-4291\" >\n\t\t\t\t\t\t\t+1 (829) 918-4291\t\t\t\t\t\t<\/a>\n\t\t\t\t\t<\/h3>\n\t\t\t\t\n\t\t\t\t\t\t\t\t\t<p class=\"elementor-icon-box-description\">\n\t\t\t\t\t\tLl\u00e1manos de manera local, o escribe por WhatsApp si tienes la inquietud de solicitar la cotizaci\u00f3n  de un servicio o saber cualquier tipo de informaci\u00f3n.\t\t\t\t\t<\/p>\n\t\t\t\t\n\t\t\t<\/div>\n\t\t\t\n\t\t<\/div>\n\t\t\t\t\t\t<\/div>\n\t\t\t\t<\/div>\n\t\t\t\t\t<\/div>\n\t\t<\/div>\n\t\t\t\t<div class=\"elementor-column elementor-col-33 elementor-inner-column elementor-element elementor-element-d7eaa12\" data-id=\"d7eaa12\" data-element_type=\"column\">\n\t\t\t<div class=\"elementor-widget-wrap elementor-element-populated\">\n\t\t\t\t\t\t<div class=\"elementor-element elementor-element-67470f5 elementor-view-framed elementor-shape-circle elementor-position-block-start elementor-mobile-position-block-start elementor-widget elementor-widget-icon-box\" data-id=\"67470f5\" data-element_type=\"widget\" data-widget_type=\"icon-box.default\">\n\t\t\t\t<div class=\"elementor-widget-container\">\n\t\t\t\t\t\t\t<div class=\"elementor-icon-box-wrapper\">\n\n\t\t\t\t\t\t<div class=\"elementor-icon-box-icon\">\n\t\t\t\t<a href=\"\" class=\"elementor-icon\" tabindex=\"-1\" aria-label=\"sfw.sdo@gmail.com\">\n\t\t\t\t<i aria-hidden=\"true\" class=\"fas fa-envelope\"><\/i>\t\t\t\t<\/a>\n\t\t\t<\/div>\n\t\t\t\n\t\t\t\t\t\t<div class=\"elementor-icon-box-content\">\n\n\t\t\t\t\t\t\t\t\t<h3 class=\"elementor-icon-box-title\">\n\t\t\t\t\t\t<a href=\"\" >\n\t\t\t\t\t\t\tsfw.sdo@gmail.com\t\t\t\t\t\t<\/a>\n\t\t\t\t\t<\/h3>\n\t\t\t\t\n\t\t\t\t\t\t\t\t\t<p class=\"elementor-icon-box-description\">\n\t\t\t\t\t\tCualquier duda que tengas, o pregunta que quieras hacer, cotizaci\u00f3n que quieras solicitar puedes hacerlo todo por ac\u00e1. Respodemos en menos de 1h.\t\t\t\t\t<\/p>\n\t\t\t\t\n\t\t\t<\/div>\n\t\t\t\n\t\t<\/div>\n\t\t\t\t\t\t<\/div>\n\t\t\t\t<\/div>\n\t\t\t\t\t<\/div>\n\t\t<\/div>\n\t\t\t\t<div class=\"elementor-column elementor-col-33 elementor-inner-column elementor-element elementor-element-195669e0\" data-id=\"195669e0\" data-element_type=\"column\">\n\t\t\t<div class=\"elementor-widget-wrap elementor-element-populated\">\n\t\t\t\t\t\t<div class=\"elementor-element elementor-element-11180ca3 elementor-view-framed elementor-shape-circle elementor-position-block-start elementor-mobile-position-block-start elementor-widget elementor-widget-icon-box\" data-id=\"11180ca3\" data-element_type=\"widget\" data-widget_type=\"icon-box.default\">\n\t\t\t\t<div class=\"elementor-widget-container\">\n\t\t\t\t\t\t\t<div class=\"elementor-icon-box-wrapper\">\n\n\t\t\t\t\t\t<div class=\"elementor-icon-box-icon\">\n\t\t\t\t<a href=\"https:\/\/www.google.com\/maps\" class=\"elementor-icon\" tabindex=\"-1\" aria-label=\"Calle Esteban Suazo #15, El Cacique\">\n\t\t\t\t<i aria-hidden=\"true\" class=\"fas fa-map-pin\"><\/i>\t\t\t\t<\/a>\n\t\t\t<\/div>\n\t\t\t\n\t\t\t\t\t\t<div class=\"elementor-icon-box-content\">\n\n\t\t\t\t\t\t\t\t\t<h3 class=\"elementor-icon-box-title\">\n\t\t\t\t\t\t<a href=\"https:\/\/www.google.com\/maps\" >\n\t\t\t\t\t\t\tCalle Esteban Suazo #15, El Cacique\t\t\t\t\t\t<\/a>\n\t\t\t\t\t<\/h3>\n\t\t\t\t\n\t\t\t\t\t\t\t\t\t<p class=\"elementor-icon-box-description\">\n\t\t\t\t\t\tSi deseas dirigirte a nuestra ubicaci\u00f3n para discutir de manera personal tus inquietudes, con mucho gusto te atenderemos.\t\t\t\t\t<\/p>\n\t\t\t\t\n\t\t\t<\/div>\n\t\t\t\n\t\t<\/div>\n\t\t\t\t\t\t<\/div>\n\t\t\t\t<\/div>\n\t\t\t\t\t<\/div>\n\t\t<\/div>\n\t\t\t\t\t<\/div>\n\t\t<\/section>\n\t\t\t\t\t<\/div>\n\t\t<\/div>\n\t\t\t\t\t<\/div>\n\t\t<\/section>\n\t\t\t\t<section class=\"elementor-section elementor-top-section elementor-element elementor-element-bfeeab8 elementor-section-boxed elementor-section-height-default elementor-section-height-default\" data-id=\"bfeeab8\" data-element_type=\"section\" data-settings=\"{&quot;background_background&quot;:&quot;classic&quot;}\">\n\t\t\t\t\t\t<div class=\"elementor-container elementor-column-gap-default\">\n\t\t\t\t\t<div class=\"elementor-column elementor-col-100 elementor-top-column elementor-element elementor-element-7d1b273a\" data-id=\"7d1b273a\" data-element_type=\"column\">\n\t\t\t<div class=\"elementor-widget-wrap elementor-element-populated\">\n\t\t\t\t\t\t<section class=\"elementor-section elementor-inner-section elementor-element elementor-element-2753cd93 elementor-section-boxed elementor-section-height-default elementor-section-height-default\" data-id=\"2753cd93\" data-element_type=\"section\">\n\t\t\t\t\t\t<div class=\"elementor-container elementor-column-gap-default\">\n\t\t\t\t\t<div class=\"elementor-column elementor-col-50 elementor-inner-column elementor-element elementor-element-304de364\" data-id=\"304de364\" data-element_type=\"column\">\n\t\t\t<div class=\"elementor-widget-wrap elementor-element-populated\">\n\t\t\t\t\t\t<div class=\"elementor-element elementor-element-55a062f2 elementor-widget elementor-widget-heading\" data-id=\"55a062f2\" data-element_type=\"widget\" data-widget_type=\"heading.default\">\n\t\t\t\t<div class=\"elementor-widget-container\">\n\t\t\t\t\t<h2 class=\"elementor-heading-title elementor-size-default\">Cont\u00e1ctanos por medio de este formulario<\/h2>\t\t\t\t<\/div>\n\t\t\t\t<\/div>\n\t\t\t\t<div class=\"elementor-element elementor-element-4bd7bc20 elementor-widget elementor-widget-spacer\" data-id=\"4bd7bc20\" data-element_type=\"widget\" data-widget_type=\"spacer.default\">\n\t\t\t\t<div class=\"elementor-widget-container\">\n\t\t\t\t\t\t\t<div class=\"elementor-spacer\">\n\t\t\t<div class=\"elementor-spacer-inner\"><\/div>\n\t\t<\/div>\n\t\t\t\t\t\t<\/div>\n\t\t\t\t<\/div>\n\t\t\t\t<div class=\"elementor-element elementor-element-3a500a55 text-normal elementor-widget elementor-widget-heading\" data-id=\"3a500a55\" data-element_type=\"widget\" data-widget_type=\"heading.default\">\n\t\t\t\t<div class=\"elementor-widget-container\">\n\t\t\t\t\t<span class=\"elementor-heading-title elementor-size-default\">Env\u00edanos un mensaje a trav\u00e9s de este formulario de contacto y te responderemos en una hora como m\u00e1ximo.<\/span>\t\t\t\t<\/div>\n\t\t\t\t<\/div>\n\t\t\t\t<div class=\"elementor-element elementor-element-367e6197 elementor-icon-list--layout-traditional elementor-list-item-link-full_width elementor-widget elementor-widget-icon-list\" data-id=\"367e6197\" data-element_type=\"widget\" data-widget_type=\"icon-list.default\">\n\t\t\t\t<div class=\"elementor-widget-container\">\n\t\t\t\t\t\t\t<ul class=\"elementor-icon-list-items\">\n\t\t\t\t\t\t\t<li class=\"elementor-icon-list-item\">\n\t\t\t\t\t\t\t\t\t\t\t<span class=\"elementor-icon-list-icon\">\n\t\t\t\t\t\t\t<i aria-hidden=\"true\" class=\"fas fa-map-marker-alt\"><\/i>\t\t\t\t\t\t<\/span>\n\t\t\t\t\t\t\t\t\t\t<span class=\"elementor-icon-list-text\">Calle 1, riviera, bocachica<\/span>\n\t\t\t\t\t\t\t\t\t<\/li>\n\t\t\t\t\t\t<\/ul>\n\t\t\t\t\t\t<\/div>\n\t\t\t\t<\/div>\n\t\t\t\t<div class=\"elementor-element elementor-element-1f0199cd elementor-widget elementor-widget-spacer\" data-id=\"1f0199cd\" data-element_type=\"widget\" data-widget_type=\"spacer.default\">\n\t\t\t\t<div class=\"elementor-widget-container\">\n\t\t\t\t\t\t\t<div class=\"elementor-spacer\">\n\t\t\t<div class=\"elementor-spacer-inner\"><\/div>\n\t\t<\/div>\n\t\t\t\t\t\t<\/div>\n\t\t\t\t<\/div>\n\t\t\t\t<div class=\"elementor-element elementor-element-2dd9e747 elementor-shape-circle e-grid-align-left elementor-grid-0 elementor-widget elementor-widget-social-icons\" data-id=\"2dd9e747\" data-element_type=\"widget\" data-widget_type=\"social-icons.default\">\n\t\t\t\t<div class=\"elementor-widget-container\">\n\t\t\t\t\t\t\t<div class=\"elementor-social-icons-wrapper elementor-grid\" role=\"list\">\n\t\t\t\t\t\t\t<span class=\"elementor-grid-item\" role=\"listitem\">\n\t\t\t\t\t<a class=\"elementor-icon elementor-social-icon elementor-social-icon-facebook elementor-repeater-item-bb4de1d\" target=\"_blank\">\n\t\t\t\t\t\t<span class=\"elementor-screen-only\">Facebook<\/span>\n\t\t\t\t\t\t<i aria-hidden=\"true\" class=\"fab fa-facebook\"><\/i>\t\t\t\t\t<\/a>\n\t\t\t\t<\/span>\n\t\t\t\t\t\t\t<span class=\"elementor-grid-item\" role=\"listitem\">\n\t\t\t\t\t<a class=\"elementor-icon elementor-social-icon elementor-social-icon-twitter elementor-repeater-item-ea007d2\" target=\"_blank\">\n\t\t\t\t\t\t<span class=\"elementor-screen-only\">Twitter<\/span>\n\t\t\t\t\t\t<i aria-hidden=\"true\" class=\"fab fa-twitter\"><\/i>\t\t\t\t\t<\/a>\n\t\t\t\t<\/span>\n\t\t\t\t\t\t\t<span class=\"elementor-grid-item\" role=\"listitem\">\n\t\t\t\t\t<a class=\"elementor-icon elementor-social-icon elementor-social-icon-google-plus elementor-repeater-item-8ec27e3\" target=\"_blank\">\n\t\t\t\t\t\t<span class=\"elementor-screen-only\">Google-plus<\/span>\n\t\t\t\t\t\t<i aria-hidden=\"true\" class=\"fab fa-google-plus\"><\/i>\t\t\t\t\t<\/a>\n\t\t\t\t<\/span>\n\t\t\t\t\t\t\t<span class=\"elementor-grid-item\" role=\"listitem\">\n\t\t\t\t\t<a class=\"elementor-icon elementor-social-icon elementor-social-icon-pinterest elementor-repeater-item-710f1f6\" target=\"_blank\">\n\t\t\t\t\t\t<span class=\"elementor-screen-only\">Pinterest<\/span>\n\t\t\t\t\t\t<i aria-hidden=\"true\" class=\"fab fa-pinterest\"><\/i>\t\t\t\t\t<\/a>\n\t\t\t\t<\/span>\n\t\t\t\t\t\t\t<span class=\"elementor-grid-item\" role=\"listitem\">\n\t\t\t\t\t<a class=\"elementor-icon elementor-social-icon elementor-social-icon-instagram elementor-repeater-item-260c73b\" target=\"_blank\">\n\t\t\t\t\t\t<span class=\"elementor-screen-only\">Instagram<\/span>\n\t\t\t\t\t\t<i aria-hidden=\"true\" class=\"fab fa-instagram\"><\/i>\t\t\t\t\t<\/a>\n\t\t\t\t<\/span>\n\t\t\t\t\t<\/div>\n\t\t\t\t\t\t<\/div>\n\t\t\t\t<\/div>\n\t\t\t\t\t<\/div>\n\t\t<\/div>\n\t\t\t\t<div class=\"elementor-column elementor-col-50 elementor-inner-column elementor-element elementor-element-4c9d9e8c\" data-id=\"4c9d9e8c\" data-element_type=\"column\" data-settings=\"{&quot;background_background&quot;:&quot;classic&quot;}\">\n\t\t\t<div class=\"elementor-widget-wrap elementor-element-populated\">\n\t\t\t\t\t\t<div class=\"elementor-element elementor-element-b03cd11 elementor-widget elementor-widget-content_form_contact\" data-id=\"b03cd11\" data-element_type=\"widget\" data-widget_type=\"content_form_contact.default\">\n\t\t\t\t<div class=\"elementor-widget-container\">\n\t\t\t\t\t<form action=\"https:\/\/cstradha.xyz\/sfw\/wp-admin\/admin-post.php\" method=\"post\" name=\"content-form-b03cd11\" id=\"content-form-b03cd11\" class=\"ti-cf-module content-form content-form-contact content_form_contact\"><input type=\"hidden\" id=\"_wpnonce_contact\" name=\"_wpnonce_contact\" value=\"fe2801f8aa\" \/><input type=\"hidden\" name=\"_wp_http_referer\" value=\"\/sfw\/contacto\/\" \/><input type=\"hidden\" name=\"action\" value=\"content_form_submit\" \/><input type=\"hidden\" name=\"form-type\" value=\"contact\" \/><input type=\"hidden\" name=\"form-builder\" value=\"elementor\" \/><input type=\"hidden\" name=\"post-id\" value=\"267\" \/><input type=\"hidden\" name=\"form-id\" value=\"b03cd11\" \/><fieldset class=&quot;content-form-field-text elementor-column elementor-col-100&quot;><label for=\"data[b03cd11][name]\" >Tu nombre<span class=\"required-mark\"> *<\/span><\/label><input type=\"text\" name=\"data[b03cd11][name]\" id=\"data[b03cd11][name]\" required=required  placeholder=\"Ej. \u00c1lvaro Guzm\u00e1n\"><\/fieldset><fieldset class=&quot;content-form-field-email elementor-column elementor-col-100&quot;><label for=\"data[b03cd11][email]\" >Correo electr\u00f3nico<span class=\"required-mark\"> *<\/span><\/label><input type=\"text\" name=\"data[b03cd11][email]\" id=\"data[b03cd11][email]\" required=required  placeholder=\"ejemplo@ejemplo.com\"><\/fieldset><fieldset class=&quot;content-form-field-number elementor-column elementor-col-100&quot;><label for=\"data[b03cd11][phone]\" >Tu tel\u00e9fono (local\/whatsapp)<\/label><input type=\"text\" name=\"data[b03cd11][phone]\" id=\"data[b03cd11][phone]\"   placeholder=\"Ej. 809-558-0061\"><\/fieldset><fieldset class=&quot;content-form-field-textarea elementor-column elementor-col-100&quot;><label for=\"data[b03cd11][message]\" >Tu mensaje<span class=\"required-mark\"> *<\/span><\/label><textarea name=\"data[b03cd11][message]\" id=\"data[b03cd11][message]\"  required=required placeholder=\"Ej. Quiero una aplicaci\u00f3n web con caracter\u00edsticas X\" cols=\"30\" rows=\"5\"><\/textarea><\/fieldset><fieldset class=\"submit-form contact\"><button type=\"submit\" name=\"submit\"  value=\"submit-contact-b03cd11\" class=\"\">Enviar mensaje<\/button><\/fieldset><\/form>\t\t\t\t<\/div>\n\t\t\t\t<\/div>\n\t\t\t\t\t<\/div>\n\t\t<\/div>\n\t\t\t\t\t<\/div>\n\t\t<\/section>\n\t\t\t\t\t<\/div>\n\t\t<\/div>\n\t\t\t\t\t<\/div>\n\t\t<\/section>\n\t\t\t\t<\/div>\n\t\t","protected":false},"excerpt":{"rendered":"<p>Cont\u00e1ctanos Cont\u00e1ctanos si deseas saber m\u00e1s de nuestros servicios, solicitar una cotizaci\u00f3n\/hacer negociaci\u00f3n, o saber acerca de los puestos de trabajo en nuestra empresa. +1 (829) 918-4291 Ll\u00e1manos de manera local, o escribe por WhatsApp si tienes la inquietud de solicitar la cotizaci\u00f3n de un servicio o saber cualquier tipo de informaci\u00f3n. sfw.sdo@gmail.com Cualquier duda&hellip;&nbsp;<a href=\"https:\/\/cstradha.xyz\/sfw\/contacto\/\" rel=\"bookmark\">Leer m\u00e1s &raquo;<span class=\"screen-reader-text\">Contacto<\/span><\/a><\/p>\n","protected":false},"author":1,"featured_media":0,"parent":0,"menu_order":0,"comment_status":"closed","ping_status":"closed","template":"elementor_header_footer","meta":{"neve_meta_sidebar":"","neve_meta_container":"","neve_meta_enable_content_width":"off","neve_meta_content_width":0,"neve_meta_title_alignment":"","neve_meta_author_avatar":"","neve_post_elements_order":"","neve_meta_disable_header":"","neve_meta_disable_footer":"","neve_meta_disable_title":"","footnotes":""},"class_list":["post-267","page","type-page","status-publish","hentry"],"yoast_head":"<!-- This site is optimized with the Yoast SEO plugin v26.7 - https:\/\/yoast.com\/wordpress\/plugins\/seo\/ -->\n<title>Contacto - SFW, Santo Domingo, RD<\/title>\n<meta name=\"robots\" content=\"index, follow, max-snippet:-1, max-image-preview:large, max-video-preview:-1\" \/>\n<link rel=\"canonical\" href=\"https:\/\/cstradha.xyz\/sfw\/contacto\/\" \/>\n<meta property=\"og:locale\" content=\"es_ES\" \/>\n<meta property=\"og:type\" content=\"article\" \/>\n<meta property=\"og:title\" content=\"Contacto - SFW, Santo Domingo, RD\" \/>\n<meta property=\"og:description\" content=\"Cont\u00e1ctanos Cont\u00e1ctanos si deseas saber m\u00e1s de nuestros servicios, solicitar una cotizaci\u00f3n\/hacer negociaci\u00f3n, o saber acerca de los puestos de trabajo en nuestra empresa. +1 (829) 918-4291 Ll\u00e1manos de manera local, o escribe por WhatsApp si tienes la inquietud de solicitar la cotizaci\u00f3n de un servicio o saber cualquier tipo de informaci\u00f3n. sfw.sdo@gmail.com Cualquier duda&hellip;&nbsp;Leer m\u00e1s &raquo;Contacto\" \/>\n<meta property=\"og:url\" content=\"https:\/\/cstradha.xyz\/sfw\/contacto\/\" \/>\n<meta property=\"og:site_name\" content=\"SFW, Santo Domingo, RD\" \/>\n<meta property=\"article:modified_time\" content=\"2023-05-10T13:28:52+00:00\" \/>\n<meta name=\"twitter:card\" content=\"summary_large_image\" \/>\n<meta name=\"twitter:label1\" content=\"Tiempo de lectura\" \/>\n\t<meta name=\"twitter:data1\" content=\"1 minuto\" \/>\n<script type=\"application\/ld+json\" class=\"yoast-schema-graph\">{\"@context\":\"https:\/\/schema.org\",\"@graph\":[{\"@type\":\"WebPage\",\"@id\":\"https:\/\/cstradha.xyz\/sfw\/contacto\/\",\"url\":\"https:\/\/cstradha.xyz\/sfw\/contacto\/\",\"name\":\"Contacto - SFW, Santo Domingo, RD\",\"isPartOf\":{\"@id\":\"https:\/\/cstradha.xyz\/sfw\/#website\"},\"datePublished\":\"2019-09-05T18:31:25+00:00\",\"dateModified\":\"2023-05-10T13:28:52+00:00\",\"breadcrumb\":{\"@id\":\"https:\/\/cstradha.xyz\/sfw\/contacto\/#breadcrumb\"},\"inLanguage\":\"es\",\"potentialAction\":[{\"@type\":\"ReadAction\",\"target\":[\"https:\/\/cstradha.xyz\/sfw\/contacto\/\"]}]},{\"@type\":\"BreadcrumbList\",\"@id\":\"https:\/\/cstradha.xyz\/sfw\/contacto\/#breadcrumb\",\"itemListElement\":[{\"@type\":\"ListItem\",\"position\":1,\"name\":\"Portada\",\"item\":\"https:\/\/cstradha.xyz\/sfw\/\"},{\"@type\":\"ListItem\",\"position\":2,\"name\":\"Contacto\"}]},{\"@type\":\"WebSite\",\"@id\":\"https:\/\/cstradha.xyz\/sfw\/#website\",\"url\":\"https:\/\/cstradha.xyz\/sfw\/\",\"name\":\"SFW, Santo Domingo, RD\",\"description\":\"Otro sitio m\u00e1s de cstradha\",\"publisher\":{\"@id\":\"https:\/\/cstradha.xyz\/sfw\/#organization\"},\"potentialAction\":[{\"@type\":\"SearchAction\",\"target\":{\"@type\":\"EntryPoint\",\"urlTemplate\":\"https:\/\/cstradha.xyz\/sfw\/?s={search_term_string}\"},\"query-input\":{\"@type\":\"PropertyValueSpecification\",\"valueRequired\":true,\"valueName\":\"search_term_string\"}}],\"inLanguage\":\"es\"},{\"@type\":\"Organization\",\"@id\":\"https:\/\/cstradha.xyz\/sfw\/#organization\",\"name\":\"SFW, Santo Domingo, RD\",\"url\":\"https:\/\/cstradha.xyz\/sfw\/\",\"logo\":{\"@type\":\"ImageObject\",\"inLanguage\":\"es\",\"@id\":\"https:\/\/cstradha.xyz\/sfw\/#\/schema\/logo\/image\/\",\"url\":\"https:\/\/cstradha.xyz\/sfw\/wp-content\/uploads\/sites\/5\/2020\/02\/cropped-logo-of-global.png\",\"contentUrl\":\"https:\/\/cstradha.xyz\/sfw\/wp-content\/uploads\/sites\/5\/2020\/02\/cropped-logo-of-global.png\",\"width\":1218,\"height\":458,\"caption\":\"SFW, Santo Domingo, RD\"},\"image\":{\"@id\":\"https:\/\/cstradha.xyz\/sfw\/#\/schema\/logo\/image\/\"}}]}<\/script>\n<!-- \/ Yoast SEO plugin. -->","yoast_head_json":{"title":"Contacto - SFW, Santo Domingo, RD","robots":{"index":"index","follow":"follow","max-snippet":"max-snippet:-1","max-image-preview":"max-image-preview:large","max-video-preview":"max-video-preview:-1"},"canonical":"https:\/\/cstradha.xyz\/sfw\/contacto\/","og_locale":"es_ES","og_type":"article","og_title":"Contacto - SFW, Santo Domingo, RD","og_description":"Cont\u00e1ctanos Cont\u00e1ctanos si deseas saber m\u00e1s de nuestros servicios, solicitar una cotizaci\u00f3n\/hacer negociaci\u00f3n, o saber acerca de los puestos de trabajo en nuestra empresa. +1 (829) 918-4291 Ll\u00e1manos de manera local, o escribe por WhatsApp si tienes la inquietud de solicitar la cotizaci\u00f3n de un servicio o saber cualquier tipo de informaci\u00f3n. sfw.sdo@gmail.com Cualquier duda&hellip;&nbsp;Leer m\u00e1s &raquo;Contacto","og_url":"https:\/\/cstradha.xyz\/sfw\/contacto\/","og_site_name":"SFW, Santo Domingo, RD","article_modified_time":"2023-05-10T13:28:52+00:00","twitter_card":"summary_large_image","twitter_misc":{"Tiempo de lectura":"1 minuto"},"schema":{"@context":"https:\/\/schema.org","@graph":[{"@type":"WebPage","@id":"https:\/\/cstradha.xyz\/sfw\/contacto\/","url":"https:\/\/cstradha.xyz\/sfw\/contacto\/","name":"Contacto - SFW, Santo Domingo, RD","isPartOf":{"@id":"https:\/\/cstradha.xyz\/sfw\/#website"},"datePublished":"2019-09-05T18:31:25+00:00","dateModified":"2023-05-10T13:28:52+00:00","breadcrumb":{"@id":"https:\/\/cstradha.xyz\/sfw\/contacto\/#breadcrumb"},"inLanguage":"es","potentialAction":[{"@type":"ReadAction","target":["https:\/\/cstradha.xyz\/sfw\/contacto\/"]}]},{"@type":"BreadcrumbList","@id":"https:\/\/cstradha.xyz\/sfw\/contacto\/#breadcrumb","itemListElement":[{"@type":"ListItem","position":1,"name":"Portada","item":"https:\/\/cstradha.xyz\/sfw\/"},{"@type":"ListItem","position":2,"name":"Contacto"}]},{"@type":"WebSite","@id":"https:\/\/cstradha.xyz\/sfw\/#website","url":"https:\/\/cstradha.xyz\/sfw\/","name":"SFW, Santo Domingo, RD","description":"Otro sitio m\u00e1s de cstradha","publisher":{"@id":"https:\/\/cstradha.xyz\/sfw\/#organization"},"potentialAction":[{"@type":"SearchAction","target":{"@type":"EntryPoint","urlTemplate":"https:\/\/cstradha.xyz\/sfw\/?s={search_term_string}"},"query-input":{"@type":"PropertyValueSpecification","valueRequired":true,"valueName":"search_term_string"}}],"inLanguage":"es"},{"@type":"Organization","@id":"https:\/\/cstradha.xyz\/sfw\/#organization","name":"SFW, Santo Domingo, RD","url":"https:\/\/cstradha.xyz\/sfw\/","logo":{"@type":"ImageObject","inLanguage":"es","@id":"https:\/\/cstradha.xyz\/sfw\/#\/schema\/logo\/image\/","url":"https:\/\/cstradha.xyz\/sfw\/wp-content\/uploads\/sites\/5\/2020\/02\/cropped-logo-of-global.png","contentUrl":"https:\/\/cstradha.xyz\/sfw\/wp-content\/uploads\/sites\/5\/2020\/02\/cropped-logo-of-global.png","width":1218,"height":458,"caption":"SFW, Santo Domingo, RD"},"image":{"@id":"https:\/\/cstradha.xyz\/sfw\/#\/schema\/logo\/image\/"}}]}},"_links":{"self":[{"href":"https:\/\/cstradha.xyz\/sfw\/wp-json\/wp\/v2\/pages\/267","targetHints":{"allow":["GET"]}}],"collection":[{"href":"https:\/\/cstradha.xyz\/sfw\/wp-json\/wp\/v2\/pages"}],"about":[{"href":"https:\/\/cstradha.xyz\/sfw\/wp-json\/wp\/v2\/types\/page"}],"author":[{"embeddable":true,"href":"https:\/\/cstradha.xyz\/sfw\/wp-json\/wp\/v2\/users\/1"}],"replies":[{"embeddable":true,"href":"https:\/\/cstradha.xyz\/sfw\/wp-json\/wp\/v2\/comments?post=267"}],"version-history":[{"count":30,"href":"https:\/\/cstradha.xyz\/sfw\/wp-json\/wp\/v2\/pages\/267\/revisions"}],"predecessor-version":[{"id":835,"href":"https:\/\/cstradha.xyz\/sfw\/wp-json\/wp\/v2\/pages\/267\/revisions\/835"}],"wp:attachment":[{"href":"https:\/\/cstradha.xyz\/sfw\/wp-json\/wp\/v2\/media?parent=267"}],"curies":[{"name":"wp","href":"https:\/\/api.w.org\/{rel}","templated":true}]}}