{"id":664,"date":"2020-11-20T03:48:30","date_gmt":"2020-11-20T03:48:30","guid":{"rendered":"http:\/\/cstradha.xyz\/do\/?page_id=664"},"modified":"2025-01-10T22:43:08","modified_gmt":"2025-01-10T22:43:08","slug":"uniformes-empresariales","status":"publish","type":"page","link":"https:\/\/cstradha.xyz\/do\/uniformes-empresariales\/","title":{"rendered":"Uniformes empresariales"},"content":{"rendered":"<h1><strong>Uniformes empresariales<\/strong><\/h1>\n<blockquote>\n<p>Confeccionamos <strong>uniformes empresariales<\/strong>&nbsp;a la medida,<strong>&nbsp;<\/strong>siguiendo los par\u00e1metros indicados para lograr una prenda de vestir con calidad, consistencia e imagen para el personal de su empresa.<\/p>\n<\/blockquote>\n<hr>\n<p><img loading=\"lazy\" decoding=\"async\" class=\"size-full wp-image-740\" src=\"http:\/\/cstradha.xyz\/do\/wp-content\/uploads\/sites\/2\/2017\/12\/identificador-pagina.jpg\" alt=\"uniformes empresariales\" width=\"1280\" height=\"331\" srcset=\"https:\/\/cstradha.xyz\/do\/wp-content\/uploads\/sites\/2\/2017\/12\/identificador-pagina.jpg 1280w, https:\/\/cstradha.xyz\/do\/wp-content\/uploads\/sites\/2\/2017\/12\/identificador-pagina-300x78.jpg 300w, https:\/\/cstradha.xyz\/do\/wp-content\/uploads\/sites\/2\/2017\/12\/identificador-pagina-768x199.jpg 768w, https:\/\/cstradha.xyz\/do\/wp-content\/uploads\/sites\/2\/2017\/12\/identificador-pagina-1024x265.jpg 1024w\" sizes=\"auto, (max-width: 1280px) 100vw, 1280px\" \/><\/p>\n<hr>\n<p><div class=\"gmedia_gallery phantom_module is_bot\" id=\"GmediaGallery_37\" data-gmid=\"37\" data-module=\"phantom\"><style type='text\/css' class='gmedia_module_style_import'>@import url('https:\/\/cstradha.xyz\/do\/wp-content\/plugins\/grand-media\/module\/phantom\/css\/style.css?v=3.21') all;\/**** .phantom_module #GmediaGallery_37 ****\/\r\n#GmediaGallery_37 .gmPhantom_ThumbContainer,\r\n#GmediaGallery_37 .gmPhantom_LoadMore {width:150px; height:150px;}\r\n#GmediaGallery_37 .gmPhantom_MobileView .gmPhantom_ThumbContainer,\r\n#GmediaGallery_37 .gmPhantom_MobileView .gmPhantom_LoadMore {width:175px; height:175px;}\r\n#GmediaGallery_37 .gmPhantom_LoadMore .gmPhantom_pager {font-size:75px;line-height:150px;}\r\n#GmediaGallery_37 .gmPhantom_MobileView .gmPhantom_LoadMore .gmPhantom_pager {font-size:87.5px;line-height:175px;}\r\n#GmediaGallery_37 .gmPhantom_LoadMore[data-col=\"1\"] {width:auto;height:50px;}\r\n#GmediaGallery_37 .gmPhantom_LoadMore[data-col=\"1\"] .gmPhantom_pager,\r\n#GmediaGallery_37 .gmPhantom_MobileView .gmPhantom_LoadMore[data-col=\"1\"] .gmPhantom_pager {font-size:40px;line-height:50px;}\r\n#GmediaGallery_37 .gmPhantom_ThumbContainer,\r\n#GmediaGallery_37 .gmPhantom_LoadMore {padding:0px;}\r\n#GmediaGallery_37 .gmPhantom_LabelBottom .gmPhantom_ThumbContainer {padding-bottom:36px;}\r\n#GmediaGallery_37 .gmPhantom_LabelBottom .gmPhantom_LoadMore {padding-top:36px;}\r\n#GmediaGallery_37 .gmPhantom_LabelBottom .gmPhantom_LoadMore[data-col=\"1\"] {padding-top:0px;}\r\n#GmediaGallery_37 .gmPhantom_ThumbContainer,\r\n#GmediaGallery_37 .gmPhantom_LoadMore {border:5px solid #cccccc;}\r\n#GmediaGallery_37 .gmPhantom_ThumbContainer,\r\n#GmediaGallery_37 .gmPhantom_LoadMore {box-shadow:0 0 5px -2px #cccccc;}<\/style>    <div class=\"gmPhantom_Container noLightbox\" >\r\n                <div class=\"gmPhantom_thumbsWrapper gmPhantom_LabelHover\">\r\n                        <div class=\"gmPhantom_ThumbContainer gmPhantom_ThumbLoader\" data-id=\"391\" data-post_id=\"2358\" data-ratio=\"0.66666666666667\" data-type=\"image\" data-ext=\"jpg\" data-views=\"440\" data-likes=\"0\">\r\n                <a href=\"https:\/\/cstradha.xyz\/do\/wp-content\/blogs.dir\/2\/grand-media\/image\/1499791712-delegance-3137.jpg\" class=\"gmPhantom_Thumb\"><img decoding=\"async\" class=\"noLazy\" src=\"https:\/\/cstradha.xyz\/do\/wp-content\/blogs.dir\/2\/grand-media\/image\/thumb\/1499791712-delegance-3137.jpg\" data-src=\"https:\/\/cstradha.xyz\/do\/wp-content\/blogs.dir\/2\/grand-media\/image\/1499791712-delegance-3137.jpg\" alt=\"1499791712-delegance-3137\"\/><\/a>\r\n                                    <div class=\"gmPhantom_ThumbLabel\"><span class=\"gmPhantom_ThumbLabel_title\">1499791712-delegance-3137<\/span><\/div>\r\n                                    <div style=\"display:none;\" class=\"gmPhantom_Details\">\r\n                                            <div class=\"gmPhantom_description\">\r\n                            <div class=\"gmPhantom_title\">1499791712-delegance-3137<\/div>\r\n                            <div class=\"gmPhantom_text\"><\/div>\r\n                        <\/div>\r\n                                                            <div class=\"gmPhantom_terms\">\r\n                                            <\/div>\r\n                <\/div>\r\n                <\/div>            <div class=\"gmPhantom_ThumbContainer gmPhantom_ThumbLoader\" data-id=\"390\" data-post_id=\"2357\" data-ratio=\"0.70422535211268\" data-type=\"image\" data-ext=\"jpg\" data-views=\"409\" data-likes=\"0\">\r\n                <a href=\"https:\/\/cstradha.xyz\/do\/wp-content\/blogs.dir\/2\/grand-media\/image\/camisas-industriales-empresariales.jpg\" class=\"gmPhantom_Thumb\"><img decoding=\"async\" class=\"noLazy\" src=\"https:\/\/cstradha.xyz\/do\/wp-content\/blogs.dir\/2\/grand-media\/image\/thumb\/camisas-industriales-empresariales.jpg\" data-src=\"https:\/\/cstradha.xyz\/do\/wp-content\/blogs.dir\/2\/grand-media\/image\/camisas-industriales-empresariales.jpg\" alt=\"camisas-industriales-empresariales\"\/><\/a>\r\n                                    <div class=\"gmPhantom_ThumbLabel\"><span class=\"gmPhantom_ThumbLabel_title\">camisas-industriales-empresariales<\/span><\/div>\r\n                                    <div style=\"display:none;\" class=\"gmPhantom_Details\">\r\n                                            <div class=\"gmPhantom_description\">\r\n                            <div class=\"gmPhantom_title\">camisas-industriales-empresariales<\/div>\r\n                            <div class=\"gmPhantom_text\"><\/div>\r\n                        <\/div>\r\n                                                            <div class=\"gmPhantom_terms\">\r\n                                            <\/div>\r\n                <\/div>\r\n                <\/div>            <div class=\"gmPhantom_ThumbContainer gmPhantom_ThumbLoader\" data-id=\"389\" data-post_id=\"2356\" data-ratio=\"0.80428954423592\" data-type=\"image\" data-ext=\"jpg\" data-views=\"200\" data-likes=\"0\">\r\n                <a href=\"https:\/\/cstradha.xyz\/do\/wp-content\/blogs.dir\/2\/grand-media\/image\/Camisas-formales-2017-1.jpg\" class=\"gmPhantom_Thumb\"><img decoding=\"async\" class=\"noLazy\" src=\"https:\/\/cstradha.xyz\/do\/wp-content\/blogs.dir\/2\/grand-media\/image\/thumb\/Camisas-formales-2017-1.jpg\" data-src=\"https:\/\/cstradha.xyz\/do\/wp-content\/blogs.dir\/2\/grand-media\/image\/Camisas-formales-2017-1.jpg\" alt=\"Camisas-formales-2017-1\"\/><\/a>\r\n                                    <div class=\"gmPhantom_ThumbLabel\"><span class=\"gmPhantom_ThumbLabel_title\">Camisas-formales-2017-1<\/span><\/div>\r\n                                    <div style=\"display:none;\" class=\"gmPhantom_Details\">\r\n                                            <div class=\"gmPhantom_description\">\r\n                            <div class=\"gmPhantom_title\">Camisas-formales-2017-1<\/div>\r\n                            <div class=\"gmPhantom_text\"><\/div>\r\n                        <\/div>\r\n                                                            <div class=\"gmPhantom_terms\">\r\n                                            <\/div>\r\n                <\/div>\r\n                <\/div>            <div class=\"gmPhantom_ThumbContainer gmPhantom_ThumbLoader\" data-id=\"388\" data-post_id=\"2355\" data-ratio=\"0.71599045346062\" data-type=\"image\" data-ext=\"jpg\" data-views=\"394\" data-likes=\"0\">\r\n                <a href=\"https:\/\/cstradha.xyz\/do\/wp-content\/blogs.dir\/2\/grand-media\/image\/d94e1700c5ec6c0f78c9ce50f899739f.jpg\" class=\"gmPhantom_Thumb\"><img decoding=\"async\" class=\"noLazy\" src=\"https:\/\/cstradha.xyz\/do\/wp-content\/blogs.dir\/2\/grand-media\/image\/thumb\/d94e1700c5ec6c0f78c9ce50f899739f.jpg\" data-src=\"https:\/\/cstradha.xyz\/do\/wp-content\/blogs.dir\/2\/grand-media\/image\/d94e1700c5ec6c0f78c9ce50f899739f.jpg\" alt=\"d94e1700c5ec6c0f78c9ce50f899739f\"\/><\/a>\r\n                                    <div class=\"gmPhantom_ThumbLabel\"><span class=\"gmPhantom_ThumbLabel_title\">d94e1700c5ec6c0f78c9ce50f899739f<\/span><\/div>\r\n                                    <div style=\"display:none;\" class=\"gmPhantom_Details\">\r\n                                            <div class=\"gmPhantom_description\">\r\n                            <div class=\"gmPhantom_title\">d94e1700c5ec6c0f78c9ce50f899739f<\/div>\r\n                            <div class=\"gmPhantom_text\"><\/div>\r\n                        <\/div>\r\n                                                            <div class=\"gmPhantom_terms\">\r\n                                            <\/div>\r\n                <\/div>\r\n                <\/div>            <div class=\"gmPhantom_ThumbContainer gmPhantom_ThumbLoader\" data-id=\"387\" data-post_id=\"2354\" data-ratio=\"0.92307692307692\" data-type=\"image\" data-ext=\"jpg\" data-views=\"369\" data-likes=\"0\">\r\n                <a href=\"https:\/\/cstradha.xyz\/do\/wp-content\/blogs.dir\/2\/grand-media\/image\/05cadeca90cdf9c94745923b7867b12a.jpg\" class=\"gmPhantom_Thumb\"><img decoding=\"async\" class=\"noLazy\" src=\"https:\/\/cstradha.xyz\/do\/wp-content\/blogs.dir\/2\/grand-media\/image\/thumb\/05cadeca90cdf9c94745923b7867b12a.jpg\" data-src=\"https:\/\/cstradha.xyz\/do\/wp-content\/blogs.dir\/2\/grand-media\/image\/05cadeca90cdf9c94745923b7867b12a.jpg\" alt=\"05cadeca90cdf9c94745923b7867b12a\"\/><\/a>\r\n                                    <div class=\"gmPhantom_ThumbLabel\"><span class=\"gmPhantom_ThumbLabel_title\">05cadeca90cdf9c94745923b7867b12a<\/span><\/div>\r\n                                    <div style=\"display:none;\" class=\"gmPhantom_Details\">\r\n                                            <div class=\"gmPhantom_description\">\r\n                            <div class=\"gmPhantom_title\">05cadeca90cdf9c94745923b7867b12a<\/div>\r\n                            <div class=\"gmPhantom_text\"><\/div>\r\n                        <\/div>\r\n                                                            <div class=\"gmPhantom_terms\">\r\n                                            <\/div>\r\n                <\/div>\r\n                <\/div>            <div class=\"gmPhantom_ThumbContainer gmPhantom_ThumbLoader\" data-id=\"386\" data-post_id=\"2352\" data-ratio=\"1.46\" data-type=\"image\" data-ext=\"jpg\" data-views=\"531\" data-likes=\"1\">\r\n                <a href=\"https:\/\/cstradha.xyz\/do\/wp-content\/blogs.dir\/2\/grand-media\/image\/00_uniformes_empresariales_uruguay_las_3__098.jpg\" class=\"gmPhantom_Thumb\"><img decoding=\"async\" class=\"noLazy\" src=\"https:\/\/cstradha.xyz\/do\/wp-content\/blogs.dir\/2\/grand-media\/image\/thumb\/00_uniformes_empresariales_uruguay_las_3__098.jpg\" data-src=\"https:\/\/cstradha.xyz\/do\/wp-content\/blogs.dir\/2\/grand-media\/image\/00_uniformes_empresariales_uruguay_las_3__098.jpg\" alt=\"00_uniformes_empresariales_uruguay_las_3__098\"\/><\/a>\r\n                                    <div class=\"gmPhantom_ThumbLabel\"><span class=\"gmPhantom_ThumbLabel_title\">00_uniformes_empresariales_uruguay_las_3__098<\/span><\/div>\r\n                                    <div style=\"display:none;\" class=\"gmPhantom_Details\">\r\n                                            <div class=\"gmPhantom_description\">\r\n                            <div class=\"gmPhantom_title\">00_uniformes_empresariales_uruguay_las_3__098<\/div>\r\n                            <div class=\"gmPhantom_text\"><\/div>\r\n                        <\/div>\r\n                                                            <div class=\"gmPhantom_terms\">\r\n                                            <\/div>\r\n                <\/div>\r\n                <\/div>        <\/div>\r\n    <\/div>\r\n<\/div><br><!--\n\n\n\n\n\n\n\n\n\n\n\n[gallery type=\"rectangular\" link=\"file\" ids=\"754,749,752,753,751,750,748\"]\n\n\n\n\n\n\n\n\n\n\n\n\n\n--><\/p>\n<hr>\n<h2><strong><em>\u00bfPor qu\u00e9 tener un personal bien uniformado en nuestra empresa?<\/em><\/strong><\/h2>\n<p>En un mundo donde existe tanta competencia a nivel empresarial, cada d\u00eda m\u00e1s, para llegar al cliente o a ese cliente que tanto deseamos tener, debemos de ser competitivos, transmitir ese mensaje de seguridad, de que su empresa puede brindar m\u00e1s, de que puedo tener \u201ceso que la competencia no tiene\u201d.<\/p>\n<p>Una prueba puede ser: cuando vamos a un establecimiento o <strong>empresa X <\/strong>para adquirir alg\u00fan servicio. Tendr\u00edamos varias impresiones (a primera vista):<\/p>\n<p style=\"padding-left: 30px;\">&#8211; Si vemos en la empresa un personal correctamente uniformado con su logo y dem\u00e1s, dir\u00edamos que es una buena empresa\/establecimiento, y que estar\u00edamos dispuestos a depositar toda la confianza con nuestros intereses, debido a que su imagen impacta en nuestra forma de pensar positivamente.<\/p>\n<p style=\"padding-left: 30px;\"><em>&#8211; \u00bfAlguna vez nos ha pasado?<\/em> Vemos un personal que no est\u00e1 uniformado y que tal vez no tiene la condici\u00f3n de vestimenta necesaria como para laborar dentro de la empresa. M\u00e1s que nada, no le causa buena impresi\u00f3n.<\/p>\n<p style=\"padding-left: 30px;\">Probablemente, no estar\u00eda dispuesto a comprar all\u00ed, ni siquiera se siente a gusto. Si compra, entonces lo hace porque all\u00ed es uno de los pocos sitios que venden el producto. \u00bfVerdad que no es lo mismo?<\/p>\n<p>Vi\u00e9ndolo desde punto de vista entonces, apreciamos la importancia de que nuestro personal, en primer lugar, porte de una buena prenda de vestir y que la misma est\u00e9 correctamente identificada con las credenciales de nuestra empresa.<\/p>\n<hr>\n<h3><strong>Proveedores de uniformes<\/strong><\/h3>\n<p>Hemos sido a lo largo del tiempo, <strong>proveedores de uniformes<\/strong> de numerosas empresas dentro del pa\u00eds, por la calidad que brindamos y la alta disponibilidad de nuestros productos y servicios, lo que nos da ese ingrediente de diferencia ante nuestros competidores.<\/p>\n<p>Tambi\u00e9n, confeccionamos <strong>uniformes empresariales para hombres<\/strong>, y <strong>uniforme empresarial femenino.<\/strong><\/p>\n<hr>\n<h4><strong>Dise\u00f1o empresarial uniformes<\/strong><\/h4>\n<p>Si usted no est\u00e1 decidido de qu\u00e9 tipo de uniforme debe llevar el personal de su empresa, ya sea por su poca experiencia en el \u00e1mbito empresarial, o porque usted quiere cambiar su imagen corporativa despu\u00e9s de un tiempo, nosotros tambi\u00e9n le brindamos el servicio del <strong>dise\u00f1o de sus uniformes empresariales.<\/strong><\/p>\n<hr>\n<p>Una <strong>empresa de uniformes empresariales<\/strong> dispuesta a satisfacer sus pedimentos, y es como nos catalogamos nosotros. Con nuestro servicio de <strong>confecci\u00f3n de uniformes para empresas<\/strong>&nbsp;estamos en disposici\u00f3n de atender ante sus peticiones.<\/p>\n<p>\u00bfBusca una <strong>f\u00e1brica de uniformes empresariales<\/strong>? Entonces no dudes m\u00e1s y cont\u00e1ctenos por medio del formulario de contacto que est\u00e1 a su derecha, o por <a href=\"http:\/\/cstradha.xyz\/do\/contactenos\/\">aqu\u00ed.<\/a><\/p>\n<hr>\n<h6>Enlaces a otros uniformes<\/h6>\n<ul>\n<li><a href=\"http:\/\/cstradha.xyz\/do\/uniformes-ejecutivos\/\">Uniformes ejecutivos<\/a><\/li>\n<li><a href=\"http:\/\/cstradha.xyz\/do\/uniformes-santo-domingo\/\" target=\"_blank\" rel=\"noopener noreferrer\">Uniformes santo domingo<\/a><\/li>\n<\/ul>\n<hr>\n\n\n<p><\/p>\n","protected":false},"excerpt":{"rendered":"<p>Uniformes empresariales Confeccionamos uniformes empresariales&nbsp;a la medida,&nbsp;siguiendo los par\u00e1metros indicados para lograr una prenda de vestir con calidad, consistencia e imagen para el personal de su empresa. \u00bfPor qu\u00e9 tener un personal bien uniformado en nuestra empresa? En un mundo<\/p>\n","protected":false},"author":1,"featured_media":0,"parent":0,"menu_order":1,"comment_status":"closed","ping_status":"closed","template":"","meta":{"_joinchat":[],"footnotes":""},"class_list":["post-664","page","type-page","status-publish","hentry"],"yoast_head":"<!-- This site is optimized with the Yoast SEO plugin v26.7 - https:\/\/yoast.com\/wordpress\/plugins\/seo\/ -->\n<title>Uniformes empresariales a la medida en Santo Domingo, RD - cstradha<\/title>\n<meta name=\"description\" content=\"Confeccionamos uniformes empresariales en Santo Domingo, brindamos calidad y f\u00e1cil ajuste a sus necesidades. Tel.: (829) 694-3467 (WS).\" \/>\n<meta name=\"robots\" content=\"index, follow, max-snippet:-1, max-image-preview:large, max-video-preview:-1\" \/>\n<link rel=\"canonical\" href=\"https:\/\/cstradha.xyz\/do\/uniformes-empresariales\/\" \/>\n<meta property=\"og:locale\" content=\"es_ES\" \/>\n<meta property=\"og:type\" content=\"article\" \/>\n<meta property=\"og:title\" content=\"Uniformes empresariales a la medida en Santo Domingo, RD - cstradha\" \/>\n<meta property=\"og:description\" content=\"Confeccionamos uniformes empresariales en Santo Domingo, brindamos calidad y f\u00e1cil ajuste a sus necesidades. Tel.: (829) 694-3467 (WS).\" \/>\n<meta property=\"og:url\" content=\"https:\/\/cstradha.xyz\/do\/uniformes-empresariales\/\" \/>\n<meta property=\"og:site_name\" content=\"Confecciones cstradha, Santo Domingo, RD\" \/>\n<meta property=\"article:publisher\" content=\"http:\/\/facebook.com\/cstradha\" \/>\n<meta property=\"article:modified_time\" content=\"2025-01-10T22:43:08+00:00\" \/>\n<meta property=\"og:image\" content=\"https:\/\/cstradha.xyz\/do\/wp-content\/uploads\/sites\/2\/2017\/12\/5ab8ceb554063047217a98346671738f-150x300.jpg\" \/>\n<meta name=\"twitter:card\" content=\"summary_large_image\" \/>\n<meta name=\"twitter:label1\" content=\"Tiempo de lectura\" \/>\n\t<meta name=\"twitter:data1\" content=\"2 minutos\" \/>\n<script type=\"application\/ld+json\" class=\"yoast-schema-graph\">{\"@context\":\"https:\/\/schema.org\",\"@graph\":[{\"@type\":\"WebPage\",\"@id\":\"https:\/\/cstradha.xyz\/do\/uniformes-empresariales\/\",\"url\":\"https:\/\/cstradha.xyz\/do\/uniformes-empresariales\/\",\"name\":\"Uniformes empresariales a la medida en Santo Domingo, RD - cstradha\",\"isPartOf\":{\"@id\":\"https:\/\/cstradha.xyz\/do\/#website\"},\"primaryImageOfPage\":{\"@id\":\"https:\/\/cstradha.xyz\/do\/uniformes-empresariales\/#primaryimage\"},\"image\":{\"@id\":\"https:\/\/cstradha.xyz\/do\/uniformes-empresariales\/#primaryimage\"},\"thumbnailUrl\":\"http:\/\/cstradha.xyz\/do\/wp-content\/uploads\/sites\/2\/2017\/12\/identificador-pagina.jpg\",\"datePublished\":\"2020-11-20T03:48:30+00:00\",\"dateModified\":\"2025-01-10T22:43:08+00:00\",\"description\":\"Confeccionamos uniformes empresariales en Santo Domingo, brindamos calidad y f\u00e1cil ajuste a sus necesidades. Tel.: (829) 694-3467 (WS).\",\"breadcrumb\":{\"@id\":\"https:\/\/cstradha.xyz\/do\/uniformes-empresariales\/#breadcrumb\"},\"inLanguage\":\"es\",\"potentialAction\":[{\"@type\":\"ReadAction\",\"target\":[\"https:\/\/cstradha.xyz\/do\/uniformes-empresariales\/\"]}]},{\"@type\":\"ImageObject\",\"inLanguage\":\"es\",\"@id\":\"https:\/\/cstradha.xyz\/do\/uniformes-empresariales\/#primaryimage\",\"url\":\"https:\/\/cstradha.xyz\/do\/wp-content\/uploads\/sites\/2\/2017\/12\/identificador-pagina.jpg\",\"contentUrl\":\"https:\/\/cstradha.xyz\/do\/wp-content\/uploads\/sites\/2\/2017\/12\/identificador-pagina.jpg\",\"width\":1280,\"height\":331,\"caption\":\"uniformes empresariales\"},{\"@type\":\"BreadcrumbList\",\"@id\":\"https:\/\/cstradha.xyz\/do\/uniformes-empresariales\/#breadcrumb\",\"itemListElement\":[{\"@type\":\"ListItem\",\"position\":1,\"name\":\"Santo Domingo (RD)\",\"item\":\"https:\/\/cstradha.xyz\/do\/\"},{\"@type\":\"ListItem\",\"position\":2,\"name\":\"Uniformes empresariales\"}]},{\"@type\":\"WebSite\",\"@id\":\"https:\/\/cstradha.xyz\/do\/#website\",\"url\":\"https:\/\/cstradha.xyz\/do\/\",\"name\":\"Confecciones cstradha, Santo Domingo, RD\",\"description\":\"Confeccion de todo tipo de indumentarias.\",\"publisher\":{\"@id\":\"https:\/\/cstradha.xyz\/do\/#organization\"},\"potentialAction\":[{\"@type\":\"SearchAction\",\"target\":{\"@type\":\"EntryPoint\",\"urlTemplate\":\"https:\/\/cstradha.xyz\/do\/?s={search_term_string}\"},\"query-input\":{\"@type\":\"PropertyValueSpecification\",\"valueRequired\":true,\"valueName\":\"search_term_string\"}}],\"inLanguage\":\"es\"},{\"@type\":\"Organization\",\"@id\":\"https:\/\/cstradha.xyz\/do\/#organization\",\"name\":\"cstradha\",\"url\":\"https:\/\/cstradha.xyz\/do\/\",\"logo\":{\"@type\":\"ImageObject\",\"inLanguage\":\"es\",\"@id\":\"https:\/\/cstradha.xyz\/do\/#\/schema\/logo\/image\/\",\"url\":\"https:\/\/cstradha.xyz\/do\/wp-content\/uploads\/sites\/2\/2024\/10\/weblogo-actualizado-2024-1.png\",\"contentUrl\":\"https:\/\/cstradha.xyz\/do\/wp-content\/uploads\/sites\/2\/2024\/10\/weblogo-actualizado-2024-1.png\",\"width\":627,\"height\":142,\"caption\":\"cstradha\"},\"image\":{\"@id\":\"https:\/\/cstradha.xyz\/do\/#\/schema\/logo\/image\/\"},\"sameAs\":[\"http:\/\/facebook.com\/cstradha\",\"http:\/\/instagram.com\/cstradha\",\"http:\/\/pinterest.com\/cstradha\",\"https:\/\/www.youtube.com\/channel\/UCrwbM4STuW2H7UhStKqveSg\"]}]}<\/script>\n<!-- \/ Yoast SEO plugin. -->","yoast_head_json":{"title":"Uniformes empresariales a la medida en Santo Domingo, RD - cstradha","description":"Confeccionamos uniformes empresariales en Santo Domingo, brindamos calidad y f\u00e1cil ajuste a sus necesidades. Tel.: (829) 694-3467 (WS).","robots":{"index":"index","follow":"follow","max-snippet":"max-snippet:-1","max-image-preview":"max-image-preview:large","max-video-preview":"max-video-preview:-1"},"canonical":"https:\/\/cstradha.xyz\/do\/uniformes-empresariales\/","og_locale":"es_ES","og_type":"article","og_title":"Uniformes empresariales a la medida en Santo Domingo, RD - cstradha","og_description":"Confeccionamos uniformes empresariales en Santo Domingo, brindamos calidad y f\u00e1cil ajuste a sus necesidades. Tel.: (829) 694-3467 (WS).","og_url":"https:\/\/cstradha.xyz\/do\/uniformes-empresariales\/","og_site_name":"Confecciones cstradha, Santo Domingo, RD","article_publisher":"http:\/\/facebook.com\/cstradha","article_modified_time":"2025-01-10T22:43:08+00:00","og_image":[{"url":"https:\/\/cstradha.xyz\/do\/wp-content\/uploads\/sites\/2\/2017\/12\/5ab8ceb554063047217a98346671738f-150x300.jpg","type":"","width":"","height":""}],"twitter_card":"summary_large_image","twitter_misc":{"Tiempo de lectura":"2 minutos"},"schema":{"@context":"https:\/\/schema.org","@graph":[{"@type":"WebPage","@id":"https:\/\/cstradha.xyz\/do\/uniformes-empresariales\/","url":"https:\/\/cstradha.xyz\/do\/uniformes-empresariales\/","name":"Uniformes empresariales a la medida en Santo Domingo, RD - cstradha","isPartOf":{"@id":"https:\/\/cstradha.xyz\/do\/#website"},"primaryImageOfPage":{"@id":"https:\/\/cstradha.xyz\/do\/uniformes-empresariales\/#primaryimage"},"image":{"@id":"https:\/\/cstradha.xyz\/do\/uniformes-empresariales\/#primaryimage"},"thumbnailUrl":"http:\/\/cstradha.xyz\/do\/wp-content\/uploads\/sites\/2\/2017\/12\/identificador-pagina.jpg","datePublished":"2020-11-20T03:48:30+00:00","dateModified":"2025-01-10T22:43:08+00:00","description":"Confeccionamos uniformes empresariales en Santo Domingo, brindamos calidad y f\u00e1cil ajuste a sus necesidades. Tel.: (829) 694-3467 (WS).","breadcrumb":{"@id":"https:\/\/cstradha.xyz\/do\/uniformes-empresariales\/#breadcrumb"},"inLanguage":"es","potentialAction":[{"@type":"ReadAction","target":["https:\/\/cstradha.xyz\/do\/uniformes-empresariales\/"]}]},{"@type":"ImageObject","inLanguage":"es","@id":"https:\/\/cstradha.xyz\/do\/uniformes-empresariales\/#primaryimage","url":"https:\/\/cstradha.xyz\/do\/wp-content\/uploads\/sites\/2\/2017\/12\/identificador-pagina.jpg","contentUrl":"https:\/\/cstradha.xyz\/do\/wp-content\/uploads\/sites\/2\/2017\/12\/identificador-pagina.jpg","width":1280,"height":331,"caption":"uniformes empresariales"},{"@type":"BreadcrumbList","@id":"https:\/\/cstradha.xyz\/do\/uniformes-empresariales\/#breadcrumb","itemListElement":[{"@type":"ListItem","position":1,"name":"Santo Domingo (RD)","item":"https:\/\/cstradha.xyz\/do\/"},{"@type":"ListItem","position":2,"name":"Uniformes empresariales"}]},{"@type":"WebSite","@id":"https:\/\/cstradha.xyz\/do\/#website","url":"https:\/\/cstradha.xyz\/do\/","name":"Confecciones cstradha, Santo Domingo, RD","description":"Confeccion de todo tipo de indumentarias.","publisher":{"@id":"https:\/\/cstradha.xyz\/do\/#organization"},"potentialAction":[{"@type":"SearchAction","target":{"@type":"EntryPoint","urlTemplate":"https:\/\/cstradha.xyz\/do\/?s={search_term_string}"},"query-input":{"@type":"PropertyValueSpecification","valueRequired":true,"valueName":"search_term_string"}}],"inLanguage":"es"},{"@type":"Organization","@id":"https:\/\/cstradha.xyz\/do\/#organization","name":"cstradha","url":"https:\/\/cstradha.xyz\/do\/","logo":{"@type":"ImageObject","inLanguage":"es","@id":"https:\/\/cstradha.xyz\/do\/#\/schema\/logo\/image\/","url":"https:\/\/cstradha.xyz\/do\/wp-content\/uploads\/sites\/2\/2024\/10\/weblogo-actualizado-2024-1.png","contentUrl":"https:\/\/cstradha.xyz\/do\/wp-content\/uploads\/sites\/2\/2024\/10\/weblogo-actualizado-2024-1.png","width":627,"height":142,"caption":"cstradha"},"image":{"@id":"https:\/\/cstradha.xyz\/do\/#\/schema\/logo\/image\/"},"sameAs":["http:\/\/facebook.com\/cstradha","http:\/\/instagram.com\/cstradha","http:\/\/pinterest.com\/cstradha","https:\/\/www.youtube.com\/channel\/UCrwbM4STuW2H7UhStKqveSg"]}]}},"_links":{"self":[{"href":"https:\/\/cstradha.xyz\/do\/wp-json\/wp\/v2\/pages\/664","targetHints":{"allow":["GET"]}}],"collection":[{"href":"https:\/\/cstradha.xyz\/do\/wp-json\/wp\/v2\/pages"}],"about":[{"href":"https:\/\/cstradha.xyz\/do\/wp-json\/wp\/v2\/types\/page"}],"author":[{"embeddable":true,"href":"https:\/\/cstradha.xyz\/do\/wp-json\/wp\/v2\/users\/1"}],"replies":[{"embeddable":true,"href":"https:\/\/cstradha.xyz\/do\/wp-json\/wp\/v2\/comments?post=664"}],"version-history":[{"count":48,"href":"https:\/\/cstradha.xyz\/do\/wp-json\/wp\/v2\/pages\/664\/revisions"}],"predecessor-version":[{"id":5628,"href":"https:\/\/cstradha.xyz\/do\/wp-json\/wp\/v2\/pages\/664\/revisions\/5628"}],"wp:attachment":[{"href":"https:\/\/cstradha.xyz\/do\/wp-json\/wp\/v2\/media?parent=664"}],"curies":[{"name":"wp","href":"https:\/\/api.w.org\/{rel}","templated":true}]}}