{"id":3384,"date":"2020-04-23T20:12:47","date_gmt":"2020-04-23T20:12:47","guid":{"rendered":"https:\/\/cstradha.xyz\/do\/?page_id=3384"},"modified":"2025-01-10T20:39:48","modified_gmt":"2025-01-10T20:39:48","slug":"venta-de-mascarillas-de-tela-reutilizables-en-santo-domingo-rd","status":"publish","type":"page","link":"https:\/\/cstradha.xyz\/do\/venta-de-mascarillas-de-tela-reutilizables-en-santo-domingo-rd\/","title":{"rendered":"Mascarillas de tela reutilizables"},"content":{"rendered":"\n<blockquote class=\"wp-block-quote is-layout-flow wp-block-quote-is-layout-flow\">\n<p>Despu\u00e9s de la vida, lo m\u00e1s importante es nuestra salud, y es por eso que en todo momento, debemos de cuidar de ella y tomar las precauciones necesarias para evitar contagios que puedan afectarnos y ponernos en peligro. Ahora con la pandemia del COVID-19 debemos de tomar medidas de precauci\u00f3n, y una de ellas es haciendo uso de <strong>mascarillas de tela <\/strong>(pueden ser de otros tipos) para protegernos la boca y la nariz, ya que son las zonas por donde es m\u00e1s f\u00e1cil contagiarse a causa del coronavirus.<\/p>\n<\/blockquote>\n\n\n\n<p>Hemos detectado la necesidad incesante que tiene nuestro pa\u00eds de <a href=\"https:\/\/cstradha.xyz\/do\/venta-de-trajes-bio-proteccion-coronavirus-en-santo-domingo-rd\/\">insumos<\/a> para protegerse de esta terrible pandemia, y es por eso que hemos decidido incursionar en la <strong>venta <\/strong>y <strong>fabricaci\u00f3n <\/strong>de <strong>mascarillas de<\/strong>&nbsp;<strong>tela reutilizables en <a href=\"http:\/\/adn.gob.do\/\" target=\"_blank\" rel=\"noreferrer noopener\" aria-label=\"Santo Domingo, RD (se abre en una nueva pesta\u00f1a)\">Santo Domingo, RD<\/a> (al por mayor y al detalle) en los siguientes tipos: quir\u00fargica, para la boca, con filtro, para el coronavirus, para la cara, antifluido, <\/strong>de excelente calidad y variedades de colores, tales como <strong>blancas<\/strong>, baratas y a excelentes precios, ya que los costos de los art\u00edculos importados se han incrementado. Pero nuestros productos siguen manteniendo buenos precios.<\/p>\n\n\n\n<p>Nuestras mascarillas son de diferentes tipos y clasificaciones y m\u00e1s durareras, es decir, el usuario s\u00f3lo debe hacer una inversi\u00f3n y usar la misma por mucho tiempo. S\u00f3lo se debe lavar correctamente y listo, volver a usarla.<\/p>\n\n\n\n<hr class=\"wp-block-separator has-css-opacity is-style-wide\"\/>\n\n\n\n<h2 class=\"wp-block-heading\"><em>Galer\u00eda de mascarillas de tela reutilizables para la boca\/cara, originales (fabricaci\u00f3n local)<\/em><\/h2>\n\n\n\n<hr class=\"wp-block-separator has-css-opacity is-style-wide\"\/>\n\n\n\n<h3 class=\"wp-block-heading\">Mascarillas de tela quir\u00fargicas<\/h3>\n\n\n<div class=\"wp-block-image\">\n<figure class=\"aligncenter size-full is-resized\"><img loading=\"lazy\" decoding=\"async\" src=\"https:\/\/cstradha.xyz\/do\/wp-content\/uploads\/sites\/2\/2020\/04\/mascarillas-de-tela-quirurgicas.jpg\" alt=\"mascarillas de tela quirurgicas\" class=\"wp-image-3390\" width=\"500\" height=\"333\" srcset=\"https:\/\/cstradha.xyz\/do\/wp-content\/uploads\/sites\/2\/2020\/04\/mascarillas-de-tela-quirurgicas.jpg 500w, https:\/\/cstradha.xyz\/do\/wp-content\/uploads\/sites\/2\/2020\/04\/mascarillas-de-tela-quirurgicas-300x200.jpg 300w\" sizes=\"auto, (max-width: 500px) 100vw, 500px\" \/><\/figure>\n<\/div>\n\n\n<h3 class=\"wp-block-heading\">Mascarillas de tela con filtro<\/h3>\n\n\n<div class=\"wp-block-image\">\n<figure class=\"aligncenter size-large is-resized\"><img loading=\"lazy\" decoding=\"async\" src=\"https:\/\/cstradha.xyz\/do\/wp-content\/uploads\/sites\/2\/2020\/04\/mascarillas-de-tela-con-filtro.jpg\" alt=\"mascarillas de tela con filtro\" class=\"wp-image-3392\" width=\"555\" height=\"555\" srcset=\"https:\/\/cstradha.xyz\/do\/wp-content\/uploads\/sites\/2\/2020\/04\/mascarillas-de-tela-con-filtro.jpg 740w, https:\/\/cstradha.xyz\/do\/wp-content\/uploads\/sites\/2\/2020\/04\/mascarillas-de-tela-con-filtro-300x300.jpg 300w, https:\/\/cstradha.xyz\/do\/wp-content\/uploads\/sites\/2\/2020\/04\/mascarillas-de-tela-con-filtro-150x150.jpg 150w, https:\/\/cstradha.xyz\/do\/wp-content\/uploads\/sites\/2\/2020\/04\/mascarillas-de-tela-con-filtro-230x230.jpg 230w, https:\/\/cstradha.xyz\/do\/wp-content\/uploads\/sites\/2\/2020\/04\/mascarillas-de-tela-con-filtro-330x330.jpg 330w\" sizes=\"auto, (max-width: 555px) 100vw, 555px\" \/><\/figure>\n<\/div>\n\n\n<h3 class=\"wp-block-heading\">Mascarillas de tela antifluido<\/h3>\n\n\n<div class=\"wp-block-image is-style-circle-mask\">\n<figure class=\"aligncenter size-large is-resized\"><img loading=\"lazy\" decoding=\"async\" src=\"https:\/\/cstradha.xyz\/do\/wp-content\/uploads\/sites\/2\/2020\/04\/mascarillas-de-tela-antifluido-modified.jpg\" alt=\"mascarillas de tela antifluido\" class=\"wp-image-3394\" width=\"500\" height=\"500\" srcset=\"https:\/\/cstradha.xyz\/do\/wp-content\/uploads\/sites\/2\/2020\/04\/mascarillas-de-tela-antifluido-modified.jpg 1000w, https:\/\/cstradha.xyz\/do\/wp-content\/uploads\/sites\/2\/2020\/04\/mascarillas-de-tela-antifluido-modified-300x300.jpg 300w, https:\/\/cstradha.xyz\/do\/wp-content\/uploads\/sites\/2\/2020\/04\/mascarillas-de-tela-antifluido-modified-150x150.jpg 150w, https:\/\/cstradha.xyz\/do\/wp-content\/uploads\/sites\/2\/2020\/04\/mascarillas-de-tela-antifluido-modified-768x768.jpg 768w, https:\/\/cstradha.xyz\/do\/wp-content\/uploads\/sites\/2\/2020\/04\/mascarillas-de-tela-antifluido-modified-230x230.jpg 230w, https:\/\/cstradha.xyz\/do\/wp-content\/uploads\/sites\/2\/2020\/04\/mascarillas-de-tela-antifluido-modified-330x330.jpg 330w\" sizes=\"auto, (max-width: 500px) 100vw, 500px\" \/><\/figure>\n<\/div>\n\n\n<h3 class=\"wp-block-heading\">Mascarillas de tela blancas<\/h3>\n\n\n<div class=\"wp-block-image\">\n<figure class=\"aligncenter size-large is-resized\"><img loading=\"lazy\" decoding=\"async\" src=\"https:\/\/cstradha.xyz\/do\/wp-content\/uploads\/sites\/2\/2020\/04\/mascarillas-de-tela-blancas.png\" alt=\"mascarillas de tela blancas\" class=\"wp-image-3395\" width=\"600\" height=\"600\" srcset=\"https:\/\/cstradha.xyz\/do\/wp-content\/uploads\/sites\/2\/2020\/04\/mascarillas-de-tela-blancas.png 800w, https:\/\/cstradha.xyz\/do\/wp-content\/uploads\/sites\/2\/2020\/04\/mascarillas-de-tela-blancas-300x300.png 300w, https:\/\/cstradha.xyz\/do\/wp-content\/uploads\/sites\/2\/2020\/04\/mascarillas-de-tela-blancas-150x150.png 150w, https:\/\/cstradha.xyz\/do\/wp-content\/uploads\/sites\/2\/2020\/04\/mascarillas-de-tela-blancas-768x768.png 768w, https:\/\/cstradha.xyz\/do\/wp-content\/uploads\/sites\/2\/2020\/04\/mascarillas-de-tela-blancas-230x230.png 230w, https:\/\/cstradha.xyz\/do\/wp-content\/uploads\/sites\/2\/2020\/04\/mascarillas-de-tela-blancas-330x330.png 330w\" sizes=\"auto, (max-width: 600px) 100vw, 600px\" \/><\/figure>\n<\/div>\n\n\n<p>Es importante que usted como usuario o como <a rel=\"noreferrer noopener nofollow\" aria-label=\"suplidor de mascarillas (se abre en una nueva pesta\u00f1a)\" href=\"https:\/\/solumeca.com\/categoria-producto\/respiradores-3m-en-santo-domingo\/\" target=\"_blank\">suplidor de mascarillas<\/a>, sepa c\u00f3mo dar el uso correcto a las mismas para evitar la infecci\u00f3n o contagio por coronavirus, ya que el uso incorrecto de las mismas podr\u00eda llevarle a contagiarse.<\/p>\n\n\n\n<hr class=\"wp-block-separator has-css-opacity is-style-wide\"\/>\n\n\n\n<h3 class=\"wp-block-heading\">Algunas de las precauciones son:<\/h3>\n\n\n\n<ul class=\"wp-block-list\">\n<li>Lavar las mascarillas con jab\u00f3n despues de usarlas, y exponerlas al sol. Esto es con el objetivo de aniquilar el virus lo m\u00e1s pronto posible (si se propag\u00f3 hacia la mascarilla).<\/li>\n\n\n\n<li>Agarrar la mascarillas por los enganches, nunca por el frente.<\/li>\n\n\n\n<li>Desp\u00faes de usar la mascarilla no se puede tocar la cara.<\/li>\n<\/ul>\n\n\n\n<p>M\u00e1s recomendaciones <a rel=\"noreferrer noopener nofollow\" aria-label=\"en este enlace (se abre en una nueva pesta\u00f1a)\" href=\"https:\/\/espanol.cdc.gov\/coronavirus\/2019-ncov\/prevent-getting-sick\/diy-cloth-face-coverings.html\" target=\"_blank\">en este enlace<\/a>. Las mascarillas de tela en verdad <strong>funcionan <\/strong>y <strong>son efectivas.<\/strong><\/p>\n\n\n\n<hr class=\"wp-block-separator has-css-opacity is-style-wide\"\/>\n\n\n\n<h2 class=\"wp-block-heading\"><em>Precios de las mascarillas de tela reutilizables que fabricamos<\/em><em><\/em><\/h2>\n\n\n\n<p>Somos una empresa flexible, abierta a negocios y a nuevas posibilidades, por lo que si usted tiene la necesidad de adquirir las mascarillas al por mayor y dispone de una cantidad significativa, acordamos un precio que convenga entre ambas partes y as\u00ed, realizar las negociaciones pertinentes.<\/p>\n\n\n\n<hr class=\"wp-block-separator has-css-opacity is-style-wide\"\/>\n\n\n\n<p><em><a href=\"https:\/\/cstradha.xyz\/do\/contactenos\/\">Cont\u00e1ctenos<\/a> <\/em>para adquirir sus mascarillas y hacer negociaci\u00f3n.<\/p>\n","protected":false},"excerpt":{"rendered":"<p>Despu\u00e9s de la vida, lo m\u00e1s importante es nuestra salud, y es por eso que en todo momento, debemos de cuidar de ella y tomar las precauciones necesarias para evitar contagios que puedan afectarnos y ponernos en peligro. Ahora con<\/p>\n","protected":false},"author":1,"featured_media":0,"parent":0,"menu_order":0,"comment_status":"closed","ping_status":"closed","template":"","meta":{"_joinchat":[],"footnotes":""},"class_list":["post-3384","page","type-page","status-publish","hentry"],"yoast_head":"<!-- This site is optimized with the Yoast SEO plugin v26.7 - https:\/\/yoast.com\/wordpress\/plugins\/seo\/ -->\n<title>Venta de mascarillas de tela reutilizables en Santo Domingo, RD - cstradha<\/title>\n<meta name=\"description\" content=\"Nos dedicamos a la fabricaci\u00f3n y venta (mayor\/detalle) de mascarillas de tela reutilizables para el coronavirus. Para comprar: WhatsApp: (829) 694-3467.\" \/>\n<meta name=\"robots\" content=\"index, follow, max-snippet:-1, max-image-preview:large, max-video-preview:-1\" \/>\n<link rel=\"canonical\" href=\"https:\/\/cstradha.xyz\/do\/venta-de-mascarillas-de-tela-reutilizables-en-santo-domingo-rd\/\" \/>\n<meta property=\"og:locale\" content=\"es_ES\" \/>\n<meta property=\"og:type\" content=\"article\" \/>\n<meta property=\"og:title\" content=\"Venta de mascarillas de tela reutilizables en Santo Domingo, RD - cstradha\" \/>\n<meta property=\"og:description\" content=\"Nos dedicamos a la fabricaci\u00f3n y venta (mayor\/detalle) de mascarillas de tela reutilizables para el coronavirus. Para comprar: WhatsApp: (829) 694-3467.\" \/>\n<meta property=\"og:url\" content=\"https:\/\/cstradha.xyz\/do\/venta-de-mascarillas-de-tela-reutilizables-en-santo-domingo-rd\/\" \/>\n<meta property=\"og:site_name\" content=\"Confecciones cstradha, Santo Domingo, RD\" \/>\n<meta property=\"article:publisher\" content=\"http:\/\/facebook.com\/cstradha\" \/>\n<meta property=\"article:modified_time\" content=\"2025-01-10T20:39:48+00:00\" \/>\n<meta property=\"og:image\" content=\"https:\/\/cstradha.xyz\/do\/wp-content\/uploads\/sites\/2\/2020\/04\/mascarillas-de-tela-quirurgicas.jpg\" \/>\n<meta name=\"twitter:card\" content=\"summary_large_image\" \/>\n<meta name=\"twitter:label1\" content=\"Tiempo de lectura\" \/>\n\t<meta name=\"twitter:data1\" content=\"2 minutos\" \/>\n<script type=\"application\/ld+json\" class=\"yoast-schema-graph\">{\"@context\":\"https:\/\/schema.org\",\"@graph\":[{\"@type\":\"WebPage\",\"@id\":\"https:\/\/cstradha.xyz\/do\/venta-de-mascarillas-de-tela-reutilizables-en-santo-domingo-rd\/\",\"url\":\"https:\/\/cstradha.xyz\/do\/venta-de-mascarillas-de-tela-reutilizables-en-santo-domingo-rd\/\",\"name\":\"Venta de mascarillas de tela reutilizables en Santo Domingo, RD - cstradha\",\"isPartOf\":{\"@id\":\"https:\/\/cstradha.xyz\/do\/#website\"},\"primaryImageOfPage\":{\"@id\":\"https:\/\/cstradha.xyz\/do\/venta-de-mascarillas-de-tela-reutilizables-en-santo-domingo-rd\/#primaryimage\"},\"image\":{\"@id\":\"https:\/\/cstradha.xyz\/do\/venta-de-mascarillas-de-tela-reutilizables-en-santo-domingo-rd\/#primaryimage\"},\"thumbnailUrl\":\"https:\/\/cstradha.xyz\/do\/wp-content\/uploads\/sites\/2\/2020\/04\/mascarillas-de-tela-quirurgicas.jpg\",\"datePublished\":\"2020-04-23T20:12:47+00:00\",\"dateModified\":\"2025-01-10T20:39:48+00:00\",\"description\":\"Nos dedicamos a la fabricaci\u00f3n y venta (mayor\/detalle) de mascarillas de tela reutilizables para el coronavirus. Para comprar: WhatsApp: (829) 694-3467.\",\"breadcrumb\":{\"@id\":\"https:\/\/cstradha.xyz\/do\/venta-de-mascarillas-de-tela-reutilizables-en-santo-domingo-rd\/#breadcrumb\"},\"inLanguage\":\"es\",\"potentialAction\":[{\"@type\":\"ReadAction\",\"target\":[\"https:\/\/cstradha.xyz\/do\/venta-de-mascarillas-de-tela-reutilizables-en-santo-domingo-rd\/\"]}]},{\"@type\":\"ImageObject\",\"inLanguage\":\"es\",\"@id\":\"https:\/\/cstradha.xyz\/do\/venta-de-mascarillas-de-tela-reutilizables-en-santo-domingo-rd\/#primaryimage\",\"url\":\"https:\/\/cstradha.xyz\/do\/wp-content\/uploads\/sites\/2\/2020\/04\/mascarillas-de-tela-quirurgicas.jpg\",\"contentUrl\":\"https:\/\/cstradha.xyz\/do\/wp-content\/uploads\/sites\/2\/2020\/04\/mascarillas-de-tela-quirurgicas.jpg\",\"width\":500,\"height\":333,\"caption\":\"mascarillas de tela quirurgicas\"},{\"@type\":\"BreadcrumbList\",\"@id\":\"https:\/\/cstradha.xyz\/do\/venta-de-mascarillas-de-tela-reutilizables-en-santo-domingo-rd\/#breadcrumb\",\"itemListElement\":[{\"@type\":\"ListItem\",\"position\":1,\"name\":\"Santo Domingo (RD)\",\"item\":\"https:\/\/cstradha.xyz\/do\/\"},{\"@type\":\"ListItem\",\"position\":2,\"name\":\"Mascarillas de tela reutilizables\"}]},{\"@type\":\"WebSite\",\"@id\":\"https:\/\/cstradha.xyz\/do\/#website\",\"url\":\"https:\/\/cstradha.xyz\/do\/\",\"name\":\"Confecciones cstradha, Santo Domingo, RD\",\"description\":\"Confeccion de todo tipo de indumentarias.\",\"publisher\":{\"@id\":\"https:\/\/cstradha.xyz\/do\/#organization\"},\"potentialAction\":[{\"@type\":\"SearchAction\",\"target\":{\"@type\":\"EntryPoint\",\"urlTemplate\":\"https:\/\/cstradha.xyz\/do\/?s={search_term_string}\"},\"query-input\":{\"@type\":\"PropertyValueSpecification\",\"valueRequired\":true,\"valueName\":\"search_term_string\"}}],\"inLanguage\":\"es\"},{\"@type\":\"Organization\",\"@id\":\"https:\/\/cstradha.xyz\/do\/#organization\",\"name\":\"cstradha\",\"url\":\"https:\/\/cstradha.xyz\/do\/\",\"logo\":{\"@type\":\"ImageObject\",\"inLanguage\":\"es\",\"@id\":\"https:\/\/cstradha.xyz\/do\/#\/schema\/logo\/image\/\",\"url\":\"https:\/\/cstradha.xyz\/do\/wp-content\/uploads\/sites\/2\/2024\/10\/weblogo-actualizado-2024-1.png\",\"contentUrl\":\"https:\/\/cstradha.xyz\/do\/wp-content\/uploads\/sites\/2\/2024\/10\/weblogo-actualizado-2024-1.png\",\"width\":627,\"height\":142,\"caption\":\"cstradha\"},\"image\":{\"@id\":\"https:\/\/cstradha.xyz\/do\/#\/schema\/logo\/image\/\"},\"sameAs\":[\"http:\/\/facebook.com\/cstradha\",\"http:\/\/instagram.com\/cstradha\",\"http:\/\/pinterest.com\/cstradha\",\"https:\/\/www.youtube.com\/channel\/UCrwbM4STuW2H7UhStKqveSg\"]}]}<\/script>\n<!-- \/ Yoast SEO plugin. -->","yoast_head_json":{"title":"Venta de mascarillas de tela reutilizables en Santo Domingo, RD - cstradha","description":"Nos dedicamos a la fabricaci\u00f3n y venta (mayor\/detalle) de mascarillas de tela reutilizables para el coronavirus. Para comprar: WhatsApp: (829) 694-3467.","robots":{"index":"index","follow":"follow","max-snippet":"max-snippet:-1","max-image-preview":"max-image-preview:large","max-video-preview":"max-video-preview:-1"},"canonical":"https:\/\/cstradha.xyz\/do\/venta-de-mascarillas-de-tela-reutilizables-en-santo-domingo-rd\/","og_locale":"es_ES","og_type":"article","og_title":"Venta de mascarillas de tela reutilizables en Santo Domingo, RD - cstradha","og_description":"Nos dedicamos a la fabricaci\u00f3n y venta (mayor\/detalle) de mascarillas de tela reutilizables para el coronavirus. Para comprar: WhatsApp: (829) 694-3467.","og_url":"https:\/\/cstradha.xyz\/do\/venta-de-mascarillas-de-tela-reutilizables-en-santo-domingo-rd\/","og_site_name":"Confecciones cstradha, Santo Domingo, RD","article_publisher":"http:\/\/facebook.com\/cstradha","article_modified_time":"2025-01-10T20:39:48+00:00","og_image":[{"url":"https:\/\/cstradha.xyz\/do\/wp-content\/uploads\/sites\/2\/2020\/04\/mascarillas-de-tela-quirurgicas.jpg","type":"","width":"","height":""}],"twitter_card":"summary_large_image","twitter_misc":{"Tiempo de lectura":"2 minutos"},"schema":{"@context":"https:\/\/schema.org","@graph":[{"@type":"WebPage","@id":"https:\/\/cstradha.xyz\/do\/venta-de-mascarillas-de-tela-reutilizables-en-santo-domingo-rd\/","url":"https:\/\/cstradha.xyz\/do\/venta-de-mascarillas-de-tela-reutilizables-en-santo-domingo-rd\/","name":"Venta de mascarillas de tela reutilizables en Santo Domingo, RD - cstradha","isPartOf":{"@id":"https:\/\/cstradha.xyz\/do\/#website"},"primaryImageOfPage":{"@id":"https:\/\/cstradha.xyz\/do\/venta-de-mascarillas-de-tela-reutilizables-en-santo-domingo-rd\/#primaryimage"},"image":{"@id":"https:\/\/cstradha.xyz\/do\/venta-de-mascarillas-de-tela-reutilizables-en-santo-domingo-rd\/#primaryimage"},"thumbnailUrl":"https:\/\/cstradha.xyz\/do\/wp-content\/uploads\/sites\/2\/2020\/04\/mascarillas-de-tela-quirurgicas.jpg","datePublished":"2020-04-23T20:12:47+00:00","dateModified":"2025-01-10T20:39:48+00:00","description":"Nos dedicamos a la fabricaci\u00f3n y venta (mayor\/detalle) de mascarillas de tela reutilizables para el coronavirus. Para comprar: WhatsApp: (829) 694-3467.","breadcrumb":{"@id":"https:\/\/cstradha.xyz\/do\/venta-de-mascarillas-de-tela-reutilizables-en-santo-domingo-rd\/#breadcrumb"},"inLanguage":"es","potentialAction":[{"@type":"ReadAction","target":["https:\/\/cstradha.xyz\/do\/venta-de-mascarillas-de-tela-reutilizables-en-santo-domingo-rd\/"]}]},{"@type":"ImageObject","inLanguage":"es","@id":"https:\/\/cstradha.xyz\/do\/venta-de-mascarillas-de-tela-reutilizables-en-santo-domingo-rd\/#primaryimage","url":"https:\/\/cstradha.xyz\/do\/wp-content\/uploads\/sites\/2\/2020\/04\/mascarillas-de-tela-quirurgicas.jpg","contentUrl":"https:\/\/cstradha.xyz\/do\/wp-content\/uploads\/sites\/2\/2020\/04\/mascarillas-de-tela-quirurgicas.jpg","width":500,"height":333,"caption":"mascarillas de tela quirurgicas"},{"@type":"BreadcrumbList","@id":"https:\/\/cstradha.xyz\/do\/venta-de-mascarillas-de-tela-reutilizables-en-santo-domingo-rd\/#breadcrumb","itemListElement":[{"@type":"ListItem","position":1,"name":"Santo Domingo (RD)","item":"https:\/\/cstradha.xyz\/do\/"},{"@type":"ListItem","position":2,"name":"Mascarillas de tela reutilizables"}]},{"@type":"WebSite","@id":"https:\/\/cstradha.xyz\/do\/#website","url":"https:\/\/cstradha.xyz\/do\/","name":"Confecciones cstradha, Santo Domingo, RD","description":"Confeccion de todo tipo de indumentarias.","publisher":{"@id":"https:\/\/cstradha.xyz\/do\/#organization"},"potentialAction":[{"@type":"SearchAction","target":{"@type":"EntryPoint","urlTemplate":"https:\/\/cstradha.xyz\/do\/?s={search_term_string}"},"query-input":{"@type":"PropertyValueSpecification","valueRequired":true,"valueName":"search_term_string"}}],"inLanguage":"es"},{"@type":"Organization","@id":"https:\/\/cstradha.xyz\/do\/#organization","name":"cstradha","url":"https:\/\/cstradha.xyz\/do\/","logo":{"@type":"ImageObject","inLanguage":"es","@id":"https:\/\/cstradha.xyz\/do\/#\/schema\/logo\/image\/","url":"https:\/\/cstradha.xyz\/do\/wp-content\/uploads\/sites\/2\/2024\/10\/weblogo-actualizado-2024-1.png","contentUrl":"https:\/\/cstradha.xyz\/do\/wp-content\/uploads\/sites\/2\/2024\/10\/weblogo-actualizado-2024-1.png","width":627,"height":142,"caption":"cstradha"},"image":{"@id":"https:\/\/cstradha.xyz\/do\/#\/schema\/logo\/image\/"},"sameAs":["http:\/\/facebook.com\/cstradha","http:\/\/instagram.com\/cstradha","http:\/\/pinterest.com\/cstradha","https:\/\/www.youtube.com\/channel\/UCrwbM4STuW2H7UhStKqveSg"]}]}},"_links":{"self":[{"href":"https:\/\/cstradha.xyz\/do\/wp-json\/wp\/v2\/pages\/3384","targetHints":{"allow":["GET"]}}],"collection":[{"href":"https:\/\/cstradha.xyz\/do\/wp-json\/wp\/v2\/pages"}],"about":[{"href":"https:\/\/cstradha.xyz\/do\/wp-json\/wp\/v2\/types\/page"}],"author":[{"embeddable":true,"href":"https:\/\/cstradha.xyz\/do\/wp-json\/wp\/v2\/users\/1"}],"replies":[{"embeddable":true,"href":"https:\/\/cstradha.xyz\/do\/wp-json\/wp\/v2\/comments?post=3384"}],"version-history":[{"count":11,"href":"https:\/\/cstradha.xyz\/do\/wp-json\/wp\/v2\/pages\/3384\/revisions"}],"predecessor-version":[{"id":21578,"href":"https:\/\/cstradha.xyz\/do\/wp-json\/wp\/v2\/pages\/3384\/revisions\/21578"}],"wp:attachment":[{"href":"https:\/\/cstradha.xyz\/do\/wp-json\/wp\/v2\/media?parent=3384"}],"curies":[{"name":"wp","href":"https:\/\/api.w.org\/{rel}","templated":true}]}}