{"id":2717,"date":"2019-12-12T02:07:04","date_gmt":"2019-12-12T02:07:04","guid":{"rendered":"https:\/\/cstradha.xyz\/do\/?page_id=2717"},"modified":"2025-01-10T22:30:50","modified_gmt":"2025-01-10T22:30:50","slug":"uniformes-escolares-al-por-mayor","status":"publish","type":"page","link":"https:\/\/cstradha.xyz\/do\/uniformes-escolares-al-por-mayor\/","title":{"rendered":"Uniformes escolares al por mayor"},"content":{"rendered":"<h1><strong>Uniformes escolares al por mayor<\/strong><\/h1>\n<p><img loading=\"lazy\" decoding=\"async\" class=\"size-full wp-image-2721\" src=\"https:\/\/cstradha.xyz\/do\/wp-content\/uploads\/sites\/2\/2019\/12\/tshirt-2428521_1280.jpg\" alt=\"uniformes escolares al por mayor\" width=\"1280\" height=\"789\" srcset=\"https:\/\/cstradha.xyz\/do\/wp-content\/uploads\/sites\/2\/2019\/12\/tshirt-2428521_1280.jpg 1280w, https:\/\/cstradha.xyz\/do\/wp-content\/uploads\/sites\/2\/2019\/12\/tshirt-2428521_1280-300x185.jpg 300w, https:\/\/cstradha.xyz\/do\/wp-content\/uploads\/sites\/2\/2019\/12\/tshirt-2428521_1280-1024x631.jpg 1024w, https:\/\/cstradha.xyz\/do\/wp-content\/uploads\/sites\/2\/2019\/12\/tshirt-2428521_1280-768x473.jpg 768w\" sizes=\"auto, (max-width: 1280px) 100vw, 1280px\" \/><\/p>\n<blockquote><p>Es usted propietario de una escuela o instituci\u00f3n escolar, \u00bfpero no sabe d\u00f3nde adquirir el uniforme escolar para los integrantes de su escuela? Pues ya no piense m\u00e1s donde puede conseguirlos, porque fabricamos y hacemos <strong>venta de uniformes escolares al por mayor<\/strong>, ya que entendemos perfectamente la necesidad que tienen los centros educativos a la hora de comprar el uniforme para sus estudiantes.<\/p><\/blockquote>\n<p>Entendemos que usted como persona encargada de la adquisici\u00f3n de uniformes escolares dentro de la instituci\u00f3n escolar, demanda de ciertos est\u00e1ndares y requisitos para adquirir los mismos, ya que usted persigue que estos sean en primer lugar de excelente calidad con el objetivo de asegurar duraci\u00f3n, portar de una buena apariencia a sus estudiantes.<\/p>\n<p>En segundo lugar, como en su instituci\u00f3n se debe administrar el presupuesto de forma eficiente en varias compras, la <strong>venta de uniformes escolares por mayoreo<\/strong> que hacemos son a buenos precios, por lo que usted no va tener inconvenientes a la hora de adquirir sus uniformes.<\/p>\n<hr>\n<p>Nos ajustamos:<\/p>\n<ul>\n<li>A su presupuesto.<\/li>\n<li>A sus condiciones econ\u00f3micas en el momento<\/li>\n<li>Podemos proponerle lo m\u00e1s adecuado de acuerdo al presupuesto que tenga en el momento, pero sin descuidar la calidad y la terminaci\u00f3n que debe tener su pedido.<\/li>\n<\/ul>\n<hr>\n<h2><strong>Proveedores de uniformes escolares<\/strong><\/h2>\n<p>Adem\u00e1s de hacer <strong>venta de uniformes escolares al por mayor<\/strong>, nosotros no tenemos por qu\u00e9 limitarnos con usted a hacerle una sola venta y terminar.<\/p>\n<p>Nos puede tomar en cuenta como <strong>proveedores de uniformes escolares<\/strong>, para que cada vez que necesite uniformes para vestir a su alumnado, nosotros suplirle de una manera f\u00e1cil y r\u00e1pida, con c\u00f3modas condiciones de pago. Para nosotros lo mas importante con usted es la relaci\u00f3n de negocios, y que siempre nos tome en cuenta tan pronto tenga necesidad de <strong>uniformes escolares.<\/strong><\/p>\n<hr>\n<h3><strong>Distribuidora de uniformes escolares<\/strong><\/h3>\n<p>Adem\u00e1s de fabricar, tambi\u00e9n somos <strong>distribuidora de uniformes escolares<\/strong> de nuestra marca, es decir, que usted solo debe contactarnos para hacer su cadena de distribuci\u00f3n de nuestro uniforme, de forma c\u00f3moda y a buen precio. <a href=\"https:\/\/cstradha.xyz\/do\/contactenos\/\"><strong>Cont\u00e1ctenos aqu\u00ed<\/strong><\/a> para negociar.<\/p>\n<p>Quiere saber mas acerca de la compra al por mayor? <a href=\"https:\/\/www.noticiasvigo.es\/ventajas-e-inconvenientes-compras-mayoristas\/\"><strong>Venga aqui<\/strong><\/a>.<\/p>\n","protected":false},"excerpt":{"rendered":"<p>Uniformes escolares al por mayor Es usted propietario de una escuela o instituci\u00f3n escolar, \u00bfpero no sabe d\u00f3nde adquirir el uniforme escolar para los integrantes de su escuela? Pues ya no piense m\u00e1s donde puede conseguirlos, porque fabricamos y hacemos<\/p>\n","protected":false},"author":1,"featured_media":0,"parent":0,"menu_order":0,"comment_status":"closed","ping_status":"closed","template":"","meta":{"_joinchat":[],"footnotes":""},"class_list":["post-2717","page","type-page","status-publish","hentry"],"yoast_head":"<!-- This site is optimized with the Yoast SEO plugin v26.7 - https:\/\/yoast.com\/wordpress\/plugins\/seo\/ -->\n<title>Uniformes escolares al por mayor en Santo Domingo, RD - cstradha<\/title>\n<meta name=\"description\" content=\"Busca uniformes escolares al por mayor a buen precio y de buenas telas? Ha encontrado los proveedores indicados. Mas info escribir al WhatsApp (829) 694-3467.\" \/>\n<meta name=\"robots\" content=\"index, follow, max-snippet:-1, max-image-preview:large, max-video-preview:-1\" \/>\n<link rel=\"canonical\" href=\"https:\/\/cstradha.xyz\/do\/uniformes-escolares-al-por-mayor\/\" \/>\n<meta property=\"og:locale\" content=\"es_ES\" \/>\n<meta property=\"og:type\" content=\"article\" \/>\n<meta property=\"og:title\" content=\"Uniformes escolares al por mayor en Santo Domingo, RD - cstradha\" \/>\n<meta property=\"og:description\" content=\"Busca uniformes escolares al por mayor a buen precio y de buenas telas? Ha encontrado los proveedores indicados. Mas info escribir al WhatsApp (829) 694-3467.\" \/>\n<meta property=\"og:url\" content=\"https:\/\/cstradha.xyz\/do\/uniformes-escolares-al-por-mayor\/\" \/>\n<meta property=\"og:site_name\" content=\"Confecciones cstradha, Santo Domingo, RD\" \/>\n<meta property=\"article:publisher\" content=\"http:\/\/facebook.com\/cstradha\" \/>\n<meta property=\"article:modified_time\" content=\"2025-01-10T22:30:50+00:00\" \/>\n<meta property=\"og:image\" content=\"https:\/\/cstradha.xyz\/do\/wp-content\/uploads\/sites\/2\/2019\/12\/tshirt-2428521_1280.jpg\" \/>\n<meta name=\"twitter:card\" content=\"summary_large_image\" \/>\n<meta name=\"twitter:label1\" content=\"Tiempo de lectura\" \/>\n\t<meta name=\"twitter:data1\" content=\"2 minutos\" \/>\n<script type=\"application\/ld+json\" class=\"yoast-schema-graph\">{\"@context\":\"https:\/\/schema.org\",\"@graph\":[{\"@type\":\"WebPage\",\"@id\":\"https:\/\/cstradha.xyz\/do\/uniformes-escolares-al-por-mayor\/\",\"url\":\"https:\/\/cstradha.xyz\/do\/uniformes-escolares-al-por-mayor\/\",\"name\":\"Uniformes escolares al por mayor en Santo Domingo, RD - cstradha\",\"isPartOf\":{\"@id\":\"https:\/\/cstradha.xyz\/do\/#website\"},\"primaryImageOfPage\":{\"@id\":\"https:\/\/cstradha.xyz\/do\/uniformes-escolares-al-por-mayor\/#primaryimage\"},\"image\":{\"@id\":\"https:\/\/cstradha.xyz\/do\/uniformes-escolares-al-por-mayor\/#primaryimage\"},\"thumbnailUrl\":\"https:\/\/cstradha.xyz\/do\/wp-content\/uploads\/sites\/2\/2019\/12\/tshirt-2428521_1280.jpg\",\"datePublished\":\"2019-12-12T02:07:04+00:00\",\"dateModified\":\"2025-01-10T22:30:50+00:00\",\"description\":\"Busca uniformes escolares al por mayor a buen precio y de buenas telas? Ha encontrado los proveedores indicados. Mas info escribir al WhatsApp (829) 694-3467.\",\"breadcrumb\":{\"@id\":\"https:\/\/cstradha.xyz\/do\/uniformes-escolares-al-por-mayor\/#breadcrumb\"},\"inLanguage\":\"es\",\"potentialAction\":[{\"@type\":\"ReadAction\",\"target\":[\"https:\/\/cstradha.xyz\/do\/uniformes-escolares-al-por-mayor\/\"]}]},{\"@type\":\"ImageObject\",\"inLanguage\":\"es\",\"@id\":\"https:\/\/cstradha.xyz\/do\/uniformes-escolares-al-por-mayor\/#primaryimage\",\"url\":\"https:\/\/cstradha.xyz\/do\/wp-content\/uploads\/sites\/2\/2019\/12\/tshirt-2428521_1280.jpg\",\"contentUrl\":\"https:\/\/cstradha.xyz\/do\/wp-content\/uploads\/sites\/2\/2019\/12\/tshirt-2428521_1280.jpg\",\"width\":1280,\"height\":789,\"caption\":\"uniformes escolares al por mayor\"},{\"@type\":\"BreadcrumbList\",\"@id\":\"https:\/\/cstradha.xyz\/do\/uniformes-escolares-al-por-mayor\/#breadcrumb\",\"itemListElement\":[{\"@type\":\"ListItem\",\"position\":1,\"name\":\"Santo Domingo (RD)\",\"item\":\"https:\/\/cstradha.xyz\/do\/\"},{\"@type\":\"ListItem\",\"position\":2,\"name\":\"Uniformes escolares al por mayor\"}]},{\"@type\":\"WebSite\",\"@id\":\"https:\/\/cstradha.xyz\/do\/#website\",\"url\":\"https:\/\/cstradha.xyz\/do\/\",\"name\":\"Confecciones cstradha, Santo Domingo, RD\",\"description\":\"Confeccion de todo tipo de indumentarias.\",\"publisher\":{\"@id\":\"https:\/\/cstradha.xyz\/do\/#organization\"},\"potentialAction\":[{\"@type\":\"SearchAction\",\"target\":{\"@type\":\"EntryPoint\",\"urlTemplate\":\"https:\/\/cstradha.xyz\/do\/?s={search_term_string}\"},\"query-input\":{\"@type\":\"PropertyValueSpecification\",\"valueRequired\":true,\"valueName\":\"search_term_string\"}}],\"inLanguage\":\"es\"},{\"@type\":\"Organization\",\"@id\":\"https:\/\/cstradha.xyz\/do\/#organization\",\"name\":\"cstradha\",\"url\":\"https:\/\/cstradha.xyz\/do\/\",\"logo\":{\"@type\":\"ImageObject\",\"inLanguage\":\"es\",\"@id\":\"https:\/\/cstradha.xyz\/do\/#\/schema\/logo\/image\/\",\"url\":\"https:\/\/cstradha.xyz\/do\/wp-content\/uploads\/sites\/2\/2024\/10\/weblogo-actualizado-2024-1.png\",\"contentUrl\":\"https:\/\/cstradha.xyz\/do\/wp-content\/uploads\/sites\/2\/2024\/10\/weblogo-actualizado-2024-1.png\",\"width\":627,\"height\":142,\"caption\":\"cstradha\"},\"image\":{\"@id\":\"https:\/\/cstradha.xyz\/do\/#\/schema\/logo\/image\/\"},\"sameAs\":[\"http:\/\/facebook.com\/cstradha\",\"http:\/\/instagram.com\/cstradha\",\"http:\/\/pinterest.com\/cstradha\",\"https:\/\/www.youtube.com\/channel\/UCrwbM4STuW2H7UhStKqveSg\"]}]}<\/script>\n<!-- \/ Yoast SEO plugin. -->","yoast_head_json":{"title":"Uniformes escolares al por mayor en Santo Domingo, RD - cstradha","description":"Busca uniformes escolares al por mayor a buen precio y de buenas telas? Ha encontrado los proveedores indicados. Mas info escribir al WhatsApp (829) 694-3467.","robots":{"index":"index","follow":"follow","max-snippet":"max-snippet:-1","max-image-preview":"max-image-preview:large","max-video-preview":"max-video-preview:-1"},"canonical":"https:\/\/cstradha.xyz\/do\/uniformes-escolares-al-por-mayor\/","og_locale":"es_ES","og_type":"article","og_title":"Uniformes escolares al por mayor en Santo Domingo, RD - cstradha","og_description":"Busca uniformes escolares al por mayor a buen precio y de buenas telas? Ha encontrado los proveedores indicados. Mas info escribir al WhatsApp (829) 694-3467.","og_url":"https:\/\/cstradha.xyz\/do\/uniformes-escolares-al-por-mayor\/","og_site_name":"Confecciones cstradha, Santo Domingo, RD","article_publisher":"http:\/\/facebook.com\/cstradha","article_modified_time":"2025-01-10T22:30:50+00:00","og_image":[{"url":"https:\/\/cstradha.xyz\/do\/wp-content\/uploads\/sites\/2\/2019\/12\/tshirt-2428521_1280.jpg","type":"","width":"","height":""}],"twitter_card":"summary_large_image","twitter_misc":{"Tiempo de lectura":"2 minutos"},"schema":{"@context":"https:\/\/schema.org","@graph":[{"@type":"WebPage","@id":"https:\/\/cstradha.xyz\/do\/uniformes-escolares-al-por-mayor\/","url":"https:\/\/cstradha.xyz\/do\/uniformes-escolares-al-por-mayor\/","name":"Uniformes escolares al por mayor en Santo Domingo, RD - cstradha","isPartOf":{"@id":"https:\/\/cstradha.xyz\/do\/#website"},"primaryImageOfPage":{"@id":"https:\/\/cstradha.xyz\/do\/uniformes-escolares-al-por-mayor\/#primaryimage"},"image":{"@id":"https:\/\/cstradha.xyz\/do\/uniformes-escolares-al-por-mayor\/#primaryimage"},"thumbnailUrl":"https:\/\/cstradha.xyz\/do\/wp-content\/uploads\/sites\/2\/2019\/12\/tshirt-2428521_1280.jpg","datePublished":"2019-12-12T02:07:04+00:00","dateModified":"2025-01-10T22:30:50+00:00","description":"Busca uniformes escolares al por mayor a buen precio y de buenas telas? Ha encontrado los proveedores indicados. Mas info escribir al WhatsApp (829) 694-3467.","breadcrumb":{"@id":"https:\/\/cstradha.xyz\/do\/uniformes-escolares-al-por-mayor\/#breadcrumb"},"inLanguage":"es","potentialAction":[{"@type":"ReadAction","target":["https:\/\/cstradha.xyz\/do\/uniformes-escolares-al-por-mayor\/"]}]},{"@type":"ImageObject","inLanguage":"es","@id":"https:\/\/cstradha.xyz\/do\/uniformes-escolares-al-por-mayor\/#primaryimage","url":"https:\/\/cstradha.xyz\/do\/wp-content\/uploads\/sites\/2\/2019\/12\/tshirt-2428521_1280.jpg","contentUrl":"https:\/\/cstradha.xyz\/do\/wp-content\/uploads\/sites\/2\/2019\/12\/tshirt-2428521_1280.jpg","width":1280,"height":789,"caption":"uniformes escolares al por mayor"},{"@type":"BreadcrumbList","@id":"https:\/\/cstradha.xyz\/do\/uniformes-escolares-al-por-mayor\/#breadcrumb","itemListElement":[{"@type":"ListItem","position":1,"name":"Santo Domingo (RD)","item":"https:\/\/cstradha.xyz\/do\/"},{"@type":"ListItem","position":2,"name":"Uniformes escolares al por mayor"}]},{"@type":"WebSite","@id":"https:\/\/cstradha.xyz\/do\/#website","url":"https:\/\/cstradha.xyz\/do\/","name":"Confecciones cstradha, Santo Domingo, RD","description":"Confeccion de todo tipo de indumentarias.","publisher":{"@id":"https:\/\/cstradha.xyz\/do\/#organization"},"potentialAction":[{"@type":"SearchAction","target":{"@type":"EntryPoint","urlTemplate":"https:\/\/cstradha.xyz\/do\/?s={search_term_string}"},"query-input":{"@type":"PropertyValueSpecification","valueRequired":true,"valueName":"search_term_string"}}],"inLanguage":"es"},{"@type":"Organization","@id":"https:\/\/cstradha.xyz\/do\/#organization","name":"cstradha","url":"https:\/\/cstradha.xyz\/do\/","logo":{"@type":"ImageObject","inLanguage":"es","@id":"https:\/\/cstradha.xyz\/do\/#\/schema\/logo\/image\/","url":"https:\/\/cstradha.xyz\/do\/wp-content\/uploads\/sites\/2\/2024\/10\/weblogo-actualizado-2024-1.png","contentUrl":"https:\/\/cstradha.xyz\/do\/wp-content\/uploads\/sites\/2\/2024\/10\/weblogo-actualizado-2024-1.png","width":627,"height":142,"caption":"cstradha"},"image":{"@id":"https:\/\/cstradha.xyz\/do\/#\/schema\/logo\/image\/"},"sameAs":["http:\/\/facebook.com\/cstradha","http:\/\/instagram.com\/cstradha","http:\/\/pinterest.com\/cstradha","https:\/\/www.youtube.com\/channel\/UCrwbM4STuW2H7UhStKqveSg"]}]}},"_links":{"self":[{"href":"https:\/\/cstradha.xyz\/do\/wp-json\/wp\/v2\/pages\/2717","targetHints":{"allow":["GET"]}}],"collection":[{"href":"https:\/\/cstradha.xyz\/do\/wp-json\/wp\/v2\/pages"}],"about":[{"href":"https:\/\/cstradha.xyz\/do\/wp-json\/wp\/v2\/types\/page"}],"author":[{"embeddable":true,"href":"https:\/\/cstradha.xyz\/do\/wp-json\/wp\/v2\/users\/1"}],"replies":[{"embeddable":true,"href":"https:\/\/cstradha.xyz\/do\/wp-json\/wp\/v2\/comments?post=2717"}],"version-history":[{"count":7,"href":"https:\/\/cstradha.xyz\/do\/wp-json\/wp\/v2\/pages\/2717\/revisions"}],"predecessor-version":[{"id":3098,"href":"https:\/\/cstradha.xyz\/do\/wp-json\/wp\/v2\/pages\/2717\/revisions\/3098"}],"wp:attachment":[{"href":"https:\/\/cstradha.xyz\/do\/wp-json\/wp\/v2\/media?parent=2717"}],"curies":[{"name":"wp","href":"https:\/\/api.w.org\/{rel}","templated":true}]}}