{"id":2698,"date":"2019-12-12T01:40:02","date_gmt":"2019-12-12T01:40:02","guid":{"rendered":"https:\/\/cstradha.xyz\/do\/?page_id=2698"},"modified":"2025-01-10T22:31:20","modified_gmt":"2025-01-10T22:31:20","slug":"uniformes-escolares-de-secundaria","status":"publish","type":"page","link":"https:\/\/cstradha.xyz\/do\/uniformes-escolares-de-secundaria\/","title":{"rendered":"Uniformes escolares de secundaria"},"content":{"rendered":"<h1><strong>Uniformes escolares de secundaria<\/strong><\/h1>\n<hr>\n<p><img loading=\"lazy\" decoding=\"async\" class=\"size-full wp-image-2707\" src=\"https:\/\/cstradha.xyz\/do\/wp-content\/uploads\/sites\/2\/2019\/12\/girl-3718537_1280.jpg\" alt=\"uniformes escolares de secundaria\" width=\"1280\" height=\"853\" srcset=\"https:\/\/cstradha.xyz\/do\/wp-content\/uploads\/sites\/2\/2019\/12\/girl-3718537_1280.jpg 1280w, https:\/\/cstradha.xyz\/do\/wp-content\/uploads\/sites\/2\/2019\/12\/girl-3718537_1280-300x200.jpg 300w, https:\/\/cstradha.xyz\/do\/wp-content\/uploads\/sites\/2\/2019\/12\/girl-3718537_1280-1024x682.jpg 1024w, https:\/\/cstradha.xyz\/do\/wp-content\/uploads\/sites\/2\/2019\/12\/girl-3718537_1280-768x512.jpg 768w\" sizes=\"auto, (max-width: 1280px) 100vw, 1280px\" \/><\/p>\n<blockquote><p>Su hijo\/a ya est\u00e1 creciendo y se encuentra en una etapa en la que pasa a un nivel superior en la escuela, ahora de estar en primaria est\u00e1 en la secundaria o bachillerato. Eso significa que pronto ira a la universidad. Pero lo que usted no sabe es que tambi\u00e9n significa, que su v\u00e1stago debe portar una mejor prenda de vestir, lo suficientemente bonita, dotada de elegancia e impecabilidad con el objetivo de realzar su imagen, su autoestima y valor que tiene su v\u00e1stago para usted dentro del sal\u00f3n dentro del sal\u00f3n y el centro escolar. Como sabemos en la etapa en la que ya su descendiente se encuentra y a lo mejor usted no tiene o conoce un lugar donde adquirir el atuendo que cumpla con las competencias que exige usted y el sistema educativo, fabricamos y vendemos <strong>uniformes escolares de secundaria<\/strong>, con el objetivo de satisfacer sus necesidades y dejarle con las ganas de volver a nuestro establecimiento a renovar el uniforme de su v\u00e1stago cuando le toque.<\/p>\n<p>Haciendo referencia a lo enunciado anteriormente sobre la etapa en la que su v\u00e1stago se encuentra, usted a lo mejor anda buscando una opci\u00f3n que cumpla con los requisitos que exige el plantel educativo donde su hijo\/a estudia, y por supuesto que cumpla con los est\u00e1ndares de calidad que demanda usted como padre de su hijo\/a.<\/p><\/blockquote>\n<p>Es por eso, que ofrecemos multitud de modelos pintorescos, atractivos, calidad y decencia, usando buenas telas para su confecci\u00f3n. Nuestros <strong>precios de uniformes escolares para la secundaria<\/strong> depender\u00e1n de la calidad del mismo.<\/p>\n<hr>\n<div class=\"gmedia_gallery phantom_module is_bot\" id=\"GmediaGallery_99\" data-gmid=\"99\" data-module=\"phantom\"><style type='text\/css' class='gmedia_module_style_import'>@import url('https:\/\/cstradha.xyz\/do\/wp-content\/plugins\/grand-media\/module\/phantom\/css\/style.css?v=3.21') all;\/**** .phantom_module #GmediaGallery_99 ****\/\r\n#GmediaGallery_99 .gmPhantom_ThumbContainer,\r\n#GmediaGallery_99 .gmPhantom_LoadMore {width:150px; height:150px;}\r\n#GmediaGallery_99 .gmPhantom_MobileView .gmPhantom_ThumbContainer,\r\n#GmediaGallery_99 .gmPhantom_MobileView .gmPhantom_LoadMore {width:175px; height:175px;}\r\n#GmediaGallery_99 .gmPhantom_LoadMore .gmPhantom_pager {font-size:75px;line-height:150px;}\r\n#GmediaGallery_99 .gmPhantom_MobileView .gmPhantom_LoadMore .gmPhantom_pager {font-size:87.5px;line-height:175px;}\r\n#GmediaGallery_99 .gmPhantom_LoadMore[data-col=\"1\"] {width:auto;height:50px;}\r\n#GmediaGallery_99 .gmPhantom_LoadMore[data-col=\"1\"] .gmPhantom_pager,\r\n#GmediaGallery_99 .gmPhantom_MobileView .gmPhantom_LoadMore[data-col=\"1\"] .gmPhantom_pager {font-size:40px;line-height:50px;}\r\n#GmediaGallery_99 .gmPhantom_ThumbContainer,\r\n#GmediaGallery_99 .gmPhantom_LoadMore {padding:0px;}\r\n#GmediaGallery_99 .gmPhantom_LabelBottom .gmPhantom_ThumbContainer {padding-bottom:36px;}\r\n#GmediaGallery_99 .gmPhantom_LabelBottom .gmPhantom_LoadMore {padding-top:36px;}\r\n#GmediaGallery_99 .gmPhantom_LabelBottom .gmPhantom_LoadMore[data-col=\"1\"] {padding-top:0px;}\r\n#GmediaGallery_99 .gmPhantom_ThumbContainer,\r\n#GmediaGallery_99 .gmPhantom_LoadMore {border:5px solid #cccccc;}\r\n#GmediaGallery_99 .gmPhantom_ThumbContainer,\r\n#GmediaGallery_99 .gmPhantom_LoadMore {box-shadow:0 0 5px -2px #cccccc;}<\/style>    <div class=\"gmPhantom_Container noLightbox\" >\r\n                <div class=\"gmPhantom_thumbsWrapper gmPhantom_LabelHover\">\r\n                        <div class=\"gmPhantom_ThumbContainer gmPhantom_ThumbLoader\" data-id=\"492\" data-post_id=\"2714\" data-ratio=\"0.68649885583524\" data-type=\"image\" data-ext=\"jpg\" data-views=\"26\" data-likes=\"0\">\r\n                <a href=\"https:\/\/cstradha.xyz\/do\/wp-content\/blogs.dir\/2\/grand-media\/image\/uniforme_formal_para_uniformes_escolares_de_secundaria.jpg\" class=\"gmPhantom_Thumb\"><img decoding=\"async\" class=\"noLazy\" src=\"https:\/\/cstradha.xyz\/do\/wp-content\/blogs.dir\/2\/grand-media\/image\/thumb\/uniforme_formal_para_uniformes_escolares_de_secundaria.jpg\" data-src=\"https:\/\/cstradha.xyz\/do\/wp-content\/blogs.dir\/2\/grand-media\/image\/uniforme_formal_para_uniformes_escolares_de_secundaria.jpg\" alt=\"Uniforme Formal Para Uniformes Escolares De Secundaria\"\/><\/a>\r\n                                    <div class=\"gmPhantom_ThumbLabel\"><span class=\"gmPhantom_ThumbLabel_title\">Uniforme Formal Para Uniformes Escolares De Secundaria<\/span><\/div>\r\n                                    <div style=\"display:none;\" class=\"gmPhantom_Details\">\r\n                                            <div class=\"gmPhantom_description\">\r\n                            <div class=\"gmPhantom_title\">Uniforme Formal Para Uniformes Escolares De Secundaria<\/div>\r\n                            <div class=\"gmPhantom_text\"><\/div>\r\n                        <\/div>\r\n                                                            <div class=\"gmPhantom_terms\">\r\n                                            <\/div>\r\n                <\/div>\r\n                <\/div>            <div class=\"gmPhantom_ThumbContainer gmPhantom_ThumbLoader\" data-id=\"491\" data-post_id=\"2713\" data-ratio=\"0.56285178236398\" data-type=\"image\" data-ext=\"jpg\" data-views=\"29\" data-likes=\"0\">\r\n                <a href=\"https:\/\/cstradha.xyz\/do\/wp-content\/blogs.dir\/2\/grand-media\/image\/falda_y_corbata_para_uniformes_escolares_de_secundaria.jpg\" class=\"gmPhantom_Thumb\"><img decoding=\"async\" class=\"noLazy\" src=\"https:\/\/cstradha.xyz\/do\/wp-content\/blogs.dir\/2\/grand-media\/image\/thumb\/falda_y_corbata_para_uniformes_escolares_de_secundaria.jpg\" data-src=\"https:\/\/cstradha.xyz\/do\/wp-content\/blogs.dir\/2\/grand-media\/image\/falda_y_corbata_para_uniformes_escolares_de_secundaria.jpg\" alt=\"Falda Y Corbata Para Uniformes Escolares De Secundaria\"\/><\/a>\r\n                                    <div class=\"gmPhantom_ThumbLabel\"><span class=\"gmPhantom_ThumbLabel_title\">Falda Y Corbata Para Uniformes Escolares De Secundaria<\/span><\/div>\r\n                                    <div style=\"display:none;\" class=\"gmPhantom_Details\">\r\n                                            <div class=\"gmPhantom_description\">\r\n                            <div class=\"gmPhantom_title\">Falda Y Corbata Para Uniformes Escolares De Secundaria<\/div>\r\n                            <div class=\"gmPhantom_text\"><\/div>\r\n                        <\/div>\r\n                                                            <div class=\"gmPhantom_terms\">\r\n                                            <\/div>\r\n                <\/div>\r\n                <\/div>            <div class=\"gmPhantom_ThumbContainer gmPhantom_ThumbLoader\" data-id=\"490\" data-post_id=\"2712\" data-ratio=\"0.66666666666667\" data-type=\"image\" data-ext=\"jpg\" data-views=\"27\" data-likes=\"0\">\r\n                <a href=\"https:\/\/cstradha.xyz\/do\/wp-content\/blogs.dir\/2\/grand-media\/image\/camisa_y_falda_de_cuadros_para_uniformes_escolares_de_secundaria.jpg\" class=\"gmPhantom_Thumb\"><img decoding=\"async\" class=\"noLazy\" src=\"https:\/\/cstradha.xyz\/do\/wp-content\/blogs.dir\/2\/grand-media\/image\/thumb\/camisa_y_falda_de_cuadros_para_uniformes_escolares_de_secundaria.jpg\" data-src=\"https:\/\/cstradha.xyz\/do\/wp-content\/blogs.dir\/2\/grand-media\/image\/camisa_y_falda_de_cuadros_para_uniformes_escolares_de_secundaria.jpg\" alt=\"Camisa Y Falda De Cuadros Para Uniformes Escolares De Secundaria\"\/><\/a>\r\n                                    <div class=\"gmPhantom_ThumbLabel\"><span class=\"gmPhantom_ThumbLabel_title\">Camisa Y Falda De Cuadros Para Uniformes Escolares De Secundaria<\/span><\/div>\r\n                                    <div style=\"display:none;\" class=\"gmPhantom_Details\">\r\n                                            <div class=\"gmPhantom_description\">\r\n                            <div class=\"gmPhantom_title\">Camisa Y Falda De Cuadros Para Uniformes Escolares De Secundaria<\/div>\r\n                            <div class=\"gmPhantom_text\"><\/div>\r\n                        <\/div>\r\n                                                            <div class=\"gmPhantom_terms\">\r\n                                            <\/div>\r\n                <\/div>\r\n                <\/div>        <\/div>\r\n    <\/div>\r\n<\/div>\n<hr>\n<p>En el proceso escolar por el que pasa un individuo en la escuela desde los 3 \u2013 18 a\u00f1os de edad, como humano y persona que ha vivido la experiencia, doy por dem\u00e1s mi opini\u00f3n de que la mejor etapa en la vida de un estudiante en la escuela, es la secundaria\/bachillerato\/preparatoria, porque es donde como persona empiezas a ver el mundo de forma diferente, a madurar, reflexionar y socializarte de una mejor manera con los compa\u00f1eros de tu clase, y a definir los objetivos de la vida. Usted como padre tambi\u00e9n paso por esa etapa, y ocurrieron los mismos procesos.<\/p>\n<p>Para entonces dotar a su hijo\/a de buena autoestima, impecabilidad, y responsabilidad debe dotar a su hijo de la mejor vestimenta para ir a la escuela, para que ma\u00f1ana su v\u00e1stago sea de una persona de formalidad y representaci\u00f3n.<\/p>\n<p>Si quiere saber que opinan los chicos sobre los uniformes, <a href=\"https:\/\/es.lovetoknow.com\/ninos\/educacion-infantil\/que-opinan-chicos-sobre-uniformes-escolares\"><strong>venga por aca.<\/strong><\/a><\/p>\n<hr>\n<p><a href=\"https:\/\/cstradha.xyz\/do\/contactenos\/\"><strong>Cont\u00e1ctenos aqu\u00ed<\/strong> <\/a>para que adquiera su uniforme.<\/p>\n","protected":false},"excerpt":{"rendered":"<p>Uniformes escolares de secundaria Su hijo\/a ya est\u00e1 creciendo y se encuentra en una etapa en la que pasa a un nivel superior en la escuela, ahora de estar en primaria est\u00e1 en la secundaria o bachillerato. Eso significa que<\/p>\n","protected":false},"author":1,"featured_media":0,"parent":0,"menu_order":0,"comment_status":"closed","ping_status":"closed","template":"","meta":{"_joinchat":[],"footnotes":""},"class_list":["post-2698","page","type-page","status-publish","hentry"],"yoast_head":"<!-- This site is optimized with the Yoast SEO plugin v26.7 - https:\/\/yoast.com\/wordpress\/plugins\/seo\/ -->\n<title>Uniformes escolares de secundaria en Santo Domingo, RD - cstradha<\/title>\n<meta name=\"description\" content=\"Su hijo\/a esta creciendo? Es adolescente? Pues necesita uniformes escolares de secundaria. Contactenos a nuestro WhatsApp -(829) 694-3467- para mas detalles.\" \/>\n<meta name=\"robots\" content=\"index, follow, max-snippet:-1, max-image-preview:large, max-video-preview:-1\" \/>\n<link rel=\"canonical\" href=\"https:\/\/cstradha.xyz\/do\/uniformes-escolares-de-secundaria\/\" \/>\n<meta property=\"og:locale\" content=\"es_ES\" \/>\n<meta property=\"og:type\" content=\"article\" \/>\n<meta property=\"og:title\" content=\"Uniformes escolares de secundaria en Santo Domingo, RD - cstradha\" \/>\n<meta property=\"og:description\" content=\"Su hijo\/a esta creciendo? Es adolescente? Pues necesita uniformes escolares de secundaria. Contactenos a nuestro WhatsApp -(829) 694-3467- para mas detalles.\" \/>\n<meta property=\"og:url\" content=\"https:\/\/cstradha.xyz\/do\/uniformes-escolares-de-secundaria\/\" \/>\n<meta property=\"og:site_name\" content=\"Confecciones cstradha, Santo Domingo, RD\" \/>\n<meta property=\"article:publisher\" content=\"http:\/\/facebook.com\/cstradha\" \/>\n<meta property=\"article:modified_time\" content=\"2025-01-10T22:31:20+00:00\" \/>\n<meta property=\"og:image\" content=\"https:\/\/cstradha.xyz\/do\/wp-content\/uploads\/sites\/2\/2019\/12\/girl-3718537_1280.jpg\" \/>\n<meta name=\"twitter:card\" content=\"summary_large_image\" \/>\n<meta name=\"twitter:label1\" content=\"Tiempo de lectura\" \/>\n\t<meta name=\"twitter:data1\" content=\"2 minutos\" \/>\n<script type=\"application\/ld+json\" class=\"yoast-schema-graph\">{\"@context\":\"https:\/\/schema.org\",\"@graph\":[{\"@type\":\"WebPage\",\"@id\":\"https:\/\/cstradha.xyz\/do\/uniformes-escolares-de-secundaria\/\",\"url\":\"https:\/\/cstradha.xyz\/do\/uniformes-escolares-de-secundaria\/\",\"name\":\"Uniformes escolares de secundaria en Santo Domingo, RD - cstradha\",\"isPartOf\":{\"@id\":\"https:\/\/cstradha.xyz\/do\/#website\"},\"primaryImageOfPage\":{\"@id\":\"https:\/\/cstradha.xyz\/do\/uniformes-escolares-de-secundaria\/#primaryimage\"},\"image\":{\"@id\":\"https:\/\/cstradha.xyz\/do\/uniformes-escolares-de-secundaria\/#primaryimage\"},\"thumbnailUrl\":\"https:\/\/cstradha.xyz\/do\/wp-content\/uploads\/sites\/2\/2019\/12\/girl-3718537_1280.jpg\",\"datePublished\":\"2019-12-12T01:40:02+00:00\",\"dateModified\":\"2025-01-10T22:31:20+00:00\",\"description\":\"Su hijo\/a esta creciendo? Es adolescente? Pues necesita uniformes escolares de secundaria. Contactenos a nuestro WhatsApp -(829) 694-3467- para mas detalles.\",\"breadcrumb\":{\"@id\":\"https:\/\/cstradha.xyz\/do\/uniformes-escolares-de-secundaria\/#breadcrumb\"},\"inLanguage\":\"es\",\"potentialAction\":[{\"@type\":\"ReadAction\",\"target\":[\"https:\/\/cstradha.xyz\/do\/uniformes-escolares-de-secundaria\/\"]}]},{\"@type\":\"ImageObject\",\"inLanguage\":\"es\",\"@id\":\"https:\/\/cstradha.xyz\/do\/uniformes-escolares-de-secundaria\/#primaryimage\",\"url\":\"https:\/\/cstradha.xyz\/do\/wp-content\/uploads\/sites\/2\/2019\/12\/girl-3718537_1280.jpg\",\"contentUrl\":\"https:\/\/cstradha.xyz\/do\/wp-content\/uploads\/sites\/2\/2019\/12\/girl-3718537_1280.jpg\",\"width\":1280,\"height\":853,\"caption\":\"uniformes escolares de secundaria\"},{\"@type\":\"BreadcrumbList\",\"@id\":\"https:\/\/cstradha.xyz\/do\/uniformes-escolares-de-secundaria\/#breadcrumb\",\"itemListElement\":[{\"@type\":\"ListItem\",\"position\":1,\"name\":\"Santo Domingo (RD)\",\"item\":\"https:\/\/cstradha.xyz\/do\/\"},{\"@type\":\"ListItem\",\"position\":2,\"name\":\"Uniformes escolares de secundaria\"}]},{\"@type\":\"WebSite\",\"@id\":\"https:\/\/cstradha.xyz\/do\/#website\",\"url\":\"https:\/\/cstradha.xyz\/do\/\",\"name\":\"Confecciones cstradha, Santo Domingo, RD\",\"description\":\"Confeccion de todo tipo de indumentarias.\",\"publisher\":{\"@id\":\"https:\/\/cstradha.xyz\/do\/#organization\"},\"potentialAction\":[{\"@type\":\"SearchAction\",\"target\":{\"@type\":\"EntryPoint\",\"urlTemplate\":\"https:\/\/cstradha.xyz\/do\/?s={search_term_string}\"},\"query-input\":{\"@type\":\"PropertyValueSpecification\",\"valueRequired\":true,\"valueName\":\"search_term_string\"}}],\"inLanguage\":\"es\"},{\"@type\":\"Organization\",\"@id\":\"https:\/\/cstradha.xyz\/do\/#organization\",\"name\":\"cstradha\",\"url\":\"https:\/\/cstradha.xyz\/do\/\",\"logo\":{\"@type\":\"ImageObject\",\"inLanguage\":\"es\",\"@id\":\"https:\/\/cstradha.xyz\/do\/#\/schema\/logo\/image\/\",\"url\":\"https:\/\/cstradha.xyz\/do\/wp-content\/uploads\/sites\/2\/2024\/10\/weblogo-actualizado-2024-1.png\",\"contentUrl\":\"https:\/\/cstradha.xyz\/do\/wp-content\/uploads\/sites\/2\/2024\/10\/weblogo-actualizado-2024-1.png\",\"width\":627,\"height\":142,\"caption\":\"cstradha\"},\"image\":{\"@id\":\"https:\/\/cstradha.xyz\/do\/#\/schema\/logo\/image\/\"},\"sameAs\":[\"http:\/\/facebook.com\/cstradha\",\"http:\/\/instagram.com\/cstradha\",\"http:\/\/pinterest.com\/cstradha\",\"https:\/\/www.youtube.com\/channel\/UCrwbM4STuW2H7UhStKqveSg\"]}]}<\/script>\n<!-- \/ Yoast SEO plugin. -->","yoast_head_json":{"title":"Uniformes escolares de secundaria en Santo Domingo, RD - cstradha","description":"Su hijo\/a esta creciendo? Es adolescente? Pues necesita uniformes escolares de secundaria. Contactenos a nuestro WhatsApp -(829) 694-3467- para mas detalles.","robots":{"index":"index","follow":"follow","max-snippet":"max-snippet:-1","max-image-preview":"max-image-preview:large","max-video-preview":"max-video-preview:-1"},"canonical":"https:\/\/cstradha.xyz\/do\/uniformes-escolares-de-secundaria\/","og_locale":"es_ES","og_type":"article","og_title":"Uniformes escolares de secundaria en Santo Domingo, RD - cstradha","og_description":"Su hijo\/a esta creciendo? Es adolescente? Pues necesita uniformes escolares de secundaria. Contactenos a nuestro WhatsApp -(829) 694-3467- para mas detalles.","og_url":"https:\/\/cstradha.xyz\/do\/uniformes-escolares-de-secundaria\/","og_site_name":"Confecciones cstradha, Santo Domingo, RD","article_publisher":"http:\/\/facebook.com\/cstradha","article_modified_time":"2025-01-10T22:31:20+00:00","og_image":[{"url":"https:\/\/cstradha.xyz\/do\/wp-content\/uploads\/sites\/2\/2019\/12\/girl-3718537_1280.jpg","type":"","width":"","height":""}],"twitter_card":"summary_large_image","twitter_misc":{"Tiempo de lectura":"2 minutos"},"schema":{"@context":"https:\/\/schema.org","@graph":[{"@type":"WebPage","@id":"https:\/\/cstradha.xyz\/do\/uniformes-escolares-de-secundaria\/","url":"https:\/\/cstradha.xyz\/do\/uniformes-escolares-de-secundaria\/","name":"Uniformes escolares de secundaria en Santo Domingo, RD - cstradha","isPartOf":{"@id":"https:\/\/cstradha.xyz\/do\/#website"},"primaryImageOfPage":{"@id":"https:\/\/cstradha.xyz\/do\/uniformes-escolares-de-secundaria\/#primaryimage"},"image":{"@id":"https:\/\/cstradha.xyz\/do\/uniformes-escolares-de-secundaria\/#primaryimage"},"thumbnailUrl":"https:\/\/cstradha.xyz\/do\/wp-content\/uploads\/sites\/2\/2019\/12\/girl-3718537_1280.jpg","datePublished":"2019-12-12T01:40:02+00:00","dateModified":"2025-01-10T22:31:20+00:00","description":"Su hijo\/a esta creciendo? Es adolescente? Pues necesita uniformes escolares de secundaria. Contactenos a nuestro WhatsApp -(829) 694-3467- para mas detalles.","breadcrumb":{"@id":"https:\/\/cstradha.xyz\/do\/uniformes-escolares-de-secundaria\/#breadcrumb"},"inLanguage":"es","potentialAction":[{"@type":"ReadAction","target":["https:\/\/cstradha.xyz\/do\/uniformes-escolares-de-secundaria\/"]}]},{"@type":"ImageObject","inLanguage":"es","@id":"https:\/\/cstradha.xyz\/do\/uniformes-escolares-de-secundaria\/#primaryimage","url":"https:\/\/cstradha.xyz\/do\/wp-content\/uploads\/sites\/2\/2019\/12\/girl-3718537_1280.jpg","contentUrl":"https:\/\/cstradha.xyz\/do\/wp-content\/uploads\/sites\/2\/2019\/12\/girl-3718537_1280.jpg","width":1280,"height":853,"caption":"uniformes escolares de secundaria"},{"@type":"BreadcrumbList","@id":"https:\/\/cstradha.xyz\/do\/uniformes-escolares-de-secundaria\/#breadcrumb","itemListElement":[{"@type":"ListItem","position":1,"name":"Santo Domingo (RD)","item":"https:\/\/cstradha.xyz\/do\/"},{"@type":"ListItem","position":2,"name":"Uniformes escolares de secundaria"}]},{"@type":"WebSite","@id":"https:\/\/cstradha.xyz\/do\/#website","url":"https:\/\/cstradha.xyz\/do\/","name":"Confecciones cstradha, Santo Domingo, RD","description":"Confeccion de todo tipo de indumentarias.","publisher":{"@id":"https:\/\/cstradha.xyz\/do\/#organization"},"potentialAction":[{"@type":"SearchAction","target":{"@type":"EntryPoint","urlTemplate":"https:\/\/cstradha.xyz\/do\/?s={search_term_string}"},"query-input":{"@type":"PropertyValueSpecification","valueRequired":true,"valueName":"search_term_string"}}],"inLanguage":"es"},{"@type":"Organization","@id":"https:\/\/cstradha.xyz\/do\/#organization","name":"cstradha","url":"https:\/\/cstradha.xyz\/do\/","logo":{"@type":"ImageObject","inLanguage":"es","@id":"https:\/\/cstradha.xyz\/do\/#\/schema\/logo\/image\/","url":"https:\/\/cstradha.xyz\/do\/wp-content\/uploads\/sites\/2\/2024\/10\/weblogo-actualizado-2024-1.png","contentUrl":"https:\/\/cstradha.xyz\/do\/wp-content\/uploads\/sites\/2\/2024\/10\/weblogo-actualizado-2024-1.png","width":627,"height":142,"caption":"cstradha"},"image":{"@id":"https:\/\/cstradha.xyz\/do\/#\/schema\/logo\/image\/"},"sameAs":["http:\/\/facebook.com\/cstradha","http:\/\/instagram.com\/cstradha","http:\/\/pinterest.com\/cstradha","https:\/\/www.youtube.com\/channel\/UCrwbM4STuW2H7UhStKqveSg"]}]}},"_links":{"self":[{"href":"https:\/\/cstradha.xyz\/do\/wp-json\/wp\/v2\/pages\/2698","targetHints":{"allow":["GET"]}}],"collection":[{"href":"https:\/\/cstradha.xyz\/do\/wp-json\/wp\/v2\/pages"}],"about":[{"href":"https:\/\/cstradha.xyz\/do\/wp-json\/wp\/v2\/types\/page"}],"author":[{"embeddable":true,"href":"https:\/\/cstradha.xyz\/do\/wp-json\/wp\/v2\/users\/1"}],"replies":[{"embeddable":true,"href":"https:\/\/cstradha.xyz\/do\/wp-json\/wp\/v2\/comments?post=2698"}],"version-history":[{"count":11,"href":"https:\/\/cstradha.xyz\/do\/wp-json\/wp\/v2\/pages\/2698\/revisions"}],"predecessor-version":[{"id":3099,"href":"https:\/\/cstradha.xyz\/do\/wp-json\/wp\/v2\/pages\/2698\/revisions\/3099"}],"wp:attachment":[{"href":"https:\/\/cstradha.xyz\/do\/wp-json\/wp\/v2\/media?parent=2698"}],"curies":[{"name":"wp","href":"https:\/\/api.w.org\/{rel}","templated":true}]}}