{"id":2,"date":"2017-11-21T01:39:42","date_gmt":"2017-11-21T01:39:42","guid":{"rendered":"http:\/\/cstradha.xyz\/do\/?page_id=2"},"modified":"2026-04-10T18:59:25","modified_gmt":"2026-04-10T18:59:25","slug":"cstradha","status":"publish","type":"page","link":"https:\/\/cstradha.xyz\/do\/","title":{"rendered":"cstradha"},"content":{"rendered":"<p>Confecciones &amp; Soluciones Textiles Santo Domingo, RD (cstradha).<\/p>\n<p><img loading=\"lazy\" decoding=\"async\" class=\"wp-image-139 size-full\" src=\"http:\/\/cstradha.xyz\/do\/wp-content\/uploads\/sites\/2\/2017\/11\/comienzo.jpg\" alt=\"confecciones\" width=\"1280\" height=\"448\" srcset=\"https:\/\/cstradha.xyz\/do\/wp-content\/uploads\/sites\/2\/2017\/11\/comienzo.jpg 1280w, https:\/\/cstradha.xyz\/do\/wp-content\/uploads\/sites\/2\/2017\/11\/comienzo-300x105.jpg 300w, https:\/\/cstradha.xyz\/do\/wp-content\/uploads\/sites\/2\/2017\/11\/comienzo-768x269.jpg 768w, https:\/\/cstradha.xyz\/do\/wp-content\/uploads\/sites\/2\/2017\/11\/comienzo-1024x358.jpg 1024w\" sizes=\"auto, (max-width: 1280px) 100vw, 1280px\" \/><\/p>\n<p>Confecciones de prendas de vestir e indumentarias, especializados en la <strong>confecci\u00f3n y fabricaci\u00f3n de camisas<\/strong> de todo tipo, desde empresariales hasta camisas de vestir, sin importar el dise\u00f1o y la cantidad. Tambi\u00e9n contamos con m\u00f3dulos dedicados a la<strong> confecci\u00f3n de: <a href=\"https:\/\/uniformes.do\">uniformes<\/a> (empresariales, m\u00e9dicos, restaurantes, hoteles), vestidos para fiestas y eventos, banderas, <a href=\"https:\/\/cstradha.xyz\/do\/confeccion-de-manteles\/\">manteles<\/a> y m\u00e1s<\/strong>.<\/p>\n<p>Si usted es empresa, o es una persona, o tiene un proyecto que desea darle forma, lo primero que debe considerar es el vestuario de sus trabajadores, compa\u00f1eros, seguidores, socios, anfitriones y secuaces.<\/p>\n<p>\u00c9stos son los que le dar\u00e1n una buena imagen a su proyecto.<\/p>\n<p>Ofrecemos:<\/p>\n<p><a href=\"http:\/\/cstradha.xyz\/do\/uniformes-empresariales\/\" target=\"_blank\" rel=\"noopener noreferrer\">Uniformes empresariales<\/a><\/p>\n<p><a href=\"http:\/\/cstradha.xyz\/do\/confeccion-de-camisas\/\" target=\"_blank\" rel=\"noopener noreferrer\">Camisas escolares y empresariales<\/a><\/p>\n<p>No lo dude m\u00e1s y cont\u00e1ctenos aqu\u00ed.<\/p>\n<p><a href=\"http:\/\/cstradha.xyz\/do\/contactenos\/\">Cont\u00e1ctenos<\/a><\/p>\n","protected":false},"excerpt":{"rendered":"<p>Confecciones &amp; Soluciones Textiles Santo Domingo, RD (cstradha). Confecciones de prendas de vestir e indumentarias, especializados en la confecci\u00f3n y fabricaci\u00f3n de camisas de todo tipo, desde empresariales hasta camisas de vestir, sin importar el dise\u00f1o y la cantidad. Tambi\u00e9n<\/p>\n","protected":false},"author":1,"featured_media":0,"parent":0,"menu_order":0,"comment_status":"closed","ping_status":"open","template":"page-templates\/template-business.php","meta":{"_joinchat":[],"footnotes":""},"class_list":["post-2","page","type-page","status-publish","hentry"],"yoast_head":"<!-- This site is optimized with the Yoast SEO plugin v26.7 - https:\/\/yoast.com\/wordpress\/plugins\/seo\/ -->\n<title>Confecciones cstradha, Santo Domingo, RD<\/title>\n<meta name=\"description\" content=\"Confecciones cstradha es una empresa dedicada a la confecci\u00f3n de uniformes, camisas, vestidos de fiesta, banderas, manteles y m\u00e1s en Santo Domingo, RD.\" \/>\n<meta name=\"robots\" content=\"index, follow, max-snippet:-1, max-image-preview:large, max-video-preview:-1\" \/>\n<link rel=\"canonical\" href=\"https:\/\/cstradha.xyz\/do\/\" \/>\n<meta property=\"og:locale\" content=\"es_ES\" \/>\n<meta property=\"og:type\" content=\"article\" \/>\n<meta property=\"og:title\" content=\"Confecciones cstradha, Santo Domingo, RD\" \/>\n<meta property=\"og:description\" content=\"Confecciones cstradha es una empresa dedicada a la confecci\u00f3n de uniformes, camisas, vestidos de fiesta, banderas, manteles y m\u00e1s en Santo Domingo, RD.\" \/>\n<meta property=\"og:url\" content=\"https:\/\/cstradha.xyz\/do\/\" \/>\n<meta property=\"og:site_name\" content=\"Confecciones cstradha, Santo Domingo, RD\" \/>\n<meta property=\"article:publisher\" content=\"http:\/\/facebook.com\/cstradha\" \/>\n<meta property=\"article:modified_time\" content=\"2026-04-10T18:59:25+00:00\" \/>\n<meta property=\"og:image\" content=\"https:\/\/cstradha.xyz\/do\/wp-content\/uploads\/sites\/2\/2017\/11\/comienzo.jpg\" \/>\n\t<meta property=\"og:image:width\" content=\"1280\" \/>\n\t<meta property=\"og:image:height\" content=\"448\" \/>\n\t<meta property=\"og:image:type\" content=\"image\/jpeg\" \/>\n<meta name=\"twitter:card\" content=\"summary_large_image\" \/>\n<meta name=\"twitter:label1\" content=\"Tiempo de lectura\" \/>\n\t<meta name=\"twitter:data1\" content=\"1 minuto\" \/>\n<script type=\"application\/ld+json\" class=\"yoast-schema-graph\">{\"@context\":\"https:\/\/schema.org\",\"@graph\":[{\"@type\":\"WebPage\",\"@id\":\"https:\/\/cstradha.xyz\/do\/\",\"url\":\"https:\/\/cstradha.xyz\/do\/\",\"name\":\"Confecciones cstradha, Santo Domingo, RD\",\"isPartOf\":{\"@id\":\"https:\/\/cstradha.xyz\/do\/#website\"},\"primaryImageOfPage\":{\"@id\":\"https:\/\/cstradha.xyz\/do\/#primaryimage\"},\"image\":{\"@id\":\"https:\/\/cstradha.xyz\/do\/#primaryimage\"},\"thumbnailUrl\":\"http:\/\/cstradha.xyz\/do\/wp-content\/uploads\/sites\/2\/2017\/11\/comienzo.jpg\",\"datePublished\":\"2017-11-21T01:39:42+00:00\",\"dateModified\":\"2026-04-10T18:59:25+00:00\",\"description\":\"Confecciones cstradha es una empresa dedicada a la confecci\u00f3n de uniformes, camisas, vestidos de fiesta, banderas, manteles y m\u00e1s en Santo Domingo, RD.\",\"breadcrumb\":{\"@id\":\"https:\/\/cstradha.xyz\/do\/#breadcrumb\"},\"inLanguage\":\"es\",\"potentialAction\":[{\"@type\":\"ReadAction\",\"target\":[\"https:\/\/cstradha.xyz\/do\/\"]}]},{\"@type\":\"ImageObject\",\"inLanguage\":\"es\",\"@id\":\"https:\/\/cstradha.xyz\/do\/#primaryimage\",\"url\":\"https:\/\/cstradha.xyz\/do\/wp-content\/uploads\/sites\/2\/2017\/11\/comienzo.jpg\",\"contentUrl\":\"https:\/\/cstradha.xyz\/do\/wp-content\/uploads\/sites\/2\/2017\/11\/comienzo.jpg\",\"width\":1280,\"height\":448},{\"@type\":\"BreadcrumbList\",\"@id\":\"https:\/\/cstradha.xyz\/do\/#breadcrumb\",\"itemListElement\":[{\"@type\":\"ListItem\",\"position\":1,\"name\":\"Santo Domingo (RD)\",\"item\":\"https:\/\/cstradha.xyz\/do\/\"},{\"@type\":\"ListItem\",\"position\":2,\"name\":\"cstradha\"}]},{\"@type\":\"WebSite\",\"@id\":\"https:\/\/cstradha.xyz\/do\/#website\",\"url\":\"https:\/\/cstradha.xyz\/do\/\",\"name\":\"Confecciones cstradha, Santo Domingo, RD\",\"description\":\"Confeccion de todo tipo de indumentarias.\",\"publisher\":{\"@id\":\"https:\/\/cstradha.xyz\/do\/#organization\"},\"potentialAction\":[{\"@type\":\"SearchAction\",\"target\":{\"@type\":\"EntryPoint\",\"urlTemplate\":\"https:\/\/cstradha.xyz\/do\/?s={search_term_string}\"},\"query-input\":{\"@type\":\"PropertyValueSpecification\",\"valueRequired\":true,\"valueName\":\"search_term_string\"}}],\"inLanguage\":\"es\"},{\"@type\":\"Organization\",\"@id\":\"https:\/\/cstradha.xyz\/do\/#organization\",\"name\":\"cstradha\",\"url\":\"https:\/\/cstradha.xyz\/do\/\",\"logo\":{\"@type\":\"ImageObject\",\"inLanguage\":\"es\",\"@id\":\"https:\/\/cstradha.xyz\/do\/#\/schema\/logo\/image\/\",\"url\":\"https:\/\/cstradha.xyz\/do\/wp-content\/uploads\/sites\/2\/2024\/10\/weblogo-actualizado-2024-1.png\",\"contentUrl\":\"https:\/\/cstradha.xyz\/do\/wp-content\/uploads\/sites\/2\/2024\/10\/weblogo-actualizado-2024-1.png\",\"width\":627,\"height\":142,\"caption\":\"cstradha\"},\"image\":{\"@id\":\"https:\/\/cstradha.xyz\/do\/#\/schema\/logo\/image\/\"},\"sameAs\":[\"http:\/\/facebook.com\/cstradha\",\"http:\/\/instagram.com\/cstradha\",\"http:\/\/pinterest.com\/cstradha\",\"https:\/\/www.youtube.com\/channel\/UCrwbM4STuW2H7UhStKqveSg\"]}]}<\/script>\n<!-- \/ Yoast SEO plugin. -->","yoast_head_json":{"title":"Confecciones cstradha, Santo Domingo, RD","description":"Confecciones cstradha es una empresa dedicada a la confecci\u00f3n de uniformes, camisas, vestidos de fiesta, banderas, manteles y m\u00e1s en Santo Domingo, RD.","robots":{"index":"index","follow":"follow","max-snippet":"max-snippet:-1","max-image-preview":"max-image-preview:large","max-video-preview":"max-video-preview:-1"},"canonical":"https:\/\/cstradha.xyz\/do\/","og_locale":"es_ES","og_type":"article","og_title":"Confecciones cstradha, Santo Domingo, RD","og_description":"Confecciones cstradha es una empresa dedicada a la confecci\u00f3n de uniformes, camisas, vestidos de fiesta, banderas, manteles y m\u00e1s en Santo Domingo, RD.","og_url":"https:\/\/cstradha.xyz\/do\/","og_site_name":"Confecciones cstradha, Santo Domingo, RD","article_publisher":"http:\/\/facebook.com\/cstradha","article_modified_time":"2026-04-10T18:59:25+00:00","og_image":[{"width":1280,"height":448,"url":"https:\/\/cstradha.xyz\/do\/wp-content\/uploads\/sites\/2\/2017\/11\/comienzo.jpg","type":"image\/jpeg"}],"twitter_card":"summary_large_image","twitter_misc":{"Tiempo de lectura":"1 minuto"},"schema":{"@context":"https:\/\/schema.org","@graph":[{"@type":"WebPage","@id":"https:\/\/cstradha.xyz\/do\/","url":"https:\/\/cstradha.xyz\/do\/","name":"Confecciones cstradha, Santo Domingo, RD","isPartOf":{"@id":"https:\/\/cstradha.xyz\/do\/#website"},"primaryImageOfPage":{"@id":"https:\/\/cstradha.xyz\/do\/#primaryimage"},"image":{"@id":"https:\/\/cstradha.xyz\/do\/#primaryimage"},"thumbnailUrl":"http:\/\/cstradha.xyz\/do\/wp-content\/uploads\/sites\/2\/2017\/11\/comienzo.jpg","datePublished":"2017-11-21T01:39:42+00:00","dateModified":"2026-04-10T18:59:25+00:00","description":"Confecciones cstradha es una empresa dedicada a la confecci\u00f3n de uniformes, camisas, vestidos de fiesta, banderas, manteles y m\u00e1s en Santo Domingo, RD.","breadcrumb":{"@id":"https:\/\/cstradha.xyz\/do\/#breadcrumb"},"inLanguage":"es","potentialAction":[{"@type":"ReadAction","target":["https:\/\/cstradha.xyz\/do\/"]}]},{"@type":"ImageObject","inLanguage":"es","@id":"https:\/\/cstradha.xyz\/do\/#primaryimage","url":"https:\/\/cstradha.xyz\/do\/wp-content\/uploads\/sites\/2\/2017\/11\/comienzo.jpg","contentUrl":"https:\/\/cstradha.xyz\/do\/wp-content\/uploads\/sites\/2\/2017\/11\/comienzo.jpg","width":1280,"height":448},{"@type":"BreadcrumbList","@id":"https:\/\/cstradha.xyz\/do\/#breadcrumb","itemListElement":[{"@type":"ListItem","position":1,"name":"Santo Domingo (RD)","item":"https:\/\/cstradha.xyz\/do\/"},{"@type":"ListItem","position":2,"name":"cstradha"}]},{"@type":"WebSite","@id":"https:\/\/cstradha.xyz\/do\/#website","url":"https:\/\/cstradha.xyz\/do\/","name":"Confecciones cstradha, Santo Domingo, RD","description":"Confeccion de todo tipo de indumentarias.","publisher":{"@id":"https:\/\/cstradha.xyz\/do\/#organization"},"potentialAction":[{"@type":"SearchAction","target":{"@type":"EntryPoint","urlTemplate":"https:\/\/cstradha.xyz\/do\/?s={search_term_string}"},"query-input":{"@type":"PropertyValueSpecification","valueRequired":true,"valueName":"search_term_string"}}],"inLanguage":"es"},{"@type":"Organization","@id":"https:\/\/cstradha.xyz\/do\/#organization","name":"cstradha","url":"https:\/\/cstradha.xyz\/do\/","logo":{"@type":"ImageObject","inLanguage":"es","@id":"https:\/\/cstradha.xyz\/do\/#\/schema\/logo\/image\/","url":"https:\/\/cstradha.xyz\/do\/wp-content\/uploads\/sites\/2\/2024\/10\/weblogo-actualizado-2024-1.png","contentUrl":"https:\/\/cstradha.xyz\/do\/wp-content\/uploads\/sites\/2\/2024\/10\/weblogo-actualizado-2024-1.png","width":627,"height":142,"caption":"cstradha"},"image":{"@id":"https:\/\/cstradha.xyz\/do\/#\/schema\/logo\/image\/"},"sameAs":["http:\/\/facebook.com\/cstradha","http:\/\/instagram.com\/cstradha","http:\/\/pinterest.com\/cstradha","https:\/\/www.youtube.com\/channel\/UCrwbM4STuW2H7UhStKqveSg"]}]}},"_links":{"self":[{"href":"https:\/\/cstradha.xyz\/do\/wp-json\/wp\/v2\/pages\/2","targetHints":{"allow":["GET"]}}],"collection":[{"href":"https:\/\/cstradha.xyz\/do\/wp-json\/wp\/v2\/pages"}],"about":[{"href":"https:\/\/cstradha.xyz\/do\/wp-json\/wp\/v2\/types\/page"}],"author":[{"embeddable":true,"href":"https:\/\/cstradha.xyz\/do\/wp-json\/wp\/v2\/users\/1"}],"replies":[{"embeddable":true,"href":"https:\/\/cstradha.xyz\/do\/wp-json\/wp\/v2\/comments?post=2"}],"version-history":[{"count":63,"href":"https:\/\/cstradha.xyz\/do\/wp-json\/wp\/v2\/pages\/2\/revisions"}],"predecessor-version":[{"id":22450,"href":"https:\/\/cstradha.xyz\/do\/wp-json\/wp\/v2\/pages\/2\/revisions\/22450"}],"wp:attachment":[{"href":"https:\/\/cstradha.xyz\/do\/wp-json\/wp\/v2\/media?parent=2"}],"curies":[{"name":"wp","href":"https:\/\/api.w.org\/{rel}","templated":true}]}}