{"id":1680,"date":"2018-05-20T14:16:04","date_gmt":"2018-05-20T14:16:04","guid":{"rendered":"http:\/\/cstradha.xyz\/do\/?page_id=1680"},"modified":"2022-01-07T19:31:29","modified_gmt":"2022-01-07T19:31:29","slug":"poloche-santo-domingo-rd","status":"publish","type":"page","link":"https:\/\/cstradha.xyz\/do\/poloche-santo-domingo-rd\/","title":{"rendered":"Poloche con cuello&#8230;  no vendemos tshirts (los que no tienen cuello)"},"content":{"rendered":"<h1>Poloche<\/h1>\n<blockquote><p><strong>Venta de poloche al por mayor <\/strong>y al <strong>detalle<\/strong> en <strong>Santo Domingo, RD<\/strong>, en diferentes tipos de telas y con una amplia carta de <strong>colores<\/strong> para que usted tenga diferentes opciones de elegir el <strong>color<\/strong> adecuado para su proyecto, entre las cuales se encuentran: <strong>rojo, blanco, amarillo, verde, azul royal y dem\u00e1s<\/strong>. Las prendas de vestir m\u00e1s coloridas en este caso, son los <strong>t shirts<\/strong>, con colores como: <strong>verde manzana<\/strong> y purpura.<\/p><\/blockquote>\n<p><img loading=\"lazy\" decoding=\"async\" class=\"size-full wp-image-1682\" src=\"http:\/\/cstradha.xyz\/do\/wp-content\/uploads\/sites\/2\/2018\/05\/poloche.jpg\" alt=\"poloche\" width=\"1280\" height=\"331\" srcset=\"https:\/\/cstradha.xyz\/do\/wp-content\/uploads\/sites\/2\/2018\/05\/poloche.jpg 1280w, https:\/\/cstradha.xyz\/do\/wp-content\/uploads\/sites\/2\/2018\/05\/poloche-300x78.jpg 300w, https:\/\/cstradha.xyz\/do\/wp-content\/uploads\/sites\/2\/2018\/05\/poloche-768x199.jpg 768w, https:\/\/cstradha.xyz\/do\/wp-content\/uploads\/sites\/2\/2018\/05\/poloche-1024x265.jpg 1024w\" sizes=\"auto, (max-width: 1280px) 100vw, 1280px\" \/><\/p>\n<hr \/>\n<p>Si le interesa ver el nombre original de la palabra, <strong>visite aqu\u00ed.<\/strong><\/p>\n<p>Disponibilidad de <strong>poloche<\/strong> <strong>combinados <\/strong>y<strong> con dise\u00f1o<\/strong>. Si usted quiere un <strong>poloche<\/strong> combinado, por ejemplo, en las <strong>mangas<\/strong> y en el cuello, solo tiene que ped\u00edrnoslo, nos suministra su combinaci\u00f3n de colores por medio de im\u00e1genes, o suministr\u00e1ndonos las pautas para fabricar su <strong>polo <\/strong>a la medida de su requerimiento.<\/p>\n<p>Los <strong>precios<\/strong> que manejamos para los polos, son los siguientes:<\/p>\n<ul>\n<li>Si su pedido es: entre 15 y 50 polos, 450 pesos.<\/li>\n<li>Mayor a 50 y menor de 150: 425 pesos.<\/li>\n<li>Mayor a 150 y menor de 500: 400 pesos.<\/li>\n<li>Mayor a 500: 375 pesos.<\/li>\n<\/ul>\n<p>Nuestros poloches, son fabricados con materiales <strong>textiles<\/strong> de <strong>alta calidad<\/strong>, conllevando esto a una <strong>mayor durabilidad<\/strong> de la prenda de vestir. Como mencionamos precedentemente, las telas con las que nuestro poloche es fabricado, son pique y dry fit. Ambas telas ofrecen durabilidad.<\/p>\n<p>Com\u00fanmente, cuando el polo en una tela de baja calidad, al lavarlo varias veces, y con el paso del tiempo, va botando la tinta, en el transcurso del tiempo, se va arrugando y la apariencia del poloche se va deteriorando r\u00e1pidamente, hasta verse obligado a dejar de usarlo.<\/p>\n<p>Sin embargo, nuestro poloche garantiza calidad, es mucho m\u00e1s resistente a las lavadas, y al uso diario, consiguiendo as\u00ed una mayor <strong>durabilidad<\/strong> como mencionamos precedentemente.<\/p>\n<p>Si su necesidad es adquirir uno de nuestros poloches, <a href=\"http:\/\/cstradha.xyz\/do\/contactenos\/\"><strong>contactenos aqu\u00ed<\/strong><\/a>.<\/p>\n<hr \/>\n","protected":false},"excerpt":{"rendered":"<p>Poloche Venta de poloche al por mayor y al detalle en Santo Domingo, RD, en diferentes tipos de telas y con una amplia carta de colores para que usted tenga diferentes opciones de elegir el color adecuado para su proyecto,<\/p>\n","protected":false},"author":1,"featured_media":0,"parent":0,"menu_order":0,"comment_status":"closed","ping_status":"closed","template":"","meta":{"_joinchat":[],"footnotes":""},"class_list":["post-1680","page","type-page","status-publish","hentry"],"yoast_head":"<!-- This site is optimized with the Yoast SEO plugin v26.7 - https:\/\/yoast.com\/wordpress\/plugins\/seo\/ -->\n<title>Poloche - Confecciones cstradha, Santo Domingo, RD<\/title>\n<meta name=\"description\" content=\"Venta de poloche en Santo Domingo, RD, con calidad. Tela: dry fit y pique, en colores: rojo, azul royal, azul, blanco, amarillo, y demas.\" \/>\n<meta name=\"robots\" content=\"index, follow, max-snippet:-1, max-image-preview:large, max-video-preview:-1\" \/>\n<link rel=\"canonical\" href=\"https:\/\/cstradha.xyz\/do\/poloche-santo-domingo-rd\/\" \/>\n<meta property=\"og:locale\" content=\"es_ES\" \/>\n<meta property=\"og:type\" content=\"article\" \/>\n<meta property=\"og:title\" content=\"Poloche - Confecciones cstradha, Santo Domingo, RD\" \/>\n<meta property=\"og:description\" content=\"Venta de poloche en Santo Domingo, RD, con calidad. Tela: dry fit y pique, en colores: rojo, azul royal, azul, blanco, amarillo, y demas.\" \/>\n<meta property=\"og:url\" content=\"https:\/\/cstradha.xyz\/do\/poloche-santo-domingo-rd\/\" \/>\n<meta property=\"og:site_name\" content=\"Confecciones cstradha, Santo Domingo, RD\" \/>\n<meta property=\"article:publisher\" content=\"http:\/\/facebook.com\/cstradha\" \/>\n<meta property=\"article:modified_time\" content=\"2022-01-07T19:31:29+00:00\" \/>\n<meta property=\"og:image\" content=\"http:\/\/cstradha.xyz\/do\/wp-content\/uploads\/sites\/2\/2018\/05\/poloche.jpg\" \/>\n<meta name=\"twitter:card\" content=\"summary_large_image\" \/>\n<meta name=\"twitter:label1\" content=\"Tiempo de lectura\" \/>\n\t<meta name=\"twitter:data1\" content=\"2 minutos\" \/>\n<script type=\"application\/ld+json\" class=\"yoast-schema-graph\">{\"@context\":\"https:\/\/schema.org\",\"@graph\":[{\"@type\":\"WebPage\",\"@id\":\"https:\/\/cstradha.xyz\/do\/poloche-santo-domingo-rd\/\",\"url\":\"https:\/\/cstradha.xyz\/do\/poloche-santo-domingo-rd\/\",\"name\":\"Poloche - Confecciones cstradha, Santo Domingo, RD\",\"isPartOf\":{\"@id\":\"https:\/\/cstradha.xyz\/do\/#website\"},\"primaryImageOfPage\":{\"@id\":\"https:\/\/cstradha.xyz\/do\/poloche-santo-domingo-rd\/#primaryimage\"},\"image\":{\"@id\":\"https:\/\/cstradha.xyz\/do\/poloche-santo-domingo-rd\/#primaryimage\"},\"thumbnailUrl\":\"http:\/\/cstradha.xyz\/do\/wp-content\/uploads\/sites\/2\/2018\/05\/poloche.jpg\",\"datePublished\":\"2018-05-20T14:16:04+00:00\",\"dateModified\":\"2022-01-07T19:31:29+00:00\",\"description\":\"Venta de poloche en Santo Domingo, RD, con calidad. Tela: dry fit y pique, en colores: rojo, azul royal, azul, blanco, amarillo, y demas.\",\"breadcrumb\":{\"@id\":\"https:\/\/cstradha.xyz\/do\/poloche-santo-domingo-rd\/#breadcrumb\"},\"inLanguage\":\"es\",\"potentialAction\":[{\"@type\":\"ReadAction\",\"target\":[\"https:\/\/cstradha.xyz\/do\/poloche-santo-domingo-rd\/\"]}]},{\"@type\":\"ImageObject\",\"inLanguage\":\"es\",\"@id\":\"https:\/\/cstradha.xyz\/do\/poloche-santo-domingo-rd\/#primaryimage\",\"url\":\"https:\/\/cstradha.xyz\/do\/wp-content\/uploads\/sites\/2\/2018\/05\/poloche.jpg\",\"contentUrl\":\"https:\/\/cstradha.xyz\/do\/wp-content\/uploads\/sites\/2\/2018\/05\/poloche.jpg\",\"width\":1280,\"height\":331,\"caption\":\"poloche\"},{\"@type\":\"BreadcrumbList\",\"@id\":\"https:\/\/cstradha.xyz\/do\/poloche-santo-domingo-rd\/#breadcrumb\",\"itemListElement\":[{\"@type\":\"ListItem\",\"position\":1,\"name\":\"Santo Domingo (RD)\",\"item\":\"https:\/\/cstradha.xyz\/do\/\"},{\"@type\":\"ListItem\",\"position\":2,\"name\":\"Poloche con cuello&#8230; no vendemos tshirts (los que no tienen cuello)\"}]},{\"@type\":\"WebSite\",\"@id\":\"https:\/\/cstradha.xyz\/do\/#website\",\"url\":\"https:\/\/cstradha.xyz\/do\/\",\"name\":\"Confecciones cstradha, Santo Domingo, RD\",\"description\":\"Confeccion de todo tipo de indumentarias.\",\"publisher\":{\"@id\":\"https:\/\/cstradha.xyz\/do\/#organization\"},\"potentialAction\":[{\"@type\":\"SearchAction\",\"target\":{\"@type\":\"EntryPoint\",\"urlTemplate\":\"https:\/\/cstradha.xyz\/do\/?s={search_term_string}\"},\"query-input\":{\"@type\":\"PropertyValueSpecification\",\"valueRequired\":true,\"valueName\":\"search_term_string\"}}],\"inLanguage\":\"es\"},{\"@type\":\"Organization\",\"@id\":\"https:\/\/cstradha.xyz\/do\/#organization\",\"name\":\"cstradha\",\"url\":\"https:\/\/cstradha.xyz\/do\/\",\"logo\":{\"@type\":\"ImageObject\",\"inLanguage\":\"es\",\"@id\":\"https:\/\/cstradha.xyz\/do\/#\/schema\/logo\/image\/\",\"url\":\"https:\/\/cstradha.xyz\/do\/wp-content\/uploads\/sites\/2\/2024\/10\/weblogo-actualizado-2024-1.png\",\"contentUrl\":\"https:\/\/cstradha.xyz\/do\/wp-content\/uploads\/sites\/2\/2024\/10\/weblogo-actualizado-2024-1.png\",\"width\":627,\"height\":142,\"caption\":\"cstradha\"},\"image\":{\"@id\":\"https:\/\/cstradha.xyz\/do\/#\/schema\/logo\/image\/\"},\"sameAs\":[\"http:\/\/facebook.com\/cstradha\",\"http:\/\/instagram.com\/cstradha\",\"http:\/\/pinterest.com\/cstradha\",\"https:\/\/www.youtube.com\/channel\/UCrwbM4STuW2H7UhStKqveSg\"]}]}<\/script>\n<!-- \/ Yoast SEO plugin. -->","yoast_head_json":{"title":"Poloche - Confecciones cstradha, Santo Domingo, RD","description":"Venta de poloche en Santo Domingo, RD, con calidad. Tela: dry fit y pique, en colores: rojo, azul royal, azul, blanco, amarillo, y demas.","robots":{"index":"index","follow":"follow","max-snippet":"max-snippet:-1","max-image-preview":"max-image-preview:large","max-video-preview":"max-video-preview:-1"},"canonical":"https:\/\/cstradha.xyz\/do\/poloche-santo-domingo-rd\/","og_locale":"es_ES","og_type":"article","og_title":"Poloche - Confecciones cstradha, Santo Domingo, RD","og_description":"Venta de poloche en Santo Domingo, RD, con calidad. Tela: dry fit y pique, en colores: rojo, azul royal, azul, blanco, amarillo, y demas.","og_url":"https:\/\/cstradha.xyz\/do\/poloche-santo-domingo-rd\/","og_site_name":"Confecciones cstradha, Santo Domingo, RD","article_publisher":"http:\/\/facebook.com\/cstradha","article_modified_time":"2022-01-07T19:31:29+00:00","og_image":[{"url":"http:\/\/cstradha.xyz\/do\/wp-content\/uploads\/sites\/2\/2018\/05\/poloche.jpg","type":"","width":"","height":""}],"twitter_card":"summary_large_image","twitter_misc":{"Tiempo de lectura":"2 minutos"},"schema":{"@context":"https:\/\/schema.org","@graph":[{"@type":"WebPage","@id":"https:\/\/cstradha.xyz\/do\/poloche-santo-domingo-rd\/","url":"https:\/\/cstradha.xyz\/do\/poloche-santo-domingo-rd\/","name":"Poloche - Confecciones cstradha, Santo Domingo, RD","isPartOf":{"@id":"https:\/\/cstradha.xyz\/do\/#website"},"primaryImageOfPage":{"@id":"https:\/\/cstradha.xyz\/do\/poloche-santo-domingo-rd\/#primaryimage"},"image":{"@id":"https:\/\/cstradha.xyz\/do\/poloche-santo-domingo-rd\/#primaryimage"},"thumbnailUrl":"http:\/\/cstradha.xyz\/do\/wp-content\/uploads\/sites\/2\/2018\/05\/poloche.jpg","datePublished":"2018-05-20T14:16:04+00:00","dateModified":"2022-01-07T19:31:29+00:00","description":"Venta de poloche en Santo Domingo, RD, con calidad. Tela: dry fit y pique, en colores: rojo, azul royal, azul, blanco, amarillo, y demas.","breadcrumb":{"@id":"https:\/\/cstradha.xyz\/do\/poloche-santo-domingo-rd\/#breadcrumb"},"inLanguage":"es","potentialAction":[{"@type":"ReadAction","target":["https:\/\/cstradha.xyz\/do\/poloche-santo-domingo-rd\/"]}]},{"@type":"ImageObject","inLanguage":"es","@id":"https:\/\/cstradha.xyz\/do\/poloche-santo-domingo-rd\/#primaryimage","url":"https:\/\/cstradha.xyz\/do\/wp-content\/uploads\/sites\/2\/2018\/05\/poloche.jpg","contentUrl":"https:\/\/cstradha.xyz\/do\/wp-content\/uploads\/sites\/2\/2018\/05\/poloche.jpg","width":1280,"height":331,"caption":"poloche"},{"@type":"BreadcrumbList","@id":"https:\/\/cstradha.xyz\/do\/poloche-santo-domingo-rd\/#breadcrumb","itemListElement":[{"@type":"ListItem","position":1,"name":"Santo Domingo (RD)","item":"https:\/\/cstradha.xyz\/do\/"},{"@type":"ListItem","position":2,"name":"Poloche con cuello&#8230; no vendemos tshirts (los que no tienen cuello)"}]},{"@type":"WebSite","@id":"https:\/\/cstradha.xyz\/do\/#website","url":"https:\/\/cstradha.xyz\/do\/","name":"Confecciones cstradha, Santo Domingo, RD","description":"Confeccion de todo tipo de indumentarias.","publisher":{"@id":"https:\/\/cstradha.xyz\/do\/#organization"},"potentialAction":[{"@type":"SearchAction","target":{"@type":"EntryPoint","urlTemplate":"https:\/\/cstradha.xyz\/do\/?s={search_term_string}"},"query-input":{"@type":"PropertyValueSpecification","valueRequired":true,"valueName":"search_term_string"}}],"inLanguage":"es"},{"@type":"Organization","@id":"https:\/\/cstradha.xyz\/do\/#organization","name":"cstradha","url":"https:\/\/cstradha.xyz\/do\/","logo":{"@type":"ImageObject","inLanguage":"es","@id":"https:\/\/cstradha.xyz\/do\/#\/schema\/logo\/image\/","url":"https:\/\/cstradha.xyz\/do\/wp-content\/uploads\/sites\/2\/2024\/10\/weblogo-actualizado-2024-1.png","contentUrl":"https:\/\/cstradha.xyz\/do\/wp-content\/uploads\/sites\/2\/2024\/10\/weblogo-actualizado-2024-1.png","width":627,"height":142,"caption":"cstradha"},"image":{"@id":"https:\/\/cstradha.xyz\/do\/#\/schema\/logo\/image\/"},"sameAs":["http:\/\/facebook.com\/cstradha","http:\/\/instagram.com\/cstradha","http:\/\/pinterest.com\/cstradha","https:\/\/www.youtube.com\/channel\/UCrwbM4STuW2H7UhStKqveSg"]}]}},"_links":{"self":[{"href":"https:\/\/cstradha.xyz\/do\/wp-json\/wp\/v2\/pages\/1680","targetHints":{"allow":["GET"]}}],"collection":[{"href":"https:\/\/cstradha.xyz\/do\/wp-json\/wp\/v2\/pages"}],"about":[{"href":"https:\/\/cstradha.xyz\/do\/wp-json\/wp\/v2\/types\/page"}],"author":[{"embeddable":true,"href":"https:\/\/cstradha.xyz\/do\/wp-json\/wp\/v2\/users\/1"}],"replies":[{"embeddable":true,"href":"https:\/\/cstradha.xyz\/do\/wp-json\/wp\/v2\/comments?post=1680"}],"version-history":[{"count":6,"href":"https:\/\/cstradha.xyz\/do\/wp-json\/wp\/v2\/pages\/1680\/revisions"}],"predecessor-version":[{"id":14387,"href":"https:\/\/cstradha.xyz\/do\/wp-json\/wp\/v2\/pages\/1680\/revisions\/14387"}],"wp:attachment":[{"href":"https:\/\/cstradha.xyz\/do\/wp-json\/wp\/v2\/media?parent=1680"}],"curies":[{"name":"wp","href":"https:\/\/api.w.org\/{rel}","templated":true}]}}