{"id":15537,"date":"2022-05-11T23:56:43","date_gmt":"2022-05-11T23:56:43","guid":{"rendered":"https:\/\/cstradha.xyz\/do\/?page_id=15537"},"modified":"2025-01-10T20:47:27","modified_gmt":"2025-01-10T20:47:27","slug":"t-shirt-santo-domingo-rd","status":"publish","type":"page","link":"https:\/\/cstradha.xyz\/do\/t-shirt-santo-domingo-rd\/","title":{"rendered":"T shirt"},"content":{"rendered":"<h1><strong><em>T shirt<\/em><\/strong><\/h1>\n<blockquote><p>Venta de <strong>t shirt<\/strong>&nbsp;en <strong>Santo Domingo, RD<\/strong>, <strong>econ\u00f3micos <\/strong>y<strong>&nbsp;de calidad<\/strong>, y en los tipos de telas m\u00e1s comunes y populares: <strong>dry fit<\/strong>&nbsp;y <strong>algod\u00f3n<\/strong>, esta \u00faltima como la m\u00e1s com\u00fan. Manejamos una amplia carta de <strong>colores<\/strong>, tales como: <strong>negro, verde manzana, azul, rojo, blanco, fucsia, verde<\/strong>, etc., que le dar\u00e1n a usted la posibilidad de elegir un <strong>t shirt<\/strong>&nbsp;a su medida, personalizado y como guste. Con <strong>servicio a domicilio <\/strong>a partir de la <strong>compra de dos docenas<\/strong>.<\/p><\/blockquote>\n<p><a href=\"https:\/\/cstradha.xyz\/do\/wp-content\/uploads\/sites\/2\/2018\/05\/t-shirt.jpg\"><img loading=\"lazy\" decoding=\"async\" class=\"size-full wp-image-1693\" src=\"https:\/\/cstradha.xyz\/do\/wp-content\/uploads\/sites\/2\/2018\/05\/t-shirt.jpg\" alt=\"t shirt\" width=\"1280\" height=\"331\" srcset=\"https:\/\/cstradha.xyz\/do\/wp-content\/uploads\/sites\/2\/2018\/05\/t-shirt.jpg 1280w, https:\/\/cstradha.xyz\/do\/wp-content\/uploads\/sites\/2\/2018\/05\/t-shirt-300x78.jpg 300w, https:\/\/cstradha.xyz\/do\/wp-content\/uploads\/sites\/2\/2018\/05\/t-shirt-768x199.jpg 768w, https:\/\/cstradha.xyz\/do\/wp-content\/uploads\/sites\/2\/2018\/05\/t-shirt-1024x265.jpg 1024w\" sizes=\"auto, (max-width: 1280px) 100vw, 1280px\" \/><\/a><\/p>\n<p>El <strong>t shirt<\/strong>&nbsp;es una prenda muy c\u00f3moda de vestir, y muy pr\u00e1ctica, por eso a lo largo de los 90\u2019s y 2000\u2019s se ha extendido bastante su uso alrededor del mundo. Su fen\u00f3meno de popularizaci\u00f3n ha hecho que la prenda de vestir se utilice en diferentes ocasiones, como: <strong>ropa de vestir interior<\/strong>, sudadera, \u00fanica prenda de vestir por encima (para las temporadas de calor) y mas t\u00edpicos usos, lo que ha convertido esta prenda de vestir en un producto asequible para todas las clases sociales, y personas de todas las edades sobre todo.<\/p>\n<p>El <strong>t shirt<\/strong>&nbsp;tiende a destinarse para uso personal, o para usarse en eventos y promociones, siendo este \u00faltimo uso el m\u00e1s pronunciado. Cantidades masivas de <strong>t shirts<\/strong>&nbsp;son adquiridas por grandes empresarios para efectuar campa\u00f1as de marketing y promociones de productos.<\/p>\n<p>Entendiendo esas necesidades de adquisici\u00f3n de <strong>t shirts<\/strong>&nbsp;por parte de la poblaci\u00f3n, efectuamos <strong>venta de t-shirt al por mayor en Santo Domingo<\/strong>, <strong>RD<\/strong>.<\/p>\n<p>Com\u00fanmente, el <strong>t shirt<\/strong>&nbsp;es fabricado en tela de algod\u00f3n, pero en los \u00faltimos tiempos, se han ido introduciendo al mercado otros tipos de telas que han tenido buena aceptaci\u00f3n por parte de los consumidores, las nuevas tecnolog\u00edas de fabricaci\u00f3n de tejido de punto han dado origen al nuevo material que esta ganando mucha popularidad: <a href=\"https:\/\/es.wikipedia.org\/wiki\/Dry_Fit\"><strong>dry-fit<\/strong><\/a>.<\/p>\n<p>Debido a esta gran oleada, tambi\u00e9n ofrecemos <strong>t shirt dry fit en Santo Domingo, RD<\/strong>, una tela que no absorbe sudor, solo lo transpira.<\/p>\n<p>Si su necesidad es adquirir nuestros t shirts, no dude de ponerse en <strong>contacto con nosotros aqu\u00ed.<\/strong><\/p>\n<hr>\n","protected":false},"excerpt":{"rendered":"<p>T shirt Venta de t shirt&nbsp;en Santo Domingo, RD, econ\u00f3micos y&nbsp;de calidad, y en los tipos de telas m\u00e1s comunes y populares: dry fit&nbsp;y algod\u00f3n, esta \u00faltima como la m\u00e1s com\u00fan. Manejamos una amplia carta de colores, tales como: negro,<\/p>\n","protected":false},"author":1,"featured_media":0,"parent":0,"menu_order":0,"comment_status":"closed","ping_status":"closed","template":"","meta":{"_joinchat":[],"footnotes":""},"class_list":["post-15537","page","type-page","status-publish","hentry"],"yoast_head":"<!-- This site is optimized with the Yoast SEO plugin v26.7 - https:\/\/yoast.com\/wordpress\/plugins\/seo\/ -->\n<title>T shirt - Confecciones cstradha, Santo Domingo, RD<\/title>\n<meta name=\"description\" content=\"Est\u00e1s buscando un lugar que realice la venta\/fabricacion de t shirt en Santo Domingo, RD, a buenos precios y calidad? WhatsApp: (829) 694-3467.\" \/>\n<meta name=\"robots\" content=\"index, follow, max-snippet:-1, max-image-preview:large, max-video-preview:-1\" \/>\n<link rel=\"canonical\" href=\"https:\/\/cstradha.xyz\/do\/t-shirt-santo-domingo-rd\/\" \/>\n<meta property=\"og:locale\" content=\"es_ES\" \/>\n<meta property=\"og:type\" content=\"article\" \/>\n<meta property=\"og:title\" content=\"T shirt - Confecciones cstradha, Santo Domingo, RD\" \/>\n<meta property=\"og:description\" content=\"Est\u00e1s buscando un lugar que realice la venta\/fabricacion de t shirt en Santo Domingo, RD, a buenos precios y calidad? WhatsApp: (829) 694-3467.\" \/>\n<meta property=\"og:url\" content=\"https:\/\/cstradha.xyz\/do\/t-shirt-santo-domingo-rd\/\" \/>\n<meta property=\"og:site_name\" content=\"Confecciones cstradha, Santo Domingo, RD\" \/>\n<meta property=\"article:publisher\" content=\"http:\/\/facebook.com\/cstradha\" \/>\n<meta property=\"article:modified_time\" content=\"2025-01-10T20:47:27+00:00\" \/>\n<meta property=\"og:image\" content=\"https:\/\/cstradha.xyz\/do\/wp-content\/uploads\/sites\/2\/2018\/05\/t-shirt.jpg\" \/>\n<meta name=\"twitter:card\" content=\"summary_large_image\" \/>\n<meta name=\"twitter:label1\" content=\"Tiempo de lectura\" \/>\n\t<meta name=\"twitter:data1\" content=\"2 minutos\" \/>\n<script type=\"application\/ld+json\" class=\"yoast-schema-graph\">{\"@context\":\"https:\/\/schema.org\",\"@graph\":[{\"@type\":\"WebPage\",\"@id\":\"https:\/\/cstradha.xyz\/do\/t-shirt-santo-domingo-rd\/\",\"url\":\"https:\/\/cstradha.xyz\/do\/t-shirt-santo-domingo-rd\/\",\"name\":\"T shirt - Confecciones cstradha, Santo Domingo, RD\",\"isPartOf\":{\"@id\":\"https:\/\/cstradha.xyz\/do\/#website\"},\"primaryImageOfPage\":{\"@id\":\"https:\/\/cstradha.xyz\/do\/t-shirt-santo-domingo-rd\/#primaryimage\"},\"image\":{\"@id\":\"https:\/\/cstradha.xyz\/do\/t-shirt-santo-domingo-rd\/#primaryimage\"},\"thumbnailUrl\":\"https:\/\/cstradha.xyz\/do\/wp-content\/uploads\/sites\/2\/2018\/05\/t-shirt.jpg\",\"datePublished\":\"2022-05-11T23:56:43+00:00\",\"dateModified\":\"2025-01-10T20:47:27+00:00\",\"description\":\"Est\u00e1s buscando un lugar que realice la venta\/fabricacion de t shirt en Santo Domingo, RD, a buenos precios y calidad? WhatsApp: (829) 694-3467.\",\"breadcrumb\":{\"@id\":\"https:\/\/cstradha.xyz\/do\/t-shirt-santo-domingo-rd\/#breadcrumb\"},\"inLanguage\":\"es\",\"potentialAction\":[{\"@type\":\"ReadAction\",\"target\":[\"https:\/\/cstradha.xyz\/do\/t-shirt-santo-domingo-rd\/\"]}]},{\"@type\":\"ImageObject\",\"inLanguage\":\"es\",\"@id\":\"https:\/\/cstradha.xyz\/do\/t-shirt-santo-domingo-rd\/#primaryimage\",\"url\":\"https:\/\/cstradha.xyz\/do\/wp-content\/uploads\/sites\/2\/2018\/05\/t-shirt.jpg\",\"contentUrl\":\"https:\/\/cstradha.xyz\/do\/wp-content\/uploads\/sites\/2\/2018\/05\/t-shirt.jpg\",\"width\":1280,\"height\":331,\"caption\":\"t shirt\"},{\"@type\":\"BreadcrumbList\",\"@id\":\"https:\/\/cstradha.xyz\/do\/t-shirt-santo-domingo-rd\/#breadcrumb\",\"itemListElement\":[{\"@type\":\"ListItem\",\"position\":1,\"name\":\"Santo Domingo (RD)\",\"item\":\"https:\/\/cstradha.xyz\/do\/\"},{\"@type\":\"ListItem\",\"position\":2,\"name\":\"T shirt\"}]},{\"@type\":\"WebSite\",\"@id\":\"https:\/\/cstradha.xyz\/do\/#website\",\"url\":\"https:\/\/cstradha.xyz\/do\/\",\"name\":\"Confecciones cstradha, Santo Domingo, RD\",\"description\":\"Confeccion de todo tipo de indumentarias.\",\"publisher\":{\"@id\":\"https:\/\/cstradha.xyz\/do\/#organization\"},\"potentialAction\":[{\"@type\":\"SearchAction\",\"target\":{\"@type\":\"EntryPoint\",\"urlTemplate\":\"https:\/\/cstradha.xyz\/do\/?s={search_term_string}\"},\"query-input\":{\"@type\":\"PropertyValueSpecification\",\"valueRequired\":true,\"valueName\":\"search_term_string\"}}],\"inLanguage\":\"es\"},{\"@type\":\"Organization\",\"@id\":\"https:\/\/cstradha.xyz\/do\/#organization\",\"name\":\"cstradha\",\"url\":\"https:\/\/cstradha.xyz\/do\/\",\"logo\":{\"@type\":\"ImageObject\",\"inLanguage\":\"es\",\"@id\":\"https:\/\/cstradha.xyz\/do\/#\/schema\/logo\/image\/\",\"url\":\"https:\/\/cstradha.xyz\/do\/wp-content\/uploads\/sites\/2\/2024\/10\/weblogo-actualizado-2024-1.png\",\"contentUrl\":\"https:\/\/cstradha.xyz\/do\/wp-content\/uploads\/sites\/2\/2024\/10\/weblogo-actualizado-2024-1.png\",\"width\":627,\"height\":142,\"caption\":\"cstradha\"},\"image\":{\"@id\":\"https:\/\/cstradha.xyz\/do\/#\/schema\/logo\/image\/\"},\"sameAs\":[\"http:\/\/facebook.com\/cstradha\",\"http:\/\/instagram.com\/cstradha\",\"http:\/\/pinterest.com\/cstradha\",\"https:\/\/www.youtube.com\/channel\/UCrwbM4STuW2H7UhStKqveSg\"]}]}<\/script>\n<!-- \/ Yoast SEO plugin. -->","yoast_head_json":{"title":"T shirt - Confecciones cstradha, Santo Domingo, RD","description":"Est\u00e1s buscando un lugar que realice la venta\/fabricacion de t shirt en Santo Domingo, RD, a buenos precios y calidad? WhatsApp: (829) 694-3467.","robots":{"index":"index","follow":"follow","max-snippet":"max-snippet:-1","max-image-preview":"max-image-preview:large","max-video-preview":"max-video-preview:-1"},"canonical":"https:\/\/cstradha.xyz\/do\/t-shirt-santo-domingo-rd\/","og_locale":"es_ES","og_type":"article","og_title":"T shirt - Confecciones cstradha, Santo Domingo, RD","og_description":"Est\u00e1s buscando un lugar que realice la venta\/fabricacion de t shirt en Santo Domingo, RD, a buenos precios y calidad? WhatsApp: (829) 694-3467.","og_url":"https:\/\/cstradha.xyz\/do\/t-shirt-santo-domingo-rd\/","og_site_name":"Confecciones cstradha, Santo Domingo, RD","article_publisher":"http:\/\/facebook.com\/cstradha","article_modified_time":"2025-01-10T20:47:27+00:00","og_image":[{"url":"https:\/\/cstradha.xyz\/do\/wp-content\/uploads\/sites\/2\/2018\/05\/t-shirt.jpg","type":"","width":"","height":""}],"twitter_card":"summary_large_image","twitter_misc":{"Tiempo de lectura":"2 minutos"},"schema":{"@context":"https:\/\/schema.org","@graph":[{"@type":"WebPage","@id":"https:\/\/cstradha.xyz\/do\/t-shirt-santo-domingo-rd\/","url":"https:\/\/cstradha.xyz\/do\/t-shirt-santo-domingo-rd\/","name":"T shirt - Confecciones cstradha, Santo Domingo, RD","isPartOf":{"@id":"https:\/\/cstradha.xyz\/do\/#website"},"primaryImageOfPage":{"@id":"https:\/\/cstradha.xyz\/do\/t-shirt-santo-domingo-rd\/#primaryimage"},"image":{"@id":"https:\/\/cstradha.xyz\/do\/t-shirt-santo-domingo-rd\/#primaryimage"},"thumbnailUrl":"https:\/\/cstradha.xyz\/do\/wp-content\/uploads\/sites\/2\/2018\/05\/t-shirt.jpg","datePublished":"2022-05-11T23:56:43+00:00","dateModified":"2025-01-10T20:47:27+00:00","description":"Est\u00e1s buscando un lugar que realice la venta\/fabricacion de t shirt en Santo Domingo, RD, a buenos precios y calidad? WhatsApp: (829) 694-3467.","breadcrumb":{"@id":"https:\/\/cstradha.xyz\/do\/t-shirt-santo-domingo-rd\/#breadcrumb"},"inLanguage":"es","potentialAction":[{"@type":"ReadAction","target":["https:\/\/cstradha.xyz\/do\/t-shirt-santo-domingo-rd\/"]}]},{"@type":"ImageObject","inLanguage":"es","@id":"https:\/\/cstradha.xyz\/do\/t-shirt-santo-domingo-rd\/#primaryimage","url":"https:\/\/cstradha.xyz\/do\/wp-content\/uploads\/sites\/2\/2018\/05\/t-shirt.jpg","contentUrl":"https:\/\/cstradha.xyz\/do\/wp-content\/uploads\/sites\/2\/2018\/05\/t-shirt.jpg","width":1280,"height":331,"caption":"t shirt"},{"@type":"BreadcrumbList","@id":"https:\/\/cstradha.xyz\/do\/t-shirt-santo-domingo-rd\/#breadcrumb","itemListElement":[{"@type":"ListItem","position":1,"name":"Santo Domingo (RD)","item":"https:\/\/cstradha.xyz\/do\/"},{"@type":"ListItem","position":2,"name":"T shirt"}]},{"@type":"WebSite","@id":"https:\/\/cstradha.xyz\/do\/#website","url":"https:\/\/cstradha.xyz\/do\/","name":"Confecciones cstradha, Santo Domingo, RD","description":"Confeccion de todo tipo de indumentarias.","publisher":{"@id":"https:\/\/cstradha.xyz\/do\/#organization"},"potentialAction":[{"@type":"SearchAction","target":{"@type":"EntryPoint","urlTemplate":"https:\/\/cstradha.xyz\/do\/?s={search_term_string}"},"query-input":{"@type":"PropertyValueSpecification","valueRequired":true,"valueName":"search_term_string"}}],"inLanguage":"es"},{"@type":"Organization","@id":"https:\/\/cstradha.xyz\/do\/#organization","name":"cstradha","url":"https:\/\/cstradha.xyz\/do\/","logo":{"@type":"ImageObject","inLanguage":"es","@id":"https:\/\/cstradha.xyz\/do\/#\/schema\/logo\/image\/","url":"https:\/\/cstradha.xyz\/do\/wp-content\/uploads\/sites\/2\/2024\/10\/weblogo-actualizado-2024-1.png","contentUrl":"https:\/\/cstradha.xyz\/do\/wp-content\/uploads\/sites\/2\/2024\/10\/weblogo-actualizado-2024-1.png","width":627,"height":142,"caption":"cstradha"},"image":{"@id":"https:\/\/cstradha.xyz\/do\/#\/schema\/logo\/image\/"},"sameAs":["http:\/\/facebook.com\/cstradha","http:\/\/instagram.com\/cstradha","http:\/\/pinterest.com\/cstradha","https:\/\/www.youtube.com\/channel\/UCrwbM4STuW2H7UhStKqveSg"]}]}},"_links":{"self":[{"href":"https:\/\/cstradha.xyz\/do\/wp-json\/wp\/v2\/pages\/15537","targetHints":{"allow":["GET"]}}],"collection":[{"href":"https:\/\/cstradha.xyz\/do\/wp-json\/wp\/v2\/pages"}],"about":[{"href":"https:\/\/cstradha.xyz\/do\/wp-json\/wp\/v2\/types\/page"}],"author":[{"embeddable":true,"href":"https:\/\/cstradha.xyz\/do\/wp-json\/wp\/v2\/users\/1"}],"replies":[{"embeddable":true,"href":"https:\/\/cstradha.xyz\/do\/wp-json\/wp\/v2\/comments?post=15537"}],"version-history":[{"count":2,"href":"https:\/\/cstradha.xyz\/do\/wp-json\/wp\/v2\/pages\/15537\/revisions"}],"predecessor-version":[{"id":21584,"href":"https:\/\/cstradha.xyz\/do\/wp-json\/wp\/v2\/pages\/15537\/revisions\/21584"}],"wp:attachment":[{"href":"https:\/\/cstradha.xyz\/do\/wp-json\/wp\/v2\/media?parent=15537"}],"curies":[{"name":"wp","href":"https:\/\/api.w.org\/{rel}","templated":true}]}}