{"id":1135,"date":"2017-12-27T00:36:23","date_gmt":"2017-12-27T00:36:23","guid":{"rendered":"http:\/\/cstradha.xyz\/do\/?page_id=1135"},"modified":"2025-01-10T20:14:09","modified_gmt":"2025-01-10T20:14:09","slug":"camisas-bordadas","status":"publish","type":"page","link":"https:\/\/cstradha.xyz\/do\/camisas-bordadas\/","title":{"rendered":"Camisas bordadas"},"content":{"rendered":"<h1>Camisas bordadas<\/h1>\n<blockquote><p>Cuando usted va a levantar alg\u00fan proyecto, le gusta primero identificar de qu\u00e9 se trata el mismo, ya sea un negocio, un proyecto personal, un proyecto comunitario y pol\u00edtico, etc. Como resultado, para satisfacer su pedimento, disponemos de <strong>camisas bordadas<\/strong> en Santo Domingo, con el objetivo de mantener identificado ese proyecto que usted tiene como meta poner en marcha.<\/p>\n<p>Hacemos bordados para todo tipo de prendas de vestir, especialmente para las camisas, debido a que se han convertido en una ropa imprescindible para cada tipo de ocasi\u00f3n.<\/p><\/blockquote>\n<p><img loading=\"lazy\" decoding=\"async\" class=\"size-full wp-image-1138\" src=\"http:\/\/cstradha.xyz\/do\/wp-content\/uploads\/sites\/2\/2017\/12\/camisas-bordadas.jpg\" alt=\"camisas bordadas\" width=\"1280\" height=\"331\" srcset=\"https:\/\/cstradha.xyz\/do\/wp-content\/uploads\/sites\/2\/2017\/12\/camisas-bordadas.jpg 1280w, https:\/\/cstradha.xyz\/do\/wp-content\/uploads\/sites\/2\/2017\/12\/camisas-bordadas-300x78.jpg 300w, https:\/\/cstradha.xyz\/do\/wp-content\/uploads\/sites\/2\/2017\/12\/camisas-bordadas-768x199.jpg 768w, https:\/\/cstradha.xyz\/do\/wp-content\/uploads\/sites\/2\/2017\/12\/camisas-bordadas-1024x265.jpg 1024w\" sizes=\"auto, (max-width: 1280px) 100vw, 1280px\" \/><\/p>\n<hr>\n<p><img loading=\"lazy\" decoding=\"async\" class=\"aligncenter size-large wp-image-1145\" src=\"http:\/\/cstradha.xyz\/do\/wp-content\/uploads\/sites\/2\/2017\/12\/camisas-duo-cstradha-1024x768.jpg\" alt=\"\" width=\"710\" height=\"533\" srcset=\"https:\/\/cstradha.xyz\/do\/wp-content\/uploads\/sites\/2\/2017\/12\/camisas-duo-cstradha-1024x768.jpg 1024w, https:\/\/cstradha.xyz\/do\/wp-content\/uploads\/sites\/2\/2017\/12\/camisas-duo-cstradha-300x225.jpg 300w, https:\/\/cstradha.xyz\/do\/wp-content\/uploads\/sites\/2\/2017\/12\/camisas-duo-cstradha-768x576.jpg 768w, https:\/\/cstradha.xyz\/do\/wp-content\/uploads\/sites\/2\/2017\/12\/camisas-duo-cstradha.jpg 1280w\" sizes=\"auto, (max-width: 710px) 100vw, 710px\" \/><\/p>\n<hr>\n<p>En \u00e9pocas anteriores no dispon\u00edamos de mecanismos tan f\u00e1ciles para identificar nuestros proyectos, pero ahora disponemos de los bordados para identificar a los seguidores de nuestro proyecto de una manera adecuada, elegante y representativa.<\/p>\n<p>Disponemos de maquinarias modernas, r\u00e1pidas y con puntadas de calidad que hacen que el bordado final quede sin arrugas, y como claro est\u00e1, tambi\u00e9n sin empaquetar.<\/p>\n<p>Hemos bordado camisas a multitudes de empresas que dispusieron de depositar su confianza en nosotros, debido a que nuestro servicio se diferencia de muchos en el mercado por ser de calidad, y por entregarse a tiempo.<\/p>\n<p>No existe algo m\u00e1s imprescindible despu\u00e9s de la calidad claro est\u00e1, que entregar la mercanc\u00eda pedida a tiempo, no es agradable que usted como persona ocupada y que quiera empujar sus proyectos hacia adelante, espere por servicios que demoran exponencial y astron\u00f3micamente, lo que retrasar\u00e1 y quitar\u00e1 calidad a su trabajo como profesional y gente de negocios.<\/p>\n<p>Como no somos m\u00e1s del mont\u00f3n ni nos gusta afectar a ning\u00fan cliente, ni a ninguna persona que tenga como meta empujar su proyecto un paso hacia adelante, como usted, brindamos principalmente \u201ccalidad y entrega a tiempo en las prendas de vestir bordadas espec\u00edficamente\u201d, debido a que disponemos de una m\u00e1quina de bordar con 19 cabezas y totalmente modernas, listas para aceptar cantidades considerables de bordados, y entregar los mismos al tiempo concreto y pautado.<\/p>\n<hr>\n<p>\u00bfDesea usted adquirir entonces nuestras <strong>camisas bordadas<\/strong>? \u00bfDesea tener calidad? \u00bfA tiempo? Pues <a href=\"http:\/\/cstradha.xyz\/do\/contactenos\/\" target=\"_blank\" rel=\"noopener noreferrer\"><strong>cont\u00e1ctenos aqu\u00ed<\/strong><\/a> para que comencemos a trabajar, o a los n\u00fameros 809-544-1896 (local) y 829-376-1352 (whatsapp).<\/p>\n<hr>\n","protected":false},"excerpt":{"rendered":"<p>Camisas bordadas Cuando usted va a levantar alg\u00fan proyecto, le gusta primero identificar de qu\u00e9 se trata el mismo, ya sea un negocio, un proyecto personal, un proyecto comunitario y pol\u00edtico, etc. Como resultado, para satisfacer su pedimento, disponemos de<\/p>\n","protected":false},"author":1,"featured_media":0,"parent":0,"menu_order":0,"comment_status":"closed","ping_status":"closed","template":"","meta":{"_joinchat":[],"footnotes":""},"class_list":["post-1135","page","type-page","status-publish","hentry"],"yoast_head":"<!-- This site is optimized with the Yoast SEO plugin v26.7 - https:\/\/yoast.com\/wordpress\/plugins\/seo\/ -->\n<title>Camisas bordadas - Confecciones cstradha, Santo Domingo, RD<\/title>\n<meta name=\"description\" content=\"Hacemos bordados, y tenemos en existencia camisas bordadas. Si gustas ponerte en contacto con nosotros, ll\u00e1manos al WhatsApp: (829) 694-3467.\" \/>\n<meta name=\"robots\" content=\"index, follow, max-snippet:-1, max-image-preview:large, max-video-preview:-1\" \/>\n<link rel=\"canonical\" href=\"https:\/\/cstradha.xyz\/do\/camisas-bordadas\/\" \/>\n<meta property=\"og:locale\" content=\"es_ES\" \/>\n<meta property=\"og:type\" content=\"article\" \/>\n<meta property=\"og:title\" content=\"Camisas bordadas - Confecciones cstradha, Santo Domingo, RD\" \/>\n<meta property=\"og:description\" content=\"Hacemos bordados, y tenemos en existencia camisas bordadas. Si gustas ponerte en contacto con nosotros, ll\u00e1manos al WhatsApp: (829) 694-3467.\" \/>\n<meta property=\"og:url\" content=\"https:\/\/cstradha.xyz\/do\/camisas-bordadas\/\" \/>\n<meta property=\"og:site_name\" content=\"Confecciones cstradha, Santo Domingo, RD\" \/>\n<meta property=\"article:publisher\" content=\"http:\/\/facebook.com\/cstradha\" \/>\n<meta property=\"article:modified_time\" content=\"2025-01-10T20:14:09+00:00\" \/>\n<meta property=\"og:image\" content=\"http:\/\/cstradha.xyz\/do\/wp-content\/uploads\/sites\/2\/2017\/12\/camisas-bordadas.jpg\" \/>\n<meta name=\"twitter:card\" content=\"summary_large_image\" \/>\n<meta name=\"twitter:label1\" content=\"Tiempo de lectura\" \/>\n\t<meta name=\"twitter:data1\" content=\"2 minutos\" \/>\n<script type=\"application\/ld+json\" class=\"yoast-schema-graph\">{\"@context\":\"https:\/\/schema.org\",\"@graph\":[{\"@type\":\"WebPage\",\"@id\":\"https:\/\/cstradha.xyz\/do\/camisas-bordadas\/\",\"url\":\"https:\/\/cstradha.xyz\/do\/camisas-bordadas\/\",\"name\":\"Camisas bordadas - Confecciones cstradha, Santo Domingo, RD\",\"isPartOf\":{\"@id\":\"https:\/\/cstradha.xyz\/do\/#website\"},\"primaryImageOfPage\":{\"@id\":\"https:\/\/cstradha.xyz\/do\/camisas-bordadas\/#primaryimage\"},\"image\":{\"@id\":\"https:\/\/cstradha.xyz\/do\/camisas-bordadas\/#primaryimage\"},\"thumbnailUrl\":\"http:\/\/cstradha.xyz\/do\/wp-content\/uploads\/sites\/2\/2017\/12\/camisas-bordadas.jpg\",\"datePublished\":\"2017-12-27T00:36:23+00:00\",\"dateModified\":\"2025-01-10T20:14:09+00:00\",\"description\":\"Hacemos bordados, y tenemos en existencia camisas bordadas. Si gustas ponerte en contacto con nosotros, ll\u00e1manos al WhatsApp: (829) 694-3467.\",\"breadcrumb\":{\"@id\":\"https:\/\/cstradha.xyz\/do\/camisas-bordadas\/#breadcrumb\"},\"inLanguage\":\"es\",\"potentialAction\":[{\"@type\":\"ReadAction\",\"target\":[\"https:\/\/cstradha.xyz\/do\/camisas-bordadas\/\"]}]},{\"@type\":\"ImageObject\",\"inLanguage\":\"es\",\"@id\":\"https:\/\/cstradha.xyz\/do\/camisas-bordadas\/#primaryimage\",\"url\":\"https:\/\/cstradha.xyz\/do\/wp-content\/uploads\/sites\/2\/2017\/12\/camisas-bordadas.jpg\",\"contentUrl\":\"https:\/\/cstradha.xyz\/do\/wp-content\/uploads\/sites\/2\/2017\/12\/camisas-bordadas.jpg\",\"width\":1280,\"height\":331,\"caption\":\"camisas bordadas\"},{\"@type\":\"BreadcrumbList\",\"@id\":\"https:\/\/cstradha.xyz\/do\/camisas-bordadas\/#breadcrumb\",\"itemListElement\":[{\"@type\":\"ListItem\",\"position\":1,\"name\":\"Santo Domingo (RD)\",\"item\":\"https:\/\/cstradha.xyz\/do\/\"},{\"@type\":\"ListItem\",\"position\":2,\"name\":\"Camisas bordadas\"}]},{\"@type\":\"WebSite\",\"@id\":\"https:\/\/cstradha.xyz\/do\/#website\",\"url\":\"https:\/\/cstradha.xyz\/do\/\",\"name\":\"Confecciones cstradha, Santo Domingo, RD\",\"description\":\"Confeccion de todo tipo de indumentarias.\",\"publisher\":{\"@id\":\"https:\/\/cstradha.xyz\/do\/#organization\"},\"potentialAction\":[{\"@type\":\"SearchAction\",\"target\":{\"@type\":\"EntryPoint\",\"urlTemplate\":\"https:\/\/cstradha.xyz\/do\/?s={search_term_string}\"},\"query-input\":{\"@type\":\"PropertyValueSpecification\",\"valueRequired\":true,\"valueName\":\"search_term_string\"}}],\"inLanguage\":\"es\"},{\"@type\":\"Organization\",\"@id\":\"https:\/\/cstradha.xyz\/do\/#organization\",\"name\":\"cstradha\",\"url\":\"https:\/\/cstradha.xyz\/do\/\",\"logo\":{\"@type\":\"ImageObject\",\"inLanguage\":\"es\",\"@id\":\"https:\/\/cstradha.xyz\/do\/#\/schema\/logo\/image\/\",\"url\":\"https:\/\/cstradha.xyz\/do\/wp-content\/uploads\/sites\/2\/2024\/10\/weblogo-actualizado-2024-1.png\",\"contentUrl\":\"https:\/\/cstradha.xyz\/do\/wp-content\/uploads\/sites\/2\/2024\/10\/weblogo-actualizado-2024-1.png\",\"width\":627,\"height\":142,\"caption\":\"cstradha\"},\"image\":{\"@id\":\"https:\/\/cstradha.xyz\/do\/#\/schema\/logo\/image\/\"},\"sameAs\":[\"http:\/\/facebook.com\/cstradha\",\"http:\/\/instagram.com\/cstradha\",\"http:\/\/pinterest.com\/cstradha\",\"https:\/\/www.youtube.com\/channel\/UCrwbM4STuW2H7UhStKqveSg\"]}]}<\/script>\n<!-- \/ Yoast SEO plugin. -->","yoast_head_json":{"title":"Camisas bordadas - Confecciones cstradha, Santo Domingo, RD","description":"Hacemos bordados, y tenemos en existencia camisas bordadas. Si gustas ponerte en contacto con nosotros, ll\u00e1manos al WhatsApp: (829) 694-3467.","robots":{"index":"index","follow":"follow","max-snippet":"max-snippet:-1","max-image-preview":"max-image-preview:large","max-video-preview":"max-video-preview:-1"},"canonical":"https:\/\/cstradha.xyz\/do\/camisas-bordadas\/","og_locale":"es_ES","og_type":"article","og_title":"Camisas bordadas - Confecciones cstradha, Santo Domingo, RD","og_description":"Hacemos bordados, y tenemos en existencia camisas bordadas. Si gustas ponerte en contacto con nosotros, ll\u00e1manos al WhatsApp: (829) 694-3467.","og_url":"https:\/\/cstradha.xyz\/do\/camisas-bordadas\/","og_site_name":"Confecciones cstradha, Santo Domingo, RD","article_publisher":"http:\/\/facebook.com\/cstradha","article_modified_time":"2025-01-10T20:14:09+00:00","og_image":[{"url":"http:\/\/cstradha.xyz\/do\/wp-content\/uploads\/sites\/2\/2017\/12\/camisas-bordadas.jpg","type":"","width":"","height":""}],"twitter_card":"summary_large_image","twitter_misc":{"Tiempo de lectura":"2 minutos"},"schema":{"@context":"https:\/\/schema.org","@graph":[{"@type":"WebPage","@id":"https:\/\/cstradha.xyz\/do\/camisas-bordadas\/","url":"https:\/\/cstradha.xyz\/do\/camisas-bordadas\/","name":"Camisas bordadas - Confecciones cstradha, Santo Domingo, RD","isPartOf":{"@id":"https:\/\/cstradha.xyz\/do\/#website"},"primaryImageOfPage":{"@id":"https:\/\/cstradha.xyz\/do\/camisas-bordadas\/#primaryimage"},"image":{"@id":"https:\/\/cstradha.xyz\/do\/camisas-bordadas\/#primaryimage"},"thumbnailUrl":"http:\/\/cstradha.xyz\/do\/wp-content\/uploads\/sites\/2\/2017\/12\/camisas-bordadas.jpg","datePublished":"2017-12-27T00:36:23+00:00","dateModified":"2025-01-10T20:14:09+00:00","description":"Hacemos bordados, y tenemos en existencia camisas bordadas. Si gustas ponerte en contacto con nosotros, ll\u00e1manos al WhatsApp: (829) 694-3467.","breadcrumb":{"@id":"https:\/\/cstradha.xyz\/do\/camisas-bordadas\/#breadcrumb"},"inLanguage":"es","potentialAction":[{"@type":"ReadAction","target":["https:\/\/cstradha.xyz\/do\/camisas-bordadas\/"]}]},{"@type":"ImageObject","inLanguage":"es","@id":"https:\/\/cstradha.xyz\/do\/camisas-bordadas\/#primaryimage","url":"https:\/\/cstradha.xyz\/do\/wp-content\/uploads\/sites\/2\/2017\/12\/camisas-bordadas.jpg","contentUrl":"https:\/\/cstradha.xyz\/do\/wp-content\/uploads\/sites\/2\/2017\/12\/camisas-bordadas.jpg","width":1280,"height":331,"caption":"camisas bordadas"},{"@type":"BreadcrumbList","@id":"https:\/\/cstradha.xyz\/do\/camisas-bordadas\/#breadcrumb","itemListElement":[{"@type":"ListItem","position":1,"name":"Santo Domingo (RD)","item":"https:\/\/cstradha.xyz\/do\/"},{"@type":"ListItem","position":2,"name":"Camisas bordadas"}]},{"@type":"WebSite","@id":"https:\/\/cstradha.xyz\/do\/#website","url":"https:\/\/cstradha.xyz\/do\/","name":"Confecciones cstradha, Santo Domingo, RD","description":"Confeccion de todo tipo de indumentarias.","publisher":{"@id":"https:\/\/cstradha.xyz\/do\/#organization"},"potentialAction":[{"@type":"SearchAction","target":{"@type":"EntryPoint","urlTemplate":"https:\/\/cstradha.xyz\/do\/?s={search_term_string}"},"query-input":{"@type":"PropertyValueSpecification","valueRequired":true,"valueName":"search_term_string"}}],"inLanguage":"es"},{"@type":"Organization","@id":"https:\/\/cstradha.xyz\/do\/#organization","name":"cstradha","url":"https:\/\/cstradha.xyz\/do\/","logo":{"@type":"ImageObject","inLanguage":"es","@id":"https:\/\/cstradha.xyz\/do\/#\/schema\/logo\/image\/","url":"https:\/\/cstradha.xyz\/do\/wp-content\/uploads\/sites\/2\/2024\/10\/weblogo-actualizado-2024-1.png","contentUrl":"https:\/\/cstradha.xyz\/do\/wp-content\/uploads\/sites\/2\/2024\/10\/weblogo-actualizado-2024-1.png","width":627,"height":142,"caption":"cstradha"},"image":{"@id":"https:\/\/cstradha.xyz\/do\/#\/schema\/logo\/image\/"},"sameAs":["http:\/\/facebook.com\/cstradha","http:\/\/instagram.com\/cstradha","http:\/\/pinterest.com\/cstradha","https:\/\/www.youtube.com\/channel\/UCrwbM4STuW2H7UhStKqveSg"]}]}},"_links":{"self":[{"href":"https:\/\/cstradha.xyz\/do\/wp-json\/wp\/v2\/pages\/1135","targetHints":{"allow":["GET"]}}],"collection":[{"href":"https:\/\/cstradha.xyz\/do\/wp-json\/wp\/v2\/pages"}],"about":[{"href":"https:\/\/cstradha.xyz\/do\/wp-json\/wp\/v2\/types\/page"}],"author":[{"embeddable":true,"href":"https:\/\/cstradha.xyz\/do\/wp-json\/wp\/v2\/users\/1"}],"replies":[{"embeddable":true,"href":"https:\/\/cstradha.xyz\/do\/wp-json\/wp\/v2\/comments?post=1135"}],"version-history":[{"count":16,"href":"https:\/\/cstradha.xyz\/do\/wp-json\/wp\/v2\/pages\/1135\/revisions"}],"predecessor-version":[{"id":4618,"href":"https:\/\/cstradha.xyz\/do\/wp-json\/wp\/v2\/pages\/1135\/revisions\/4618"}],"wp:attachment":[{"href":"https:\/\/cstradha.xyz\/do\/wp-json\/wp\/v2\/media?parent=1135"}],"curies":[{"name":"wp","href":"https:\/\/api.w.org\/{rel}","templated":true}]}}