{"id":1022,"date":"2017-12-24T16:06:45","date_gmt":"2017-12-24T16:06:45","guid":{"rendered":"http:\/\/cstradha.xyz\/do\/?page_id=1022"},"modified":"2018-06-04T01:51:33","modified_gmt":"2018-06-04T01:51:33","slug":"entrega-tiempo","status":"publish","type":"page","link":"https:\/\/cstradha.xyz\/do\/entrega-tiempo\/","title":{"rendered":"Responsables al entregar"},"content":{"rendered":"<p>Cansado de que le queden mal a la hora de que le provean alg\u00fan servicios? Disgustos? No se preocupe, dir\u00edjase a nuestro negocio, y le brindaremos un producto de calidad y al tiempo esperado, no espere m\u00e1s.<\/p>\n","protected":false},"excerpt":{"rendered":"<p>Cansado de que le queden mal a la hora de que le provean alg\u00fan servicios? Disgustos? No se preocupe, dir\u00edjase a nuestro negocio, y le brindaremos un producto de calidad y al tiempo esperado, no espere m\u00e1s.<\/p>\n","protected":false},"author":1,"featured_media":1757,"parent":0,"menu_order":0,"comment_status":"closed","ping_status":"closed","template":"","meta":{"_joinchat":[],"footnotes":""},"class_list":["post-1022","page","type-page","status-publish","has-post-thumbnail","hentry"],"yoast_head":"<!-- This site is optimized with the Yoast SEO plugin v26.7 - https:\/\/yoast.com\/wordpress\/plugins\/seo\/ -->\n<title>Responsables al entregar - Confecciones cstradha, Santo Domingo, RD<\/title>\n<meta name=\"robots\" content=\"noindex, follow\" \/>\n<meta property=\"og:locale\" content=\"es_ES\" \/>\n<meta property=\"og:type\" content=\"article\" \/>\n<meta property=\"og:title\" content=\"Responsables al entregar - Confecciones cstradha, Santo Domingo, RD\" \/>\n<meta property=\"og:description\" content=\"Cansado de que le queden mal a la hora de que le provean alg\u00fan servicios? Disgustos? No se preocupe, dir\u00edjase a nuestro negocio, y le brindaremos un producto de calidad y al tiempo esperado, no espere m\u00e1s.\" \/>\n<meta property=\"og:url\" content=\"https:\/\/cstradha.xyz\/do\/entrega-tiempo\/\" \/>\n<meta property=\"og:site_name\" content=\"Confecciones cstradha, Santo Domingo, RD\" \/>\n<meta property=\"article:publisher\" content=\"http:\/\/facebook.com\/cstradha\" \/>\n<meta property=\"article:modified_time\" content=\"2018-06-04T01:51:33+00:00\" \/>\n<meta property=\"og:image\" content=\"https:\/\/cstradha.xyz\/do\/wp-content\/uploads\/sites\/2\/2018\/06\/vestido.jpg\" \/>\n\t<meta property=\"og:image:width\" content=\"853\" \/>\n\t<meta property=\"og:image:height\" content=\"853\" \/>\n\t<meta property=\"og:image:type\" content=\"image\/jpeg\" \/>\n<meta name=\"twitter:card\" content=\"summary_large_image\" \/>\n<script type=\"application\/ld+json\" class=\"yoast-schema-graph\">{\"@context\":\"https:\/\/schema.org\",\"@graph\":[{\"@type\":\"WebPage\",\"@id\":\"https:\/\/cstradha.xyz\/do\/entrega-tiempo\/\",\"url\":\"https:\/\/cstradha.xyz\/do\/entrega-tiempo\/\",\"name\":\"Responsables al entregar - Confecciones cstradha, Santo Domingo, RD\",\"isPartOf\":{\"@id\":\"https:\/\/cstradha.xyz\/do\/#website\"},\"primaryImageOfPage\":{\"@id\":\"https:\/\/cstradha.xyz\/do\/entrega-tiempo\/#primaryimage\"},\"image\":{\"@id\":\"https:\/\/cstradha.xyz\/do\/entrega-tiempo\/#primaryimage\"},\"thumbnailUrl\":\"https:\/\/cstradha.xyz\/do\/wp-content\/uploads\/sites\/2\/2018\/06\/vestido.jpg\",\"datePublished\":\"2017-12-24T16:06:45+00:00\",\"dateModified\":\"2018-06-04T01:51:33+00:00\",\"breadcrumb\":{\"@id\":\"https:\/\/cstradha.xyz\/do\/entrega-tiempo\/#breadcrumb\"},\"inLanguage\":\"es\",\"potentialAction\":[{\"@type\":\"ReadAction\",\"target\":[\"https:\/\/cstradha.xyz\/do\/entrega-tiempo\/\"]}]},{\"@type\":\"ImageObject\",\"inLanguage\":\"es\",\"@id\":\"https:\/\/cstradha.xyz\/do\/entrega-tiempo\/#primaryimage\",\"url\":\"https:\/\/cstradha.xyz\/do\/wp-content\/uploads\/sites\/2\/2018\/06\/vestido.jpg\",\"contentUrl\":\"https:\/\/cstradha.xyz\/do\/wp-content\/uploads\/sites\/2\/2018\/06\/vestido.jpg\",\"width\":853,\"height\":853},{\"@type\":\"BreadcrumbList\",\"@id\":\"https:\/\/cstradha.xyz\/do\/entrega-tiempo\/#breadcrumb\",\"itemListElement\":[{\"@type\":\"ListItem\",\"position\":1,\"name\":\"Santo Domingo (RD)\",\"item\":\"https:\/\/cstradha.xyz\/do\/\"},{\"@type\":\"ListItem\",\"position\":2,\"name\":\"Responsables al entregar\"}]},{\"@type\":\"WebSite\",\"@id\":\"https:\/\/cstradha.xyz\/do\/#website\",\"url\":\"https:\/\/cstradha.xyz\/do\/\",\"name\":\"Confecciones cstradha, Santo Domingo, RD\",\"description\":\"Confeccion de todo tipo de indumentarias.\",\"publisher\":{\"@id\":\"https:\/\/cstradha.xyz\/do\/#organization\"},\"potentialAction\":[{\"@type\":\"SearchAction\",\"target\":{\"@type\":\"EntryPoint\",\"urlTemplate\":\"https:\/\/cstradha.xyz\/do\/?s={search_term_string}\"},\"query-input\":{\"@type\":\"PropertyValueSpecification\",\"valueRequired\":true,\"valueName\":\"search_term_string\"}}],\"inLanguage\":\"es\"},{\"@type\":\"Organization\",\"@id\":\"https:\/\/cstradha.xyz\/do\/#organization\",\"name\":\"cstradha\",\"url\":\"https:\/\/cstradha.xyz\/do\/\",\"logo\":{\"@type\":\"ImageObject\",\"inLanguage\":\"es\",\"@id\":\"https:\/\/cstradha.xyz\/do\/#\/schema\/logo\/image\/\",\"url\":\"https:\/\/cstradha.xyz\/do\/wp-content\/uploads\/sites\/2\/2024\/10\/weblogo-actualizado-2024-1.png\",\"contentUrl\":\"https:\/\/cstradha.xyz\/do\/wp-content\/uploads\/sites\/2\/2024\/10\/weblogo-actualizado-2024-1.png\",\"width\":627,\"height\":142,\"caption\":\"cstradha\"},\"image\":{\"@id\":\"https:\/\/cstradha.xyz\/do\/#\/schema\/logo\/image\/\"},\"sameAs\":[\"http:\/\/facebook.com\/cstradha\",\"http:\/\/instagram.com\/cstradha\",\"http:\/\/pinterest.com\/cstradha\",\"https:\/\/www.youtube.com\/channel\/UCrwbM4STuW2H7UhStKqveSg\"]}]}<\/script>\n<!-- \/ Yoast SEO plugin. -->","yoast_head_json":{"title":"Responsables al entregar - Confecciones cstradha, Santo Domingo, RD","robots":{"index":"noindex","follow":"follow"},"og_locale":"es_ES","og_type":"article","og_title":"Responsables al entregar - Confecciones cstradha, Santo Domingo, RD","og_description":"Cansado de que le queden mal a la hora de que le provean alg\u00fan servicios? Disgustos? No se preocupe, dir\u00edjase a nuestro negocio, y le brindaremos un producto de calidad y al tiempo esperado, no espere m\u00e1s.","og_url":"https:\/\/cstradha.xyz\/do\/entrega-tiempo\/","og_site_name":"Confecciones cstradha, Santo Domingo, RD","article_publisher":"http:\/\/facebook.com\/cstradha","article_modified_time":"2018-06-04T01:51:33+00:00","og_image":[{"width":853,"height":853,"url":"https:\/\/cstradha.xyz\/do\/wp-content\/uploads\/sites\/2\/2018\/06\/vestido.jpg","type":"image\/jpeg"}],"twitter_card":"summary_large_image","schema":{"@context":"https:\/\/schema.org","@graph":[{"@type":"WebPage","@id":"https:\/\/cstradha.xyz\/do\/entrega-tiempo\/","url":"https:\/\/cstradha.xyz\/do\/entrega-tiempo\/","name":"Responsables al entregar - Confecciones cstradha, Santo Domingo, RD","isPartOf":{"@id":"https:\/\/cstradha.xyz\/do\/#website"},"primaryImageOfPage":{"@id":"https:\/\/cstradha.xyz\/do\/entrega-tiempo\/#primaryimage"},"image":{"@id":"https:\/\/cstradha.xyz\/do\/entrega-tiempo\/#primaryimage"},"thumbnailUrl":"https:\/\/cstradha.xyz\/do\/wp-content\/uploads\/sites\/2\/2018\/06\/vestido.jpg","datePublished":"2017-12-24T16:06:45+00:00","dateModified":"2018-06-04T01:51:33+00:00","breadcrumb":{"@id":"https:\/\/cstradha.xyz\/do\/entrega-tiempo\/#breadcrumb"},"inLanguage":"es","potentialAction":[{"@type":"ReadAction","target":["https:\/\/cstradha.xyz\/do\/entrega-tiempo\/"]}]},{"@type":"ImageObject","inLanguage":"es","@id":"https:\/\/cstradha.xyz\/do\/entrega-tiempo\/#primaryimage","url":"https:\/\/cstradha.xyz\/do\/wp-content\/uploads\/sites\/2\/2018\/06\/vestido.jpg","contentUrl":"https:\/\/cstradha.xyz\/do\/wp-content\/uploads\/sites\/2\/2018\/06\/vestido.jpg","width":853,"height":853},{"@type":"BreadcrumbList","@id":"https:\/\/cstradha.xyz\/do\/entrega-tiempo\/#breadcrumb","itemListElement":[{"@type":"ListItem","position":1,"name":"Santo Domingo (RD)","item":"https:\/\/cstradha.xyz\/do\/"},{"@type":"ListItem","position":2,"name":"Responsables al entregar"}]},{"@type":"WebSite","@id":"https:\/\/cstradha.xyz\/do\/#website","url":"https:\/\/cstradha.xyz\/do\/","name":"Confecciones cstradha, Santo Domingo, RD","description":"Confeccion de todo tipo de indumentarias.","publisher":{"@id":"https:\/\/cstradha.xyz\/do\/#organization"},"potentialAction":[{"@type":"SearchAction","target":{"@type":"EntryPoint","urlTemplate":"https:\/\/cstradha.xyz\/do\/?s={search_term_string}"},"query-input":{"@type":"PropertyValueSpecification","valueRequired":true,"valueName":"search_term_string"}}],"inLanguage":"es"},{"@type":"Organization","@id":"https:\/\/cstradha.xyz\/do\/#organization","name":"cstradha","url":"https:\/\/cstradha.xyz\/do\/","logo":{"@type":"ImageObject","inLanguage":"es","@id":"https:\/\/cstradha.xyz\/do\/#\/schema\/logo\/image\/","url":"https:\/\/cstradha.xyz\/do\/wp-content\/uploads\/sites\/2\/2024\/10\/weblogo-actualizado-2024-1.png","contentUrl":"https:\/\/cstradha.xyz\/do\/wp-content\/uploads\/sites\/2\/2024\/10\/weblogo-actualizado-2024-1.png","width":627,"height":142,"caption":"cstradha"},"image":{"@id":"https:\/\/cstradha.xyz\/do\/#\/schema\/logo\/image\/"},"sameAs":["http:\/\/facebook.com\/cstradha","http:\/\/instagram.com\/cstradha","http:\/\/pinterest.com\/cstradha","https:\/\/www.youtube.com\/channel\/UCrwbM4STuW2H7UhStKqveSg"]}]}},"_links":{"self":[{"href":"https:\/\/cstradha.xyz\/do\/wp-json\/wp\/v2\/pages\/1022","targetHints":{"allow":["GET"]}}],"collection":[{"href":"https:\/\/cstradha.xyz\/do\/wp-json\/wp\/v2\/pages"}],"about":[{"href":"https:\/\/cstradha.xyz\/do\/wp-json\/wp\/v2\/types\/page"}],"author":[{"embeddable":true,"href":"https:\/\/cstradha.xyz\/do\/wp-json\/wp\/v2\/users\/1"}],"replies":[{"embeddable":true,"href":"https:\/\/cstradha.xyz\/do\/wp-json\/wp\/v2\/comments?post=1022"}],"version-history":[{"count":5,"href":"https:\/\/cstradha.xyz\/do\/wp-json\/wp\/v2\/pages\/1022\/revisions"}],"predecessor-version":[{"id":1789,"href":"https:\/\/cstradha.xyz\/do\/wp-json\/wp\/v2\/pages\/1022\/revisions\/1789"}],"wp:featuredmedia":[{"embeddable":true,"href":"https:\/\/cstradha.xyz\/do\/wp-json\/wp\/v2\/media\/1757"}],"wp:attachment":[{"href":"https:\/\/cstradha.xyz\/do\/wp-json\/wp\/v2\/media?parent=1022"}],"curies":[{"name":"wp","href":"https:\/\/api.w.org\/{rel}","templated":true}]}}